{"id":930,"date":"2023-01-15T04:21:00","date_gmt":"2023-01-15T04:21:00","guid":{"rendered":"https:\/\/cmykprinted.com\/?post_type=product&#038;p=930"},"modified":"2023-01-15T05:50:05","modified_gmt":"2023-01-15T05:50:05","slug":"cheapest-personalized-custom-printed-handheld-stick-flag","status":"publish","type":"product","link":"https:\/\/cmykprinted.com\/da\/vare\/cheapest-personalized-custom-printed-handheld-stick-flag\/","title":{"rendered":"Billigste Personalized Custom Printed H\u00e5ndholdt Stick Flag"},"content":{"rendered":"","protected":false},"excerpt":{"rendered":"<p>H\u00e5ndholdt stickflag er en omkostningseffektiv og visuelt tiltalende m\u00e5de at fremvise dine begivenheder eller kampagner p\u00e5. Ved at tilpasse dem ligesom vores almindelige brugerdefinerede flag, men med en mindre st\u00f8rrelse, der er nem at holde, er de den perfekte tilf\u00f8jelse til enhver messe, sportskamp, parade, konference eller begivenhed. Disse flag er lavet af slidst\u00e6rkt polyesterstof og er trykt med dye sublimation, som sikrer, at farverne er lyse og st\u00e6rke. Flagene afsluttes med en plast- eller tr\u00e6dyvel, og hvert flag er fastgjort til stokken via en flagmuffe, som sikrer, at flaget bliver sikkert p\u00e5 plads. Uanset om du promoverer en virksomhed, en sag eller en s\u00e6rlig begivenhed, er disse flag en fantastisk m\u00e5de at f\u00e5 dit budskab ud p\u00e5.<\/p>","protected":false},"featured_media":931,"template":"","meta":{"_kad_post_transparent":"default","_kad_post_title":"hide","_kad_post_layout":"fullwidth","_kad_post_sidebar_id":"","_kad_post_content_style":"unboxed","_kad_post_vertical_padding":"hide","_kad_post_feature":"hide","_kad_post_feature_position":"","_kad_post_header":false,"_kad_post_footer":false},"product_cat":[79],"product_tag":[263,262,154,261],"class_list":{"0":"post-930","1":"product","2":"type-product","3":"status-publish","4":"has-post-thumbnail","6":"product_cat-custom-flags","7":"product_tag-cheapest-stick-flag","8":"product_tag-custom-stick-flag","9":"product_tag-handheld-stick-flag","10":"product_tag-personalized-stick-flag","12":"first","13":"instock","14":"shipping-taxable","15":"product-type-simple","16":"entry","17":"content-bg","18":"loop-entry"},"_links":{"self":[{"href":"https:\/\/cmykprinted.com\/da\/wp-json\/wp\/v2\/product\/930","targetHints":{"allow":["GET"]}}],"collection":[{"href":"https:\/\/cmykprinted.com\/da\/wp-json\/wp\/v2\/product"}],"about":[{"href":"https:\/\/cmykprinted.com\/da\/wp-json\/wp\/v2\/types\/product"}],"version-history":[{"count":2,"href":"https:\/\/cmykprinted.com\/da\/wp-json\/wp\/v2\/product\/930\/revisions"}],"predecessor-version":[{"id":937,"href":"https:\/\/cmykprinted.com\/da\/wp-json\/wp\/v2\/product\/930\/revisions\/937"}],"wp:featuredmedia":[{"embeddable":true,"href":"https:\/\/cmykprinted.com\/da\/wp-json\/wp\/v2\/media\/931"}],"wp:attachment":[{"href":"https:\/\/cmykprinted.com\/da\/wp-json\/wp\/v2\/media?parent=930"}],"wp:term":[{"taxonomy":"product_cat","embeddable":true,"href":"https:\/\/cmykprinted.com\/da\/wp-json\/wp\/v2\/product_cat?post=930"},{"taxonomy":"product_tag","embeddable":true,"href":"https:\/\/cmykprinted.com\/da\/wp-json\/wp\/v2\/product_tag?post=930"}],"curies":[{"name":"wp","href":"https:\/\/api.w.org\/{rel}","templated":true}]}}