{"id":938,"date":"2023-01-15T14:03:34","date_gmt":"2023-01-15T14:03:34","guid":{"rendered":"https:\/\/cmykprinted.com\/?post_type=product&#038;p=938"},"modified":"2023-01-15T14:14:31","modified_gmt":"2023-01-15T14:14:31","slug":"trade-show-fitted-custom-stretch-table-cover-tablecloth","status":"publish","type":"product","link":"https:\/\/cmykprinted.com\/da\/vare\/trade-show-fitted-custom-stretch-table-cover-tablecloth\/","title":{"rendered":"Messemonteret brugerdefineret str\u00e6kbart borddug"},"content":{"rendered":"","protected":false},"excerpt":{"rendered":"<p>At afholde et firmaarrangement kan v\u00e6re udfordrende, da du gerne vil g\u00f8re et godt indtryk p\u00e5 b\u00e5de nye og eksisterende kunder. Vores str\u00e6kbordsd\u00e6ksler er en fremragende l\u00f8sning til at dekorere din stand og promovere din virksomhed. Vores udvalg af stilfulde spandex-betr\u00e6k er budgetvenlige og kan bruges til at forbedre udseendet af dine borde. Lavet af slidst\u00e6rkt 180GSM stretchstof, vores covers er rivefaste og kan genbruges til flere begivenheder. Med vores fuldfarve 1440-DPI udskrivningsteknologi er grafikken p\u00e5 omslagene levende og skarp, hvilket helt sikkert vil fange deltagernes opm\u00e6rksomhed. Vores covers f\u00e5s i to stilarter: med lynl\u00e5s og 3-sidet, som begge er nemme at installere og forbliver sikkert p\u00e5 plads. Spandex stretch-duge er alsidige og budgetvenlige, hvilket g\u00f8r dem perfekte til enhver form for begivenhed, s\u00e5som feriefester, messer og mere.<\/p>","protected":false},"featured_media":939,"template":"","meta":{"_kad_post_transparent":"default","_kad_post_title":"hide","_kad_post_layout":"fullwidth","_kad_post_sidebar_id":"","_kad_post_content_style":"unboxed","_kad_post_vertical_padding":"hide","_kad_post_feature":"hide","_kad_post_feature_position":"","_kad_post_header":false,"_kad_post_footer":false},"product_cat":[80,81],"product_tag":[117,265,264,266],"class_list":{"0":"post-938","1":"product","2":"type-product","3":"status-publish","4":"has-post-thumbnail","6":"product_cat-custom-tablecloth","7":"product_cat-custom-stretch-tablecloth","8":"product_tag-custom-stretch-tablecloth","9":"product_tag-fitted-tablecloth","10":"product_tag-stretch-table-cover","11":"product_tag-trade-show-table-cover","13":"first","14":"instock","15":"shipping-taxable","16":"product-type-simple","17":"entry","18":"content-bg","19":"loop-entry"},"_links":{"self":[{"href":"https:\/\/cmykprinted.com\/da\/wp-json\/wp\/v2\/product\/938","targetHints":{"allow":["GET"]}}],"collection":[{"href":"https:\/\/cmykprinted.com\/da\/wp-json\/wp\/v2\/product"}],"about":[{"href":"https:\/\/cmykprinted.com\/da\/wp-json\/wp\/v2\/types\/product"}],"version-history":[{"count":3,"href":"https:\/\/cmykprinted.com\/da\/wp-json\/wp\/v2\/product\/938\/revisions"}],"predecessor-version":[{"id":947,"href":"https:\/\/cmykprinted.com\/da\/wp-json\/wp\/v2\/product\/938\/revisions\/947"}],"wp:featuredmedia":[{"embeddable":true,"href":"https:\/\/cmykprinted.com\/da\/wp-json\/wp\/v2\/media\/939"}],"wp:attachment":[{"href":"https:\/\/cmykprinted.com\/da\/wp-json\/wp\/v2\/media?parent=938"}],"wp:term":[{"taxonomy":"product_cat","embeddable":true,"href":"https:\/\/cmykprinted.com\/da\/wp-json\/wp\/v2\/product_cat?post=938"},{"taxonomy":"product_tag","embeddable":true,"href":"https:\/\/cmykprinted.com\/da\/wp-json\/wp\/v2\/product_tag?post=938"}],"curies":[{"name":"wp","href":"https:\/\/api.w.org\/{rel}","templated":true}]}}