{"id":965,"date":"2023-02-08T04:50:30","date_gmt":"2023-02-08T04:50:30","guid":{"rendered":"https:\/\/cmykprinted.com\/?post_type=product&#038;p=965"},"modified":"2023-02-08T05:02:02","modified_gmt":"2023-02-08T05:02:02","slug":"straight-tension-fabric-backdrop-media-wall-for-events","status":"publish","type":"product","link":"https:\/\/cmykprinted.com\/da\/vare\/straight-tension-fabric-backdrop-media-wall-for-events\/","title":{"rendered":"Lige sp\u00e6ndingsstof baggrundsmediev\u00e6g til begivenheder"},"content":{"rendered":"","protected":false},"excerpt":{"rendered":"<p>Vores bedst s\u00e6lgende lige sp\u00e6ndingsstof-bagt\u00e6ppe er alsidig og ideel til forskellige applikationer s\u00e5som studiebaggrund, scenebaggrund, fotoboks, pressekonference, prisuddeling og r\u00f8d l\u00f8ber. Med muligheden for at have to designs f\u00e5r du maksimal v\u00e6rdi og nem transport. Lavet af slidst\u00e6rkt, fleksibelt 100%-polyester, der kan maskinvaskes, sikrer vores brugerdefinerede stoftrykproces, at designet forbliver levende selv efter flere vaske og i al slags vejr. Vores print bruger \u00f8ko-opl\u00f8sningsmidler, helt naturlige biologisk nedbrydelige opl\u00f8sningsmidler for en sikrere og mindre h\u00e5rd proces. Den lette, men robuste aluminiumsramme underst\u00f8tter stoffet og leveres med snapl\u00e5sr\u00f8r for nem ops\u00e6tning uden brug af v\u00e6rkt\u00f8j. Stativet kan justeres til din \u00f8nskede st\u00f8rrelse og leveres med et b\u00e6rbart rullende h\u00e5rdt etui. Fragten er gratis og tager 4-5 hverdage.<\/p>\n<div style=\"width: 1290px;\" class=\"wp-video\"><!--[if lt IE 9]><script>document.createElement('video');<\/script><![endif]--><br \/>\n<video class=\"wp-video-shortcode\" id=\"video-965-1\" width=\"1290\" height=\"726\" loop autoplay preload=\"metadata\" controls=\"controls\"><source type=\"video\/mp4\" src=\"http:\/\/cmykprinted.com\/wp-content\/uploads\/2023\/02\/Straight-Tension-Fabric-Backdrop.mp4?_=1\" \/><a href=\"http:\/\/cmykprinted.com\/wp-content\/uploads\/2023\/02\/Straight-Tension-Fabric-Backdrop.mp4\">http:\/\/cmykprinted.com\/wp-content\/uploads\/2023\/02\/Straight-Tension-Fabric-Backdrop.mp4<\/a><\/video><\/div>","protected":false},"featured_media":966,"template":"","meta":{"_kad_post_transparent":"default","_kad_post_title":"hide","_kad_post_layout":"fullwidth","_kad_post_sidebar_id":"","_kad_post_content_style":"unboxed","_kad_post_vertical_padding":"hide","_kad_post_feature":"hide","_kad_post_feature_position":"","_kad_post_header":false,"_kad_post_footer":false},"product_cat":[97,100],"product_tag":[274,196,197,198],"class_list":{"0":"post-965","1":"product","2":"type-product","3":"status-publish","4":"has-post-thumbnail","6":"product_cat-tension-fabric-displays","7":"product_cat-straight-tension-fabric-backdrop","8":"product_tag-events-media-wall","9":"product_tag-straight-tension-fabric-backdrop","10":"product_tag-tension-fabric-backdrop","11":"product_tag-tension-fabric-media-wall","13":"first","14":"instock","15":"shipping-taxable","16":"product-type-simple","17":"entry","18":"content-bg","19":"loop-entry"},"_links":{"self":[{"href":"https:\/\/cmykprinted.com\/da\/wp-json\/wp\/v2\/product\/965","targetHints":{"allow":["GET"]}}],"collection":[{"href":"https:\/\/cmykprinted.com\/da\/wp-json\/wp\/v2\/product"}],"about":[{"href":"https:\/\/cmykprinted.com\/da\/wp-json\/wp\/v2\/types\/product"}],"version-history":[{"count":2,"href":"https:\/\/cmykprinted.com\/da\/wp-json\/wp\/v2\/product\/965\/revisions"}],"predecessor-version":[{"id":975,"href":"https:\/\/cmykprinted.com\/da\/wp-json\/wp\/v2\/product\/965\/revisions\/975"}],"wp:featuredmedia":[{"embeddable":true,"href":"https:\/\/cmykprinted.com\/da\/wp-json\/wp\/v2\/media\/966"}],"wp:attachment":[{"href":"https:\/\/cmykprinted.com\/da\/wp-json\/wp\/v2\/media?parent=965"}],"wp:term":[{"taxonomy":"product_cat","embeddable":true,"href":"https:\/\/cmykprinted.com\/da\/wp-json\/wp\/v2\/product_cat?post=965"},{"taxonomy":"product_tag","embeddable":true,"href":"https:\/\/cmykprinted.com\/da\/wp-json\/wp\/v2\/product_tag?post=965"}],"curies":[{"name":"wp","href":"https:\/\/api.w.org\/{rel}","templated":true}]}}