{"id":976,"date":"2023-02-11T03:41:11","date_gmt":"2023-02-11T03:41:11","guid":{"rendered":"https:\/\/cmykprinted.com\/?post_type=product&#038;p=976"},"modified":"2023-02-11T03:46:13","modified_gmt":"2023-02-11T03:46:13","slug":"double-sided-feather-flags-with-free-design-at-cheap-price","status":"publish","type":"product","link":"https:\/\/cmykprinted.com\/da\/vare\/double-sided-feather-flags-with-free-design-at-cheap-price\/","title":{"rendered":"Dobbeltsidede fjerflag med gratis design til en billig pris"},"content":{"rendered":"","protected":false},"excerpt":{"rendered":"<p>Dobbeltsidede fjerflag er en udbredt mulighed for virksomheder og organisationer, der s\u00f8ger en bekvem metode til at reklamere for deres brand eller budskab. Med enkel ops\u00e6tning og mulighed for at blive placeret p\u00e5 ethvert sted, tilbyder de en praktisk l\u00f8sning. Fjerstrandflagets mast er konstrueret af st\u00e6rke materialer, s\u00e5som aluminium og glasfiber, s\u00e5 det kan bevare sin form selv under bl\u00e6sende forhold og d\u00e5rligt vejr. Flaget er trykt p\u00e5 h\u00f8jkvalitets 115 g\/m2 polyesterstof, som giver n\u00e6sten 100% refleksion p\u00e5 bagsiden, hvilket garanterer, at flaget er let at se og l\u00e6se p\u00e5 afstand.<br \/>\nUd over deres p\u00e5lidelighed og synlighed er fjerstrandflag ogs\u00e5 nemme at transportere og fylder minimalt. De kan nemt flyttes fra et sted til et andet og kan s\u00e6ttes op p\u00e5 enhver overflade ved hj\u00e6lp af forskellige basemuligheder.<br \/>\nAfslutningsvis er fjerstrandflag en fleksibel og effektiv m\u00e5de at fremvise dit brand eller budskab p\u00e5. Med enkel montering, styrke og fremragende synlighed er de et glimrende valg for enhver virksomhed eller organisation, der \u00f8nsker at fange opm\u00e6rksomhed.<\/p>\n<div style=\"width: 1280px;\" class=\"wp-video\"><!--[if lt IE 9]><script>document.createElement('video');<\/script><![endif]--><br \/>\n<video class=\"wp-video-shortcode\" id=\"video-976-1\" width=\"1280\" height=\"720\" loop autoplay preload=\"metadata\" controls=\"controls\"><source type=\"video\/mp4\" src=\"http:\/\/cmykprinted.com\/wp-content\/uploads\/2022\/12\/Feather-beach-flags.mp4?_=1\" \/><a href=\"http:\/\/cmykprinted.com\/wp-content\/uploads\/2022\/12\/Feather-beach-flags.mp4\">http:\/\/cmykprinted.com\/wp-content\/uploads\/2022\/12\/Feather-beach-flags.mp4<\/a><\/video><\/div>","protected":false},"featured_media":977,"template":"","meta":{"_kad_post_transparent":"default","_kad_post_title":"hide","_kad_post_layout":"fullwidth","_kad_post_sidebar_id":"","_kad_post_content_style":"unboxed","_kad_post_vertical_padding":"hide","_kad_post_feature":"hide","_kad_post_feature_position":"","_kad_post_header":false,"_kad_post_footer":false},"product_cat":[64,65],"product_tag":[278,275,276,277],"class_list":{"0":"post-976","1":"product","2":"type-product","3":"status-publish","4":"has-post-thumbnail","6":"product_cat-beach-flags","7":"product_cat-feather-flags-banners","8":"product_tag-cheap-feather-flags","9":"product_tag-double-sided-feather-flags","10":"product_tag-feather-flags","11":"product_tag-free-design-feather-flags","13":"first","14":"instock","15":"shipping-taxable","16":"product-type-simple","17":"entry","18":"content-bg","19":"loop-entry"},"_links":{"self":[{"href":"https:\/\/cmykprinted.com\/da\/wp-json\/wp\/v2\/product\/976","targetHints":{"allow":["GET"]}}],"collection":[{"href":"https:\/\/cmykprinted.com\/da\/wp-json\/wp\/v2\/product"}],"about":[{"href":"https:\/\/cmykprinted.com\/da\/wp-json\/wp\/v2\/types\/product"}],"version-history":[{"count":2,"href":"https:\/\/cmykprinted.com\/da\/wp-json\/wp\/v2\/product\/976\/revisions"}],"predecessor-version":[{"id":983,"href":"https:\/\/cmykprinted.com\/da\/wp-json\/wp\/v2\/product\/976\/revisions\/983"}],"wp:featuredmedia":[{"embeddable":true,"href":"https:\/\/cmykprinted.com\/da\/wp-json\/wp\/v2\/media\/977"}],"wp:attachment":[{"href":"https:\/\/cmykprinted.com\/da\/wp-json\/wp\/v2\/media?parent=976"}],"wp:term":[{"taxonomy":"product_cat","embeddable":true,"href":"https:\/\/cmykprinted.com\/da\/wp-json\/wp\/v2\/product_cat?post=976"},{"taxonomy":"product_tag","embeddable":true,"href":"https:\/\/cmykprinted.com\/da\/wp-json\/wp\/v2\/product_tag?post=976"}],"curies":[{"name":"wp","href":"https:\/\/api.w.org\/{rel}","templated":true}]}}