{"id":984,"date":"2023-02-11T03:57:42","date_gmt":"2023-02-11T03:57:42","guid":{"rendered":"https:\/\/cmykprinted.com\/?post_type=product&#038;p=984"},"modified":"2023-02-11T04:04:18","modified_gmt":"2023-02-11T04:04:18","slug":"10x15ft-50mm-hexagonal-pop-up-canopy-tent-aluminum-frame","status":"publish","type":"product","link":"https:\/\/cmykprinted.com\/da\/vare\/10x15ft-50mm-hexagonal-pop-up-canopy-tent-aluminum-frame\/","title":{"rendered":"10X15FT 50mm Sekskantet Pop Up-Telt med Aluminiumsramme"},"content":{"rendered":"","protected":false},"excerpt":{"rendered":"<p>En 50 mm sekskantet pop-up baldakin med en aluminiumsramme er perfekt til at f\u00e5 din baldakin til at skille sig ud p\u00e5 en markedsbod eller messe. Rammen kan prale af imponerende specifikationer, herunder et sekskantet ydre ben i aluminium med en st\u00f8rrelse p\u00e5 50x50 mm og en tykkelse p\u00e5 1,8 mm. Den har ogs\u00e5 fem h\u00f8jdepositioner med et interval p\u00e5 7,5 cm og er st\u00e6rk og stabil til langtidsbrug.<br \/>\nOps\u00e6tning og nedtagning af baldakinen er hurtig og nem, takket v\u00e6re dens sammenklappelige aluminiumsramme og frav\u00e6ret af l\u00f8se dele. Trykknappen skifter benjusteringer og de overdimensionerede tr\u00e6kstifter, der er nemme at gribe i de \u00f8verste hj\u00f8rner, g\u00f8r ops\u00e6tning og nedbrydning til en leg uden brug af v\u00e6rkt\u00f8j.<br \/>\nPakken inkluderer den kommercielle pop-up baldakin aluminiumsramme og kan s\u00e6ttes op og ned af en eller to personer p\u00e5 f\u00e5 minutter uden brug af v\u00e6rkt\u00f8j. Den leveres med 1 \u00e5rs garanti og livstidsforsyning af tilbeh\u00f8r og dele. Hvis du har brug for specialarbejde, er du velkommen til at kontakte os. Vi garanterer 100%-tilfredshed og vil arbejde p\u00e5 at l\u00f8se eventuelle problemer, du m\u00e5tte have.<br \/>\nDenne baldakin er velegnet til en r\u00e6kke forskellige udend\u00f8rsbegivenheder, herunder fester, messer, sport, picnic, BBQ&#039;er og mere. Det kan bruges i kommercielle omr\u00e5der, strande, legepladser, g\u00e5rdhaver, haver, g\u00e5rde og andre udend\u00f8rs omgivelser, s\u00e5vel som indend\u00f8rs omgivelser som store gymnastiksale. Med avanceret kvalitet kan du v\u00e6re sikker p\u00e5 dens levetid og holdbarhed. Hvis du har kvalitetsproblemer inden for det f\u00f8rste \u00e5r, s\u00e5 t\u00f8v ikke med at kontakte os. Vores 100% tilfredshedsgaranti sikrer, at vi vil arbejde p\u00e5 at l\u00f8se eventuelle problemer, du m\u00e5tte have.<\/p>\n<div style=\"width: 1280px;\" class=\"wp-video\"><!--[if lt IE 9]><script>document.createElement('video');<\/script><![endif]--><br \/>\n<video class=\"wp-video-shortcode\" id=\"video-984-1\" width=\"1280\" height=\"720\" loop autoplay preload=\"auto\" controls=\"controls\"><source type=\"video\/mp4\" src=\"http:\/\/cmykprinted.com\/wp-content\/uploads\/2022\/12\/10x15ft-Pop-up-Tent.mp4?_=1\" \/><a href=\"http:\/\/cmykprinted.com\/wp-content\/uploads\/2022\/12\/10x15ft-Pop-up-Tent.mp4\">http:\/\/cmykprinted.com\/wp-content\/uploads\/2022\/12\/10x15ft-Pop-up-Tent.mp4<\/a><\/video><\/div>","protected":false},"featured_media":985,"template":"","meta":{"_kad_post_transparent":"default","_kad_post_title":"hide","_kad_post_layout":"fullwidth","_kad_post_sidebar_id":"","_kad_post_content_style":"unboxed","_kad_post_vertical_padding":"hide","_kad_post_feature":"hide","_kad_post_feature_position":"","_kad_post_header":false,"_kad_post_footer":false},"product_cat":[68,76,74],"product_tag":[279,282,281,280],"class_list":{"0":"post-984","1":"product","2":"type-product","3":"status-publish","4":"has-post-thumbnail","6":"product_cat-custom-canopy-tents","7":"product_cat-10x15ft-pop-up-tents-50mm-heavy-duty-hexagon-aluminum-tents-custom-canopy-tents","8":"product_cat-50mm-heavy-duty-hexagon-aluminum-tents","9":"product_tag-10x15ft-hexagonal-pop-up-canopy-tent","10":"product_tag-50mm-hexagonal-pop-up-canopy","11":"product_tag-aluminum-frame-pop-up-canopy-tent","12":"product_tag-hexagonal-pop-up-canopy-tent","14":"first","15":"instock","16":"shipping-taxable","17":"product-type-simple","18":"entry","19":"content-bg","20":"loop-entry"},"_links":{"self":[{"href":"https:\/\/cmykprinted.com\/da\/wp-json\/wp\/v2\/product\/984","targetHints":{"allow":["GET"]}}],"collection":[{"href":"https:\/\/cmykprinted.com\/da\/wp-json\/wp\/v2\/product"}],"about":[{"href":"https:\/\/cmykprinted.com\/da\/wp-json\/wp\/v2\/types\/product"}],"version-history":[{"count":2,"href":"https:\/\/cmykprinted.com\/da\/wp-json\/wp\/v2\/product\/984\/revisions"}],"predecessor-version":[{"id":992,"href":"https:\/\/cmykprinted.com\/da\/wp-json\/wp\/v2\/product\/984\/revisions\/992"}],"wp:featuredmedia":[{"embeddable":true,"href":"https:\/\/cmykprinted.com\/da\/wp-json\/wp\/v2\/media\/985"}],"wp:attachment":[{"href":"https:\/\/cmykprinted.com\/da\/wp-json\/wp\/v2\/media?parent=984"}],"wp:term":[{"taxonomy":"product_cat","embeddable":true,"href":"https:\/\/cmykprinted.com\/da\/wp-json\/wp\/v2\/product_cat?post=984"},{"taxonomy":"product_tag","embeddable":true,"href":"https:\/\/cmykprinted.com\/da\/wp-json\/wp\/v2\/product_tag?post=984"}],"curies":[{"name":"wp","href":"https:\/\/api.w.org\/{rel}","templated":true}]}}