{"id":1000,"date":"2023-02-12T10:41:09","date_gmt":"2023-02-12T10:41:09","guid":{"rendered":"https:\/\/cmykprinted.com\/?post_type=product&#038;p=1000"},"modified":"2023-02-12T10:46:25","modified_gmt":"2023-02-12T10:46:25","slug":"logo-printed-premium-full-color-trade-show-table-throw","status":"publish","type":"product","link":"https:\/\/cmykprinted.com\/de\/produkt\/logo-bedruckter-premium-vollfarbiger-messe-tischuberwurf\/","title":{"rendered":"Hochwertige Tischdecke f\u00fcr Messen in Vollfarbe mit Logoaufdruck"},"content":{"rendered":"","protected":false},"excerpt":{"rendered":"<p>In unserem Unternehmen sind wir bestrebt, Unternehmen und Organisationen jeder Gr\u00f6\u00dfe hochwertige und erschwingliche Messetischdecken anzubieten. Wir wissen, wie wichtig es ist, auf Messen und Ausstellungen einen starken Eindruck zu hinterlassen, und wir setzen uns daf\u00fcr ein, unsere Kunden dabei zu unterst\u00fctzen. Unser Team aus professionellen Druckern verwendet einen vollst\u00e4ndigen Farbsublimationsprozess, um sicherzustellen, dass unsere Tischdecken lebendig, auff\u00e4llig und vollst\u00e4ndig anpassbar sind. Ob Sie eine Tischdecke f\u00fcr eine Messe, eine Tischdecke f\u00fcr eine Sonderausstellung oder eine andere Art von Tischdecken ben\u00f6tigen, wir haben die Produkte, die Sie brauchen, in der gew\u00fcnschten Geschwindigkeit.<br \/>\nUnsere Fabrik bietet eine gro\u00dfe Auswahl an Messetischdecken, darunter Stretchbez\u00fcge, 3- und 4-seitige Bez\u00fcge, L\u00e4ufer und vieles mehr. Wir bieten sogar Tisch\u00fcberw\u00fcrfe an, die so gestaltet sind, dass sie das Farbschema Ihres Unternehmens oder Ihrer Organisation erg\u00e4nzen. Und wenn Sie kein Logo haben, ist das kein Problem! Wir k\u00f6nnen ein individuelles Design f\u00fcr Sie erstellen, das Ihnen hilft, Ihre Marke zu f\u00f6rdern und neue Kunden zu gewinnen.<br \/>\nWir bieten eine 24-Stunden-Bearbeitungszeit f\u00fcr alle unsere Messetischdecken, um sicherzustellen, dass Sie die ben\u00f6tigten Produkte erhalten, wenn Sie sie ben\u00f6tigen. Und f\u00fcr zus\u00e4tzlichen Komfort versenden wir alle unsere Produkte am n\u00e4chsten Werktag nach dem Kauf. Egal, ob Sie einen einzelnen Tischwurf oder eine gro\u00dfe Bestellung f\u00fcr eine bevorstehende Veranstaltung ben\u00f6tigen, wir haben die Produkte und Dienstleistungen, die Sie f\u00fcr Ihren Erfolg ben\u00f6tigen.<\/p>","protected":false},"featured_media":1001,"template":"","meta":{"_kad_post_transparent":"default","_kad_post_title":"hide","_kad_post_layout":"fullwidth","_kad_post_sidebar_id":"","_kad_post_content_style":"unboxed","_kad_post_vertical_padding":"hide","_kad_post_feature":"hide","_kad_post_feature_position":"","_kad_post_header":false,"_kad_post_footer":false},"product_cat":[80,84],"product_tag":[218,216,217],"class_list":{"0":"post-1000","1":"product","2":"type-product","3":"status-publish","4":"has-post-thumbnail","6":"product_cat-custom-tablecloth","7":"product_cat-trade-show-table-throw","8":"product_tag-custom-table-throw","9":"product_tag-trade-show-table-throw","10":"product_tag-tradeshow-table-throw","12":"first","13":"instock","14":"shipping-taxable","15":"product-type-simple","16":"entry","17":"content-bg","18":"loop-entry"},"_links":{"self":[{"href":"https:\/\/cmykprinted.com\/de\/wp-json\/wp\/v2\/product\/1000","targetHints":{"allow":["GET"]}}],"collection":[{"href":"https:\/\/cmykprinted.com\/de\/wp-json\/wp\/v2\/product"}],"about":[{"href":"https:\/\/cmykprinted.com\/de\/wp-json\/wp\/v2\/types\/product"}],"version-history":[{"count":1,"href":"https:\/\/cmykprinted.com\/de\/wp-json\/wp\/v2\/product\/1000\/revisions"}],"predecessor-version":[{"id":1007,"href":"https:\/\/cmykprinted.com\/de\/wp-json\/wp\/v2\/product\/1000\/revisions\/1007"}],"wp:featuredmedia":[{"embeddable":true,"href":"https:\/\/cmykprinted.com\/de\/wp-json\/wp\/v2\/media\/1001"}],"wp:attachment":[{"href":"https:\/\/cmykprinted.com\/de\/wp-json\/wp\/v2\/media?parent=1000"}],"wp:term":[{"taxonomy":"product_cat","embeddable":true,"href":"https:\/\/cmykprinted.com\/de\/wp-json\/wp\/v2\/product_cat?post=1000"},{"taxonomy":"product_tag","embeddable":true,"href":"https:\/\/cmykprinted.com\/de\/wp-json\/wp\/v2\/product_tag?post=1000"}],"curies":[{"name":"wp","href":"https:\/\/api.w.org\/{rel}","templated":true}]}}