{"id":1016,"date":"2023-02-12T14:30:04","date_gmt":"2023-02-12T14:30:04","guid":{"rendered":"https:\/\/cmykprinted.com\/?post_type=product&#038;p=1016"},"modified":"2023-02-12T14:40:07","modified_gmt":"2023-02-12T14:40:07","slug":"personalized-triangle-pop-up-banners-a-frame-stand-display","status":"publish","type":"product","link":"https:\/\/cmykprinted.com\/de\/produkt\/personalisiertes-dreieck-pop-up-banner-ein-rahmen-stander-display\/","title":{"rendered":"Personalisiertes dreieckiges Pop-Up-Banner-A-Rahmen-St\u00e4nderdisplay"},"content":{"rendered":"","protected":false},"excerpt":{"rendered":"<p>Dreieckige Popup-Banner sind die ultimative L\u00f6sung, um Ihre Marke oder Ihr Unternehmen stilvoll und effektiv zu bewerben. Mit einem Design, das einen einfachen Auf- und Abbau erm\u00f6glicht, sind diese Banner ideal f\u00fcr Messen, Veranstaltungen und Konferenzen. Sie bestehen aus leichtem und strapazierf\u00e4higem Pfirsichhautgewebe und werden mit einer praktischen Tragetasche f\u00fcr Aufbewahrung und Transport geliefert.<br \/>\nSie sind nicht nur bequem zu bedienen, sondern ziehen auch garantiert die Aufmerksamkeit Ihrer Zielgruppe auf sich. Egal, ob es sich um eine neue Produkteinf\u00fchrung, einen Verkauf oder eine bevorstehende Veranstaltung handelt, diese Banner werden Interesse wecken und eine nachhaltige Wirkung erzielen. Sie k\u00f6nnen drinnen oder drau\u00dfen verwendet werden und sind mit ihrem Federmetallstahl und den Heringen einfach zu montieren.<br \/>\nWerten Sie Ihre Unternehmenswerbung mit einem dreieckigen Popup-Banner auf. Das umfassende Installationshandbuch bietet Ihnen alle notwendigen Werkzeuge, um Ihr Banner m\u00fchelos auf- und abzubauen. Investieren Sie noch heute in ein Popup-Banner und geben Sie bei Ihrer n\u00e4chsten Veranstaltung oder Konferenz ein mutiges Statement ab.<\/p>\n<div style=\"width: 1280px;\" class=\"wp-video\"><!--[if lt IE 9]><script>document.createElement('video');<\/script><![endif]--><br \/>\n<video class=\"wp-video-shortcode\" id=\"video-1016-1\" width=\"1280\" height=\"720\" loop autoplay preload=\"metadata\" controls=\"controls\"><source type=\"video\/mp4\" src=\"http:\/\/cmykprinted.com\/wp-content\/uploads\/2022\/12\/Triangle-Pop-Up-Banners.mp4?_=1\" \/><a href=\"http:\/\/cmykprinted.com\/wp-content\/uploads\/2022\/12\/Triangle-Pop-Up-Banners.mp4\">http:\/\/cmykprinted.com\/wp-content\/uploads\/2022\/12\/Triangle-Pop-Up-Banners.mp4<\/a><\/video><\/div>","protected":false},"featured_media":1017,"template":"","meta":{"_kad_post_transparent":"default","_kad_post_title":"hide","_kad_post_layout":"fullwidth","_kad_post_sidebar_id":"","_kad_post_content_style":"unboxed","_kad_post_vertical_padding":"hide","_kad_post_feature":"hide","_kad_post_feature_position":"","_kad_post_header":false,"_kad_post_footer":false},"product_cat":[92,95],"product_tag":[292,293,166,291],"class_list":{"0":"post-1016","1":"product","2":"type-product","3":"status-publish","4":"has-post-thumbnail","6":"product_cat-pop-up-banners","7":"product_cat-triangle-pop-up-banners","8":"product_tag-a-frame-stand-display","9":"product_tag-personalized-pop-up-banners","10":"product_tag-pop-up-banners","11":"product_tag-triangle-pop-up-banners","13":"first","14":"instock","15":"shipping-taxable","16":"product-type-simple","17":"entry","18":"content-bg","19":"loop-entry"},"_links":{"self":[{"href":"https:\/\/cmykprinted.com\/de\/wp-json\/wp\/v2\/product\/1016","targetHints":{"allow":["GET"]}}],"collection":[{"href":"https:\/\/cmykprinted.com\/de\/wp-json\/wp\/v2\/product"}],"about":[{"href":"https:\/\/cmykprinted.com\/de\/wp-json\/wp\/v2\/types\/product"}],"version-history":[{"count":2,"href":"https:\/\/cmykprinted.com\/de\/wp-json\/wp\/v2\/product\/1016\/revisions"}],"predecessor-version":[{"id":1024,"href":"https:\/\/cmykprinted.com\/de\/wp-json\/wp\/v2\/product\/1016\/revisions\/1024"}],"wp:featuredmedia":[{"embeddable":true,"href":"https:\/\/cmykprinted.com\/de\/wp-json\/wp\/v2\/media\/1017"}],"wp:attachment":[{"href":"https:\/\/cmykprinted.com\/de\/wp-json\/wp\/v2\/media?parent=1016"}],"wp:term":[{"taxonomy":"product_cat","embeddable":true,"href":"https:\/\/cmykprinted.com\/de\/wp-json\/wp\/v2\/product_cat?post=1016"},{"taxonomy":"product_tag","embeddable":true,"href":"https:\/\/cmykprinted.com\/de\/wp-json\/wp\/v2\/product_tag?post=1016"}],"curies":[{"name":"wp","href":"https:\/\/api.w.org\/{rel}","templated":true}]}}