{"id":1025,"date":"2023-02-12T15:07:24","date_gmt":"2023-02-12T15:07:24","guid":{"rendered":"https:\/\/cmykprinted.com\/?post_type=product&#038;p=1025"},"modified":"2023-02-12T15:13:19","modified_gmt":"2023-02-12T15:13:19","slug":"exhibition-curved-tension-fabric-pop-up-displays-with-frame","status":"publish","type":"product","link":"https:\/\/cmykprinted.com\/de\/produkt\/ausstellung-gekrummter-spannstoff-pop-up-displays-mit-rahmen\/","title":{"rendered":"Ausstellungs-Pop-Up-Displays aus gebogenem Spannstoff mit Rahmen"},"content":{"rendered":"","protected":false},"excerpt":{"rendered":"<p>Gebogener Stoffst\u00e4nder ist eine herausragende Option f\u00fcr die Erstellung eines optisch auff\u00e4lligen Displays. Es verf\u00fcgt \u00fcber ein einzelnes, hochaufl\u00f6sendes Bild ohne sichtbare Verbindungslinien. Die Montage ist einfach \u2013 einfach den leichten Aluminiumrahmen zusammenstecken und den bedruckten Stoff dar\u00fcber spannen. Wenn Sie mit der Verwendung fertig sind, nehmen Sie es einfach ab, falten Sie es zusammen und verstauen Sie es f\u00fcr einen einfachen Transport in der Tragetasche. Diese St\u00e4nde sind im Vergleich zu herk\u00f6mmlichen Pop-up-Messest\u00e4nden viel bequemer zu lagern und zu transportieren. Sie sind nicht nur eine beliebte Wahl f\u00fcr Konferenzen und Veranstaltungen, sondern eignen sich auch hervorragend als Foto- und B\u00fchnenhintergr\u00fcnde. Der Stoff ist standardm\u00e4\u00dfig beidseitig bedruckt, sodass Sie mehr Platz f\u00fcr Ihre Botschaften haben. Es ist auch einfach, alternative Cover f\u00fcr verschiedene Veranstaltungen zu drucken.<\/p>","protected":false},"featured_media":1026,"template":"","meta":{"_kad_post_transparent":"default","_kad_post_title":"hide","_kad_post_layout":"fullwidth","_kad_post_sidebar_id":"","_kad_post_content_style":"unboxed","_kad_post_vertical_padding":"hide","_kad_post_feature":"hide","_kad_post_feature_position":"","_kad_post_header":false,"_kad_post_footer":false},"product_cat":[97,98],"product_tag":[168,296,295,294,134],"class_list":{"0":"post-1025","1":"product","2":"type-product","3":"status-publish","4":"has-post-thumbnail","6":"product_cat-tension-fabric-displays","7":"product_cat-curved-tension-fabric-pop-up-displays","8":"product_tag-curved-tension-fabric-pop-up-displays","9":"product_tag-fabric-pop-up-curved-displays","10":"product_tag-fabric-pop-up-display","11":"product_tag-fabric-pop-up-displays","12":"product_tag-tension-fabric-displays","14":"first","15":"instock","16":"shipping-taxable","17":"product-type-simple","18":"entry","19":"content-bg","20":"loop-entry"},"_links":{"self":[{"href":"https:\/\/cmykprinted.com\/de\/wp-json\/wp\/v2\/product\/1025","targetHints":{"allow":["GET"]}}],"collection":[{"href":"https:\/\/cmykprinted.com\/de\/wp-json\/wp\/v2\/product"}],"about":[{"href":"https:\/\/cmykprinted.com\/de\/wp-json\/wp\/v2\/types\/product"}],"version-history":[{"count":1,"href":"https:\/\/cmykprinted.com\/de\/wp-json\/wp\/v2\/product\/1025\/revisions"}],"predecessor-version":[{"id":1032,"href":"https:\/\/cmykprinted.com\/de\/wp-json\/wp\/v2\/product\/1025\/revisions\/1032"}],"wp:featuredmedia":[{"embeddable":true,"href":"https:\/\/cmykprinted.com\/de\/wp-json\/wp\/v2\/media\/1026"}],"wp:attachment":[{"href":"https:\/\/cmykprinted.com\/de\/wp-json\/wp\/v2\/media?parent=1025"}],"wp:term":[{"taxonomy":"product_cat","embeddable":true,"href":"https:\/\/cmykprinted.com\/de\/wp-json\/wp\/v2\/product_cat?post=1025"},{"taxonomy":"product_tag","embeddable":true,"href":"https:\/\/cmykprinted.com\/de\/wp-json\/wp\/v2\/product_tag?post=1025"}],"curies":[{"name":"wp","href":"https:\/\/api.w.org\/{rel}","templated":true}]}}