{"id":1052,"date":"2023-02-13T07:20:10","date_gmt":"2023-02-13T07:20:10","guid":{"rendered":"https:\/\/cmykprinted.com\/?post_type=product&#038;p=1052"},"modified":"2023-02-13T07:26:04","modified_gmt":"2023-02-13T07:26:04","slug":"50mm-hexagonal-aluminum-10x20ft-pop-up-canopies-tents","status":"publish","type":"product","link":"https:\/\/cmykprinted.com\/de\/produkt\/50mm-sechseckiges-aluminium-10x20ft-pop-up-vordacher-zelte\/","title":{"rendered":"50 mm sechseckige 10x20ft Pop-Up-\u00dcberdachungszelte aus Aluminium"},"content":{"rendered":"","protected":false},"excerpt":{"rendered":"<p>Das 10 x 20 Fu\u00df gro\u00dfe Pop-up-Baldachin mit Aluminiumrahmen ist die perfekte Wahl, um auf einem Marktstand oder einer Messe ein Zeichen zu setzen. Das Gestell besticht durch seinen sechseckigen Aluminium-Au\u00dfenschenkel mit den Ma\u00dfen 50 x 50 mm und einer St\u00e4rke von 1,8 mm. Mit f\u00fcnf H\u00f6heneinstellungen im Abstand von 7,5 cm bietet es Stabilit\u00e4t f\u00fcr den langfristigen Einsatz.<br \/>\nDer Auf- und Abbau des Vordachs ist dank des klappbaren Aluminiumrahmens und dem Fehlen loser Teile m\u00fchelos. Die Knebel-Beinverstellung per Druckknopf und die \u00fcbergro\u00dfen Zugstifte an den oberen Ecken machen den Aufbau zum Kinderspiel, ganz ohne Werkzeug. Das Paket enth\u00e4lt den handels\u00fcblichen Aluminiumrahmen f\u00fcr das Pop-up-Vordach und kann von einer oder zwei Personen in wenigen Minuten ohne Werkzeug montiert werden.<br \/>\nDieses Vordach wird mit einer 1-j\u00e4hrigen Garantie und einer lebenslangen Versorgung mit Zubeh\u00f6r und Teilen geliefert. Wenn Sie Ma\u00dfarbeit ben\u00f6tigen, sind wir hier, um Ihnen zu helfen. Wir garantieren 100%-Zufriedenheit und werden daran arbeiten, alle Probleme zu l\u00f6sen, die Sie m\u00f6glicherweise haben.<br \/>\nDiese vielseitige \u00dcberdachung eignet sich f\u00fcr eine Vielzahl von Outdoor-Events wie Partys, Messen, Sport, Picknicks, Grillabende und mehr. Es kann auch in Gewerbegebieten, Str\u00e4nden, Spielpl\u00e4tzen, H\u00f6fen, G\u00e4rten, Bauernh\u00f6fen und anderen Au\u00dfenbereichen sowie in Innenr\u00e4umen wie gro\u00dfen Turnhallen verwendet werden. Mit seiner High-End-Qualit\u00e4t k\u00f6nnen Sie sich auf seine Langlebigkeit und Haltbarkeit verlassen. Wenn Sie innerhalb des ersten Jahres Qualit\u00e4tsbedenken haben, wenden Sie sich einfach an uns. Unsere 100%-Zufriedenheitsgarantie stellt sicher, dass wir daran arbeiten, alle Ihre Probleme zu l\u00f6sen.<\/p>\n<div style=\"width: 1280px;\" class=\"wp-video\"><!--[if lt IE 9]><script>document.createElement('video');<\/script><![endif]--><br \/>\n<video class=\"wp-video-shortcode\" id=\"video-1052-1\" width=\"1280\" height=\"720\" loop autoplay preload=\"auto\" controls=\"controls\"><source type=\"video\/mp4\" src=\"http:\/\/cmykprinted.com\/wp-content\/uploads\/2022\/12\/10x15ft-Pop-up-Tent.mp4?_=1\" \/><a href=\"http:\/\/cmykprinted.com\/wp-content\/uploads\/2022\/12\/10x15ft-Pop-up-Tent.mp4\">http:\/\/cmykprinted.com\/wp-content\/uploads\/2022\/12\/10x15ft-Pop-up-Tent.mp4<\/a><\/video><\/div>","protected":false},"featured_media":1053,"template":"","meta":{"_kad_post_transparent":"default","_kad_post_title":"hide","_kad_post_layout":"fullwidth","_kad_post_sidebar_id":"","_kad_post_content_style":"unboxed","_kad_post_vertical_padding":"hide","_kad_post_feature":"hide","_kad_post_feature_position":"","_kad_post_header":false,"_kad_post_footer":false},"product_cat":[68,77,74],"product_tag":[279,208,282,306,305,281,304,280],"class_list":{"0":"post-1052","1":"product","2":"type-product","3":"status-publish","4":"has-post-thumbnail","6":"product_cat-custom-canopy-tents","7":"product_cat-10x20ft-pop-up-canopies-50mm-heavy-duty-hexagon-aluminum-tents-custom-canopy-tents","8":"product_cat-50mm-heavy-duty-hexagon-aluminum-tents","9":"product_tag-10x15ft-hexagonal-pop-up-canopy-tent","10":"product_tag-10x20ft-pop-up-canopies","11":"product_tag-50mm-hexagonal-pop-up-canopy","12":"product_tag-50mm-hexagonal-pop-up-canopies","13":"product_tag-aluminum-canopies-pop-up-canopies","14":"product_tag-aluminum-frame-pop-up-canopy-tent","15":"product_tag-hexagonal-aluminum-canopies","16":"product_tag-hexagonal-pop-up-canopy-tent","18":"first","19":"instock","20":"shipping-taxable","21":"product-type-simple","22":"entry","23":"content-bg","24":"loop-entry"},"_links":{"self":[{"href":"https:\/\/cmykprinted.com\/de\/wp-json\/wp\/v2\/product\/1052","targetHints":{"allow":["GET"]}}],"collection":[{"href":"https:\/\/cmykprinted.com\/de\/wp-json\/wp\/v2\/product"}],"about":[{"href":"https:\/\/cmykprinted.com\/de\/wp-json\/wp\/v2\/types\/product"}],"version-history":[{"count":2,"href":"https:\/\/cmykprinted.com\/de\/wp-json\/wp\/v2\/product\/1052\/revisions"}],"predecessor-version":[{"id":1059,"href":"https:\/\/cmykprinted.com\/de\/wp-json\/wp\/v2\/product\/1052\/revisions\/1059"}],"wp:featuredmedia":[{"embeddable":true,"href":"https:\/\/cmykprinted.com\/de\/wp-json\/wp\/v2\/media\/1053"}],"wp:attachment":[{"href":"https:\/\/cmykprinted.com\/de\/wp-json\/wp\/v2\/media?parent=1052"}],"wp:term":[{"taxonomy":"product_cat","embeddable":true,"href":"https:\/\/cmykprinted.com\/de\/wp-json\/wp\/v2\/product_cat?post=1052"},{"taxonomy":"product_tag","embeddable":true,"href":"https:\/\/cmykprinted.com\/de\/wp-json\/wp\/v2\/product_tag?post=1052"}],"curies":[{"name":"wp","href":"https:\/\/api.w.org\/{rel}","templated":true}]}}