{"id":1095,"date":"2023-02-13T15:30:16","date_gmt":"2023-02-13T15:30:16","guid":{"rendered":"https:\/\/cmykprinted.com\/?post_type=product&#038;p=1095"},"modified":"2023-02-13T15:34:49","modified_gmt":"2023-02-13T15:34:49","slug":"waterproof-custom-uv-3d-metal-transfer-stickers-labels","status":"publish","type":"product","link":"https:\/\/cmykprinted.com\/de\/produkt\/wasserdichte-kundenspezifische-uv-3d-metall-transferaufkleber-etiketten\/","title":{"rendered":"Wasserdichte, individuelle UV-3D-Metall-Transferaufkleber-Etiketten"},"content":{"rendered":"","protected":false},"excerpt":{"rendered":"<p>3D-Metall-Transferaufkleber bieten eine einzigartige und stilvolle Etikettierl\u00f6sung, bei der starke Nickelfolie verwendet wird, um einen 3D-Effekt zu erzeugen. Das \u00fcbersch\u00fcssige Material wird vom Design abgeschnitten, was zu einem eleganten und raffinierten Erscheinungsbild mit einem \u201eNo-Label\u201c-Look f\u00fchrt. Die Aufkleber eignen sich perfekt f\u00fcr Premium-Produkte oder E-Commerce und werden hergestellt, indem das Design in einem speziellen Druckverfahren auf Nickelfolie gedruckt wird. Nach dem Entfernen des \u00fcbersch\u00fcssigen Materials werden die erhabenen Elemente mit einer Klebeschicht bedeckt, wodurch sie f\u00fcr die Anwendung auf verschiedenen Oberfl\u00e4chen wie Kunststoff, Metall und Papier geeignet sind.<br \/>\nEiner der Hauptvorteile dieser 3D-Metalltransferaufkleber ist ihre Haltbarkeit. Aus korrosionsbest\u00e4ndigem Nickel gefertigt, k\u00f6nnen sie Verschlei\u00df standhalten und ihre Qualit\u00e4t im Laufe der Zeit beibehalten. Dar\u00fcber hinaus sind sie best\u00e4ndig gegen Ausbleichen und Verf\u00e4rbungen und gew\u00e4hrleisten so eine langlebige Etikettierl\u00f6sung. Der 3D-Effekt dieser Aufkleber verleiht Ihrer Produktverpackung oder Ihrem Branding auch eine attraktive und unverwechselbare Note.<\/p>\n<div style=\"width: 1280px;\" class=\"wp-video\"><!--[if lt IE 9]><script>document.createElement('video');<\/script><![endif]--><br \/>\n<video class=\"wp-video-shortcode\" id=\"video-1095-1\" width=\"1280\" height=\"720\" loop autoplay preload=\"metadata\" controls=\"controls\"><source type=\"video\/mp4\" src=\"http:\/\/cmykprinted.com\/wp-content\/uploads\/2022\/12\/Metal-Transfer-Sticker.mp4?_=1\" \/><a href=\"http:\/\/cmykprinted.com\/wp-content\/uploads\/2022\/12\/Metal-Transfer-Sticker.mp4\">http:\/\/cmykprinted.com\/wp-content\/uploads\/2022\/12\/Metal-Transfer-Sticker.mp4<\/a><\/video><\/div>\n<p>&nbsp;<\/p>","protected":false},"featured_media":1096,"template":"","meta":{"_kad_post_transparent":"default","_kad_post_title":"hide","_kad_post_layout":"fullwidth","_kad_post_sidebar_id":"","_kad_post_content_style":"unboxed","_kad_post_vertical_padding":"hide","_kad_post_feature":"hide","_kad_post_feature_position":"","_kad_post_header":false,"_kad_post_footer":false},"product_cat":[101,102],"product_tag":[299],"class_list":{"0":"post-1095","1":"product","2":"type-product","3":"status-publish","4":"has-post-thumbnail","6":"product_cat-transfer-stickers","7":"product_cat-metal-transfer-stickers","8":"product_tag-3d-metal-transfer-stickers","10":"first","11":"instock","12":"shipping-taxable","13":"product-type-simple","14":"entry","15":"content-bg","16":"loop-entry"},"_links":{"self":[{"href":"https:\/\/cmykprinted.com\/de\/wp-json\/wp\/v2\/product\/1095","targetHints":{"allow":["GET"]}}],"collection":[{"href":"https:\/\/cmykprinted.com\/de\/wp-json\/wp\/v2\/product"}],"about":[{"href":"https:\/\/cmykprinted.com\/de\/wp-json\/wp\/v2\/types\/product"}],"version-history":[{"count":2,"href":"https:\/\/cmykprinted.com\/de\/wp-json\/wp\/v2\/product\/1095\/revisions"}],"predecessor-version":[{"id":1103,"href":"https:\/\/cmykprinted.com\/de\/wp-json\/wp\/v2\/product\/1095\/revisions\/1103"}],"wp:featuredmedia":[{"embeddable":true,"href":"https:\/\/cmykprinted.com\/de\/wp-json\/wp\/v2\/media\/1096"}],"wp:attachment":[{"href":"https:\/\/cmykprinted.com\/de\/wp-json\/wp\/v2\/media?parent=1095"}],"wp:term":[{"taxonomy":"product_cat","embeddable":true,"href":"https:\/\/cmykprinted.com\/de\/wp-json\/wp\/v2\/product_cat?post=1095"},{"taxonomy":"product_tag","embeddable":true,"href":"https:\/\/cmykprinted.com\/de\/wp-json\/wp\/v2\/product_tag?post=1095"}],"curies":[{"name":"wp","href":"https:\/\/api.w.org\/{rel}","templated":true}]}}