{"id":1994,"date":"2024-04-07T09:49:47","date_gmt":"2024-04-07T09:49:47","guid":{"rendered":"https:\/\/cmykprinted.com\/?post_type=product&#038;p=1994"},"modified":"2024-04-07T10:12:36","modified_gmt":"2024-04-07T10:12:36","slug":"12oz-double-sided-printed-fabric-banners","status":"publish","type":"product","link":"https:\/\/cmykprinted.com\/de\/produkt\/12oz-doppelseitig-bedruckte-stoff-banner\/","title":{"rendered":"12oz doppelseitig bedruckte Stoffbanner"},"content":{"rendered":"","protected":false},"excerpt":{"rendered":"<p>Unsere Fabrik kann auf einlagigem Stoff doppelseitig drucken, ohne Stoff mit mittlerem Silberschatten. Die doppelseitige Seite des Stoffes wird also in den gleichen Druckfarben sein.<\/p>\n<p>Als Materialien k\u00f6nnen wir zwischen 3,9 Unzen oder 12 Unzen dickem Polyester-Strickstoff w\u00e4hlen.<\/p>\n<p>Die Druckmethode, die wir anwenden k\u00f6nnen, ist der Digitaldruck auf beiden Seiten des Stoffes. Die doppelseitig bedruckten Stoffbanner sind wasserfest und waschbar.<\/p>\n<p>Keine Gr\u00f6\u00dfenbeschr\u00e4nkung, \u00fcbergro\u00dfe Banner werden zusammengen\u00e4ht.<\/p>\n<p>F\u00fcr die fertige Option k\u00f6nnen wir Saum und \u00d6sen oder \u00d6sen oder \u00c4rmel f\u00fcr die Stange anfertigen, wir k\u00f6nnen jede individuelle Anforderung erf\u00fcllen.<\/p>\n<p>Deshalb empfehlen wir Ihnen die Verwendung eines einlagigen Stoffbanners\/einer einlagigen Stofffahne. Das Gewicht ist leicht und l\u00e4sst sich leicht in der Luft fliegen. Au\u00dferdem sind die Kosten g\u00fcnstiger als bei dreilagigen doppelseitigen Stoffbannern.<\/p>\n<p>Wir k\u00f6nnen eine schnelle Abwicklung gew\u00e4hrleisten.<\/p>\n<p>&nbsp;<\/p>\n<p>&nbsp;<\/p>\n<p>&nbsp;<\/p>\n<p>&nbsp;<\/p>\n<p>&nbsp;<\/p>","protected":false},"featured_media":1995,"template":"","meta":{"_kad_post_transparent":"default","_kad_post_title":"hide","_kad_post_layout":"fullwidth","_kad_post_sidebar_id":"","_kad_post_content_style":"unboxed","_kad_post_vertical_padding":"hide","_kad_post_feature":"hide","_kad_post_feature_position":"","_kad_post_header":false,"_kad_post_footer":false},"product_cat":[79],"product_tag":[409,405,407,408,406],"class_list":{"0":"post-1994","1":"product","2":"type-product","3":"status-publish","4":"has-post-thumbnail","6":"product_cat-custom-flags","7":"product_tag-12-oz-fabric-banners","8":"product_tag-double-sided-fabric-banners","9":"product_tag-double-sided-printed-fabric-banners","10":"product_tag-fabric-banners","11":"product_tag-printed-fabric-banners","13":"first","14":"instock","15":"shipping-taxable","16":"product-type-simple","17":"entry","18":"content-bg","19":"loop-entry"},"_links":{"self":[{"href":"https:\/\/cmykprinted.com\/de\/wp-json\/wp\/v2\/product\/1994","targetHints":{"allow":["GET"]}}],"collection":[{"href":"https:\/\/cmykprinted.com\/de\/wp-json\/wp\/v2\/product"}],"about":[{"href":"https:\/\/cmykprinted.com\/de\/wp-json\/wp\/v2\/types\/product"}],"version-history":[{"count":1,"href":"https:\/\/cmykprinted.com\/de\/wp-json\/wp\/v2\/product\/1994\/revisions"}],"predecessor-version":[{"id":2001,"href":"https:\/\/cmykprinted.com\/de\/wp-json\/wp\/v2\/product\/1994\/revisions\/2001"}],"wp:featuredmedia":[{"embeddable":true,"href":"https:\/\/cmykprinted.com\/de\/wp-json\/wp\/v2\/media\/1995"}],"wp:attachment":[{"href":"https:\/\/cmykprinted.com\/de\/wp-json\/wp\/v2\/media?parent=1994"}],"wp:term":[{"taxonomy":"product_cat","embeddable":true,"href":"https:\/\/cmykprinted.com\/de\/wp-json\/wp\/v2\/product_cat?post=1994"},{"taxonomy":"product_tag","embeddable":true,"href":"https:\/\/cmykprinted.com\/de\/wp-json\/wp\/v2\/product_tag?post=1994"}],"curies":[{"name":"wp","href":"https:\/\/api.w.org\/{rel}","templated":true}]}}