{"id":2081,"date":"2024-05-06T02:31:18","date_gmt":"2024-05-06T02:31:18","guid":{"rendered":"https:\/\/cmykprinted.com\/?post_type=product&#038;p=2081"},"modified":"2024-05-06T04:04:21","modified_gmt":"2024-05-06T04:04:21","slug":"gold-metallic-3d-transfer-stickers","status":"publish","type":"product","link":"https:\/\/cmykprinted.com\/de\/produkt\/gold-metallic-3d-transfer-aufkleberr\/","title":{"rendered":"Goldmetallische 3D-Transferaufkleber"},"content":{"rendered":"","protected":false},"excerpt":{"rendered":"<p>Unsere Fabrik kann zwei Arten von Gold-Transferaufklebern herstellen: Gold-UV-Transferaufkleber und Gold-Metallic-Transferetiketten. Anhand der folgenden Merkmale von zwei Arten von Transferetiketten k\u00f6nnen Sie den Unterschied erkennen:<\/p>\n<p><strong>Goldfarbener UV-Transferaufkleber:<\/strong><\/p>\n<ul>\n<li style=\"text-align: left;\">Die TINTE ist goldfarben, sodass die gedruckte Goldfarbe wie metallische Goldfarbe aussieht. Sie ist jedoch nicht metallisch.<\/li>\n<li>Das gr\u00f6\u00dfte Format, das wir drucken k\u00f6nnen, ist A4 (28 x 30 cm).<\/li>\n<li>Wasserdicht und kratzfest<\/li>\n<li>Anwendung: Kunststoff, Holz, Metall, Oberfl\u00e4che von Verpackungskartons, wie Gl\u00e4ser, Flaschen, Tassen, Sicherheitsverschl\u00fcsse, elektronische Produkte usw. Solange die Oberfl\u00e4che glatt und sauber ist, k\u00f6nnen unsere UV-Transferaufkleber darauf funktionieren.<\/li>\n<li>Schnelle Bearbeitungszeit: 2-3 Tage Massenproduktion und eine Woche weltweit mit DHL, Fedex oder UPS von T\u00fcr zu T\u00fcr.<\/li>\n<\/ul>\n<div style=\"width: 368px;\" class=\"wp-video\"><!--[if lt IE 9]><script>document.createElement('video');<\/script><![endif]--><br \/>\n<video class=\"wp-video-shortcode\" id=\"video-2081-1\" width=\"368\" height=\"640\" preload=\"metadata\" controls=\"controls\"><source type=\"video\/mp4\" src=\"https:\/\/cmykprinted.com\/wp-content\/uploads\/2024\/05\/gold-uv-transfer-decals.mp4?_=1\" \/><a href=\"https:\/\/cmykprinted.com\/wp-content\/uploads\/2024\/05\/gold-uv-transfer-decals.mp4\">https:\/\/cmykprinted.com\/wp-content\/uploads\/2024\/05\/gold-uv-transfer-decals.mp4<\/a><\/video><\/div>\n<p><strong>Goldmetallisches Transferetikett<\/strong><\/p>\n<ul>\n<li>Das Material ist echtes Nickelmetall<\/li>\n<li>Die Dicke des fertigen Logos: 0,1 mm<\/li>\n<li>Die gr\u00f6\u00dfte Gr\u00f6\u00dfe, die wir herstellen k\u00f6nnen, ist 17 x 30 cm (Mindestbestellmenge: 1 St\u00fcck).<\/li>\n<li>Metalltransferaufkleber sind dreidimensionaler (3D) und haben im Vergleich zu goldenen UV-Transferaufklebern einen metallischen Glanz, wodurch Ihre Marke hochwertiger aussieht.<\/li>\n<li>Schnelle Bearbeitungszeit: 2-3 Tage Massenproduktion und eine Woche weltweit mit DHL, Fedex oder UPS von T\u00fcr zu T\u00fcr.<\/li>\n<li>Druckvorlage: Vektordatei mit PDF oder EPS, AI<\/li>\n<\/ul>\n<div style=\"width: 480px;\" class=\"wp-video\"><video class=\"wp-video-shortcode\" id=\"video-2081-2\" width=\"480\" height=\"480\" preload=\"metadata\" controls=\"controls\"><source type=\"video\/mp4\" src=\"https:\/\/cmykprinted.com\/wp-content\/uploads\/2024\/05\/Gold-Metallic-Transfer-Stickers.mp4?_=2\" \/><a href=\"https:\/\/cmykprinted.com\/wp-content\/uploads\/2024\/05\/Gold-Metallic-Transfer-Stickers.mp4\">https:\/\/cmykprinted.com\/wp-content\/uploads\/2024\/05\/Gold-Metallic-Transfer-Stickers.mp4<\/a><\/video><\/div>\n<p>&nbsp;<\/p>\n<p>&nbsp;<\/p>","protected":false},"featured_media":2082,"template":"","meta":{"_kad_post_transparent":"default","_kad_post_title":"hide","_kad_post_layout":"fullwidth","_kad_post_sidebar_id":"","_kad_post_content_style":"unboxed","_kad_post_vertical_padding":"hide","_kad_post_feature":"hide","_kad_post_feature_position":"","_kad_post_header":false,"_kad_post_footer":false},"product_cat":[101,102],"product_tag":[141,445,446,444,447,437,448],"class_list":{"0":"post-2081","1":"product","2":"type-product","3":"status-publish","4":"has-post-thumbnail","6":"product_cat-transfer-stickers","7":"product_cat-metal-transfer-stickers","8":"product_tag-custom-uv-transfer-stickers","9":"product_tag-gold-metallic-transfer-stickers","10":"product_tag-gold-uv-transfer-label","11":"product_tag-metallic-3d-transfer-stickers","12":"product_tag-metallic-transfer-stickers","13":"product_tag-silver-metallic-transfer-label","14":"product_tag-uv-transfer-label","16":"first","17":"instock","18":"shipping-taxable","19":"product-type-simple","20":"entry","21":"content-bg","22":"loop-entry"},"_links":{"self":[{"href":"https:\/\/cmykprinted.com\/de\/wp-json\/wp\/v2\/product\/2081","targetHints":{"allow":["GET"]}}],"collection":[{"href":"https:\/\/cmykprinted.com\/de\/wp-json\/wp\/v2\/product"}],"about":[{"href":"https:\/\/cmykprinted.com\/de\/wp-json\/wp\/v2\/types\/product"}],"version-history":[{"count":2,"href":"https:\/\/cmykprinted.com\/de\/wp-json\/wp\/v2\/product\/2081\/revisions"}],"predecessor-version":[{"id":2089,"href":"https:\/\/cmykprinted.com\/de\/wp-json\/wp\/v2\/product\/2081\/revisions\/2089"}],"wp:featuredmedia":[{"embeddable":true,"href":"https:\/\/cmykprinted.com\/de\/wp-json\/wp\/v2\/media\/2082"}],"wp:attachment":[{"href":"https:\/\/cmykprinted.com\/de\/wp-json\/wp\/v2\/media?parent=2081"}],"wp:term":[{"taxonomy":"product_cat","embeddable":true,"href":"https:\/\/cmykprinted.com\/de\/wp-json\/wp\/v2\/product_cat?post=2081"},{"taxonomy":"product_tag","embeddable":true,"href":"https:\/\/cmykprinted.com\/de\/wp-json\/wp\/v2\/product_tag?post=2081"}],"curies":[{"name":"wp","href":"https:\/\/api.w.org\/{rel}","templated":true}]}}