{"id":2094,"date":"2024-05-06T12:36:30","date_gmt":"2024-05-06T12:36:30","guid":{"rendered":"https:\/\/cmykprinted.com\/?post_type=product&#038;p=2094"},"modified":"2024-05-06T12:44:46","modified_gmt":"2024-05-06T12:44:46","slug":"custom-champagne-metallic-logo-transfer-stickers-for-jar","status":"publish","type":"product","link":"https:\/\/cmykprinted.com\/de\/produkt\/autocollants-de-transfert-de-logo-metallique-champagne-personnalises-pour-pot\/","title":{"rendered":"Benutzerdefinierte Champagner-Metallic-Logo-Transferaufkleber f\u00fcr Gl\u00e4ser"},"content":{"rendered":"","protected":false},"excerpt":{"rendered":"<p><strong>Benutzerdefinierte Champagner-Metallic-Logo-Transferaufkleber f\u00fcr Gl\u00e4ser:<\/strong><br \/>\nDie gr\u00f6\u00dfte Gr\u00f6\u00dfe, die wir herstellen k\u00f6nnen, ist 17 x 30 cm. Wenn Ihr Logo kleiner ist, k\u00f6nnen wir viele Teile in einem Blattmaterial unterbringen.<br \/>\nChampagnerfarbene Metallic-Transferaufkleber sehen nicht wie goldene Metallaufkleber aus, so gl\u00e4nzend, dass viele Kunden keinen Glanzeffekt m\u00f6gen, daher entscheiden sie sich f\u00fcr die Farbe Champagnergold, um das Firmenlogo zu drucken.<br \/>\nWir k\u00f6nnen eine schnelle Bearbeitungszeit (2-3 Tage Massenproduktion) und 7 Lieferungstage weltweit gew\u00e4hrleisten.<br \/>\nF\u00fcr den besten Endpreis kontaktieren Sie uns bitte per WhatsApp oder E-Mail, damit wir den Preis ermitteln k\u00f6nnen. Wir m\u00fcssen Ihr Kunstwerk mit Gr\u00f6\u00dfen- und Mengeninformationen sowie der gew\u00fcnschten Farbe sehen. Wenn Sie diese Informationen nicht haben, k\u00f6nnen wir Ihnen den Preis nicht nennen.<br \/>\nUnsere individuellen metallischen Transferaufkleber mit permanentem, starkem 3M-Markenkleber. Mit einer Musterbestellung k\u00f6nnen Sie sich von unserem Service und unserer Qualit\u00e4t \u00fcberzeugen.<\/p>\n<p>&nbsp;<\/p>\n<p>&nbsp;<\/p>\n<div style=\"width: 1280px;\" class=\"wp-video\"><!--[if lt IE 9]><script>document.createElement('video');<\/script><![endif]--><br \/>\n<video class=\"wp-video-shortcode\" id=\"video-2094-1\" width=\"1280\" height=\"720\" preload=\"metadata\" controls=\"controls\"><source type=\"video\/mp4\" src=\"https:\/\/cmykprinted.com\/wp-content\/uploads\/2024\/05\/champagne-metal-transfer-label-1-1.mp4?_=1\" \/><a href=\"https:\/\/cmykprinted.com\/wp-content\/uploads\/2024\/05\/champagne-metal-transfer-label-1-1.mp4\">https:\/\/cmykprinted.com\/wp-content\/uploads\/2024\/05\/champagne-metal-transfer-label-1-1.mp4<\/a><\/video><\/div>\n<p>&nbsp;<\/p>\n<p>&nbsp;<\/p>","protected":false},"featured_media":2090,"template":"","meta":{"_kad_post_transparent":"default","_kad_post_title":"hide","_kad_post_layout":"fullwidth","_kad_post_sidebar_id":"","_kad_post_content_style":"unboxed","_kad_post_vertical_padding":"hide","_kad_post_feature":"hide","_kad_post_feature_position":"","_kad_post_header":false,"_kad_post_footer":false},"product_cat":[101,102],"product_tag":[451,454,450,449,452,453,448],"class_list":{"0":"post-2094","1":"product","2":"type-product","3":"status-publish","4":"has-post-thumbnail","6":"product_cat-transfer-stickers","7":"product_cat-metal-transfer-stickers","8":"product_tag-custom-champagne-metallic-transfer-stickers","9":"product_tag-custom-transfer-stickers","10":"product_tag-metallic-logo-transfer-stickers","11":"product_tag-transfer-stickers-for-jar","12":"product_tag-transfer-stickers-printing","13":"product_tag-uv-dtf-transfer-stickers","14":"product_tag-uv-transfer-label","16":"first","17":"instock","18":"shipping-taxable","19":"product-type-simple","20":"entry","21":"content-bg","22":"loop-entry"},"_links":{"self":[{"href":"https:\/\/cmykprinted.com\/de\/wp-json\/wp\/v2\/product\/2094","targetHints":{"allow":["GET"]}}],"collection":[{"href":"https:\/\/cmykprinted.com\/de\/wp-json\/wp\/v2\/product"}],"about":[{"href":"https:\/\/cmykprinted.com\/de\/wp-json\/wp\/v2\/types\/product"}],"version-history":[{"count":1,"href":"https:\/\/cmykprinted.com\/de\/wp-json\/wp\/v2\/product\/2094\/revisions"}],"predecessor-version":[{"id":2096,"href":"https:\/\/cmykprinted.com\/de\/wp-json\/wp\/v2\/product\/2094\/revisions\/2096"}],"wp:featuredmedia":[{"embeddable":true,"href":"https:\/\/cmykprinted.com\/de\/wp-json\/wp\/v2\/media\/2090"}],"wp:attachment":[{"href":"https:\/\/cmykprinted.com\/de\/wp-json\/wp\/v2\/media?parent=2094"}],"wp:term":[{"taxonomy":"product_cat","embeddable":true,"href":"https:\/\/cmykprinted.com\/de\/wp-json\/wp\/v2\/product_cat?post=2094"},{"taxonomy":"product_tag","embeddable":true,"href":"https:\/\/cmykprinted.com\/de\/wp-json\/wp\/v2\/product_tag?post=2094"}],"curies":[{"name":"wp","href":"https:\/\/api.w.org\/{rel}","templated":true}]}}