{"id":2204,"date":"2024-09-27T08:24:46","date_gmt":"2024-09-27T08:24:46","guid":{"rendered":"https:\/\/cmykprinted.com\/?post_type=product&#038;p=2204"},"modified":"2024-09-30T01:11:28","modified_gmt":"2024-09-30T01:11:28","slug":"custom-advertising-flags-for-promotional-business-use-at-best-price","status":"publish","type":"product","link":"https:\/\/cmykprinted.com\/de\/produkt\/masgeschneiderte-werbefahnen-fur-promotionsgeschafte-zu-besten-preisen\/","title":{"rendered":"Individuelle Werbefahnen f\u00fcr Werbe- und Gesch\u00e4ftszwecke zum besten Preis"},"content":{"rendered":"","protected":false},"excerpt":{"rendered":"<p>Suchen Sie nach einer effektiven und dennoch kosteng\u00fcnstigen M\u00f6glichkeit, die Sichtbarkeit Ihrer Marke zu erh\u00f6hen? Individuell gestaltete Werbefahnen sind eine ideale L\u00f6sung f\u00fcr Unternehmen, die Aufmerksamkeit erregen und mehr Kunden anziehen m\u00f6chten. Diese lebendigen, individuell bedruckten Fahnen sind ein leistungsstarkes Marketinginstrument, um Ihre Ladenfront oder Ihren Auftritt bei Veranstaltungen zu verbessern. Unsere individuell gestalteten Werbefahnen k\u00f6nnen nicht nur f\u00fcr Gesch\u00e4ftszwecke verwendet werden, sondern auch zur Werbung f\u00fcr Sportveranstaltungen, zum Zeigen von Flaggen an Nationalfeiertagen und als Instrument f\u00fcr Pr\u00e4sidentschaftskampagnen in verschiedenen L\u00e4ndern. Lassen Sie die Leute \u00fcberall auf der Stra\u00dfe Fahnen mit Ihrem Namen oder Foto hochhalten, und der Preis ist auch g\u00fcnstig. Dies ist eine sehr effektive und kosteng\u00fcnstige Arbeit zur W\u00e4hlerwerbung.<\/p>\n<p><strong>Nehmen Sie Kontakt mit unserem Verkaufsteam auf, um den schnellsten und besten Service zu erhalten und kostenlose Muster zu erhalten und sich von unserer Qualit\u00e4t zu \u00fcberzeugen.<\/strong><\/p>\n<div style=\"width: 1280px;\" class=\"wp-video\"><!--[if lt IE 9]><script>document.createElement('video');<\/script><![endif]--><br \/>\n<video class=\"wp-video-shortcode\" id=\"video-2204-1\" width=\"1280\" height=\"576\" preload=\"metadata\" controls=\"controls\"><source type=\"video\/mp4\" src=\"https:\/\/cmykprinted.com\/wp-content\/uploads\/2024\/09\/custom-advertising-flags.mp4?_=1\" \/><a href=\"https:\/\/cmykprinted.com\/wp-content\/uploads\/2024\/09\/custom-advertising-flags.mp4\">https:\/\/cmykprinted.com\/wp-content\/uploads\/2024\/09\/custom-advertising-flags.mp4<\/a><\/video><\/div>\n<p>&nbsp;<\/p>","protected":false},"featured_media":2205,"template":"","meta":{"_kad_post_transparent":"default","_kad_post_title":"hide","_kad_post_layout":"fullwidth","_kad_post_sidebar_id":"","_kad_post_content_style":"unboxed","_kad_post_vertical_padding":"hide","_kad_post_feature":"hide","_kad_post_feature_position":"","_kad_post_header":false,"_kad_post_footer":false},"product_cat":[79],"product_tag":[500,499,503,501,502],"class_list":{"0":"post-2204","1":"product","2":"type-product","3":"status-publish","4":"has-post-thumbnail","6":"product_cat-custom-flags","7":"product_tag-advertising-flags","8":"product_tag-custom-advertising-flags","9":"product_tag-custom-advertising-flags-at-best-price","10":"product_tag-custom-flags","11":"product_tag-custom-flags-cheap","13":"first","14":"instock","15":"shipping-taxable","16":"product-type-simple","17":"entry","18":"content-bg","19":"loop-entry"},"_links":{"self":[{"href":"https:\/\/cmykprinted.com\/de\/wp-json\/wp\/v2\/product\/2204","targetHints":{"allow":["GET"]}}],"collection":[{"href":"https:\/\/cmykprinted.com\/de\/wp-json\/wp\/v2\/product"}],"about":[{"href":"https:\/\/cmykprinted.com\/de\/wp-json\/wp\/v2\/types\/product"}],"version-history":[{"count":3,"href":"https:\/\/cmykprinted.com\/de\/wp-json\/wp\/v2\/product\/2204\/revisions"}],"predecessor-version":[{"id":2212,"href":"https:\/\/cmykprinted.com\/de\/wp-json\/wp\/v2\/product\/2204\/revisions\/2212"}],"wp:featuredmedia":[{"embeddable":true,"href":"https:\/\/cmykprinted.com\/de\/wp-json\/wp\/v2\/media\/2205"}],"wp:attachment":[{"href":"https:\/\/cmykprinted.com\/de\/wp-json\/wp\/v2\/media?parent=2204"}],"wp:term":[{"taxonomy":"product_cat","embeddable":true,"href":"https:\/\/cmykprinted.com\/de\/wp-json\/wp\/v2\/product_cat?post=2204"},{"taxonomy":"product_tag","embeddable":true,"href":"https:\/\/cmykprinted.com\/de\/wp-json\/wp\/v2\/product_tag?post=2204"}],"curies":[{"name":"wp","href":"https:\/\/api.w.org\/{rel}","templated":true}]}}