{"id":2213,"date":"2024-09-30T03:03:20","date_gmt":"2024-09-30T03:03:20","guid":{"rendered":"https:\/\/cmykprinted.com\/?post_type=product&#038;p=2213"},"modified":"2024-10-02T12:51:57","modified_gmt":"2024-10-02T12:51:57","slug":"oval-pop-up-a-frame-banner-with-fast-turnaround","status":"publish","type":"product","link":"https:\/\/cmykprinted.com\/de\/produkt\/oval-pop-up-a-rahmen-banner-mit-schnellem-umschlag\/","title":{"rendered":"Ovales Pop-Up-Rahmenbanner mit schneller Bearbeitungszeit"},"content":{"rendered":"","protected":false},"excerpt":{"rendered":"<p>Im heutigen wettbewerbsintensiven Markt ist es wichtig, dass Ihre Marke hervorsticht. Geben Sie das Pop-Up A ein<\/p>\n<p>Rahmenbanner \u2013 eine leichte, tragbare und \u00e4u\u00dferst effektive Displayl\u00f6sung, die sich perfekt f\u00fcr Veranstaltungen im Innen- und Au\u00dfenbereich eignet. Diese vielseitigen Banner sind f\u00fcr sofortige Sichtbarkeit konzipiert und ideal f\u00fcr Sportveranstaltungen, Messen, Werbeaktionen und Wegweiser.<\/p>\n<p><strong>Hauptmerkmale<\/strong><br \/>\n<strong>Tragbarkeit und Komfort:<\/strong><br \/>\nDie ovalen Pop-Up-A-Frame-Banner sind auf Mobilit\u00e4t ausgelegt. Ihr faltbarer Metallrahmen l\u00e4sst sich m\u00fchelos in eine kompakte Aufbewahrungstasche zusammenfalten, sodass Transport und Aufbau ein Kinderspiel sind. Egal, ob Sie zu einer Messe oder einer Sportveranstaltung gehen, Sie k\u00f6nnen diese Banner problemlos \u00fcberallhin mitnehmen, wo Sie maximale Aufmerksamkeit ben\u00f6tigen.<\/p>\n<p><strong>Sicherheit geht vor:<\/strong><br \/>\nEines der herausragenden Merkmale des A-Frame-Designs ist seine Sicherheit. Im Gegensatz zu starren Displays stellen diese Banner keine Verletzungsgefahr f\u00fcr Spieler oder Teilnehmer auf Sportpl\u00e4tzen dar, was sie zu einer praktischen Wahl f\u00fcr Veranstaltungen im Freien macht.<\/p>\n<p><strong>Anpassbare Gr\u00f6\u00dfen und Formen:<\/strong><br \/>\nDer Pop-Up-A-Frame ist in vier Gr\u00f6\u00dfen erh\u00e4ltlich \u2013 Klein (62 x 126 cm), Mittel (65 x 160 cm), Gro\u00df (100 x 200 cm) und Extragro\u00df (110 x 270 cm) \u2013 und kann f\u00fcr jeden Anlass angepasst werden. Jedes Banner ist doppelseitig mit einem Farbsublimationsdruck versehen, der lebendige Grafiken gew\u00e4hrleistet, die aus allen Winkeln Aufmerksamkeit erregen.<\/p>\n<p><strong>Stabilit\u00e4t unter allen Bedingungen:<\/strong><br \/>\nUm Stabilit\u00e4t zu gew\u00e4hrleisten, wird jedes Banner mit Bodenpf\u00e4hlen f\u00fcr den Einsatz auf weichen Oberfl\u00e4chen wie Sand, Gras, Schnee oder Erde geliefert. Auf harten Oberfl\u00e4chen beschweren Sie sie einfach f\u00fcr zus\u00e4tzliche Sicherheit. Diese Funktion stellt sicher, dass Ihr Banner unabh\u00e4ngig von der Umgebung aufrecht und sichtbar bleibt.<\/p>\n<p><strong>Perfekt f\u00fcr jede Veranstaltung<\/strong><br \/>\nDie Pop-Up-A-Frame-Banner eignen sich besonders gut f\u00fcr Outdoor-Events wie Laufwettbewerbe, Golfturniere und Festivals. Da sie sich leicht aufstellen, abbauen und lagern lassen, sind sie die erste Wahl f\u00fcr Veranstalter, die ihre Markenpr\u00e4sentation und -bindung maximieren m\u00f6chten.<\/p>\n<div style=\"width: 800px;\" class=\"wp-video\"><!--[if lt IE 9]><script>document.createElement('video');<\/script><![endif]--><br \/>\n<video class=\"wp-video-shortcode\" id=\"video-2213-1\" width=\"800\" height=\"800\" preload=\"metadata\" controls=\"controls\"><source type=\"video\/mp4\" src=\"https:\/\/cmykprinted.com\/wp-content\/uploads\/2024\/09\/pop-up-a-frame-banner-01.mp4?_=1\" \/><a href=\"https:\/\/cmykprinted.com\/wp-content\/uploads\/2024\/09\/pop-up-a-frame-banner-01.mp4\">https:\/\/cmykprinted.com\/wp-content\/uploads\/2024\/09\/pop-up-a-frame-banner-01.mp4<\/a><\/video><\/div>","protected":false},"featured_media":2217,"template":"","meta":{"_kad_post_transparent":"default","_kad_post_title":"hide","_kad_post_layout":"fullwidth","_kad_post_sidebar_id":"","_kad_post_content_style":"unboxed","_kad_post_vertical_padding":"hide","_kad_post_feature":"hide","_kad_post_feature_position":"","_kad_post_header":false,"_kad_post_footer":false},"product_cat":[92,94],"product_tag":[506,505,504,128],"class_list":{"0":"post-2213","1":"product","2":"type-product","3":"status-publish","4":"has-post-thumbnail","6":"product_cat-pop-up-banners","7":"product_cat-horizontal-pop-up-banners","8":"product_tag-a-frame-banner","9":"product_tag-oval-pop-up-a-frame-banner","10":"product_tag-pop-up-a-frame-banner","11":"product_tag-pop-up-banner","13":"first","14":"instock","15":"shipping-taxable","16":"product-type-simple","17":"entry","18":"content-bg","19":"loop-entry"},"_links":{"self":[{"href":"https:\/\/cmykprinted.com\/de\/wp-json\/wp\/v2\/product\/2213","targetHints":{"allow":["GET"]}}],"collection":[{"href":"https:\/\/cmykprinted.com\/de\/wp-json\/wp\/v2\/product"}],"about":[{"href":"https:\/\/cmykprinted.com\/de\/wp-json\/wp\/v2\/types\/product"}],"version-history":[{"count":1,"href":"https:\/\/cmykprinted.com\/de\/wp-json\/wp\/v2\/product\/2213\/revisions"}],"predecessor-version":[{"id":2222,"href":"https:\/\/cmykprinted.com\/de\/wp-json\/wp\/v2\/product\/2213\/revisions\/2222"}],"wp:featuredmedia":[{"embeddable":true,"href":"https:\/\/cmykprinted.com\/de\/wp-json\/wp\/v2\/media\/2217"}],"wp:attachment":[{"href":"https:\/\/cmykprinted.com\/de\/wp-json\/wp\/v2\/media?parent=2213"}],"wp:term":[{"taxonomy":"product_cat","embeddable":true,"href":"https:\/\/cmykprinted.com\/de\/wp-json\/wp\/v2\/product_cat?post=2213"},{"taxonomy":"product_tag","embeddable":true,"href":"https:\/\/cmykprinted.com\/de\/wp-json\/wp\/v2\/product_tag?post=2213"}],"curies":[{"name":"wp","href":"https:\/\/api.w.org\/{rel}","templated":true}]}}