{"id":2471,"date":"2025-05-09T08:04:34","date_gmt":"2025-05-09T08:04:34","guid":{"rendered":"https:\/\/cmykprinted.com\/?post_type=product&#038;p=2471"},"modified":"2025-05-09T08:04:34","modified_gmt":"2025-05-09T08:04:34","slug":"cheap-outdoor-printed-mesh-banners-for-fence","status":"publish","type":"product","link":"https:\/\/cmykprinted.com\/de\/produkt\/gunstige-outdoor-bedruckte-mesh-banner-fur-zaun\/","title":{"rendered":"G\u00fcnstige Outdoor-bedruckte Mesh-Banner f\u00fcr Z\u00e4une"},"content":{"rendered":"","protected":false},"excerpt":{"rendered":"<p>Das Anbringen von Mesh-Werbebannern an Z\u00e4unen ist eine sehr effektive M\u00f6glichkeit, Marken zu bewerben. Z\u00e4une sind \u00fcberall zu sehen, und leichte Mesh-Banner k\u00f6nnen beidseitig angebracht werden. Diese Art von Banner ist wasser- und sonnenbest\u00e4ndig und sehr einfach zu installieren. Normalerweise wird das Banner mit \u00d6sen umwickelt, sodass es mit Riemen sehr stabil am Zaun befestigt werden kann. Die R\u00e4nder des Banners werden mit Gurtband umwickelt, um es haltbarer zu machen. Es ist widerstandsf\u00e4higer gegen Wind. Die Oberfl\u00e4che des Mesh-Banners ist mit vielen L\u00f6chern versehen, wodurch es sehr windbest\u00e4ndig ist und der Wind direkt durch die Oberfl\u00e4che des Banners dringen kann. Im Gegensatz zu PVC-Bannern, die keine L\u00f6cher haben, werden bei PVC-Bannern manchmal absichtlich einige Schnitte mit der Schere in die Oberfl\u00e4che gemacht, um die Haltbarkeit zu erh\u00f6hen. Dadurch wird die Integrit\u00e4t des gesamten Bildes zerst\u00f6rt.<\/p>\n<div style=\"width: 960px;\" class=\"wp-video\"><!--[if lt IE 9]><script>document.createElement('video');<\/script><![endif]--><br \/>\n<video class=\"wp-video-shortcode\" id=\"video-2471-1\" width=\"960\" height=\"540\" preload=\"metadata\" controls=\"controls\"><source type=\"video\/mp4\" src=\"https:\/\/cmykprinted.com\/wp-content\/uploads\/2025\/02\/Barrier-Covers.mp4?_=1\" \/><a href=\"https:\/\/cmykprinted.com\/wp-content\/uploads\/2025\/02\/Barrier-Covers.mp4\">https:\/\/cmykprinted.com\/wp-content\/uploads\/2025\/02\/Barrier-Covers.mp4<\/a><\/video><\/div>\n<p>R<\/p>\n<div style=\"width: 960px;\" class=\"wp-video\"><video class=\"wp-video-shortcode\" id=\"video-2471-2\" width=\"960\" height=\"540\" preload=\"metadata\" controls=\"controls\"><source type=\"video\/mp4\" src=\"https:\/\/cmykprinted.com\/wp-content\/uploads\/2025\/02\/Fence-Mesh-Signage.mp4?_=2\" \/><a href=\"https:\/\/cmykprinted.com\/wp-content\/uploads\/2025\/02\/Fence-Mesh-Signage.mp4\">https:\/\/cmykprinted.com\/wp-content\/uploads\/2025\/02\/Fence-Mesh-Signage.mp4<\/a><\/video><\/div>","protected":false},"featured_media":2477,"template":"","meta":{"_kad_post_transparent":"default","_kad_post_title":"hide","_kad_post_layout":"fullwidth","_kad_post_sidebar_id":"","_kad_post_content_style":"unboxed","_kad_post_vertical_padding":"hide","_kad_post_feature":"hide","_kad_post_feature_position":"","_kad_post_header":false,"_kad_post_footer":false},"product_cat":[85,86],"product_tag":[554,553,555],"class_list":{"0":"post-2471","1":"product","2":"type-product","3":"status-publish","4":"has-post-thumbnail","6":"product_cat-outdoor-vinyl-banners","7":"product_cat-fence-mesh-banners","8":"product_tag-cheap-outdoor-printed-mesh-banners","9":"product_tag-mesh-banners-for-fence","10":"product_tag-printed-mesh-banners","12":"first","13":"instock","14":"shipping-taxable","15":"product-type-simple","16":"entry","17":"content-bg","18":"loop-entry"},"_links":{"self":[{"href":"https:\/\/cmykprinted.com\/de\/wp-json\/wp\/v2\/product\/2471","targetHints":{"allow":["GET"]}}],"collection":[{"href":"https:\/\/cmykprinted.com\/de\/wp-json\/wp\/v2\/product"}],"about":[{"href":"https:\/\/cmykprinted.com\/de\/wp-json\/wp\/v2\/types\/product"}],"version-history":[{"count":1,"href":"https:\/\/cmykprinted.com\/de\/wp-json\/wp\/v2\/product\/2471\/revisions"}],"predecessor-version":[{"id":2480,"href":"https:\/\/cmykprinted.com\/de\/wp-json\/wp\/v2\/product\/2471\/revisions\/2480"}],"wp:featuredmedia":[{"embeddable":true,"href":"https:\/\/cmykprinted.com\/de\/wp-json\/wp\/v2\/media\/2477"}],"wp:attachment":[{"href":"https:\/\/cmykprinted.com\/de\/wp-json\/wp\/v2\/media?parent=2471"}],"wp:term":[{"taxonomy":"product_cat","embeddable":true,"href":"https:\/\/cmykprinted.com\/de\/wp-json\/wp\/v2\/product_cat?post=2471"},{"taxonomy":"product_tag","embeddable":true,"href":"https:\/\/cmykprinted.com\/de\/wp-json\/wp\/v2\/product_tag?post=2471"}],"curies":[{"name":"wp","href":"https:\/\/api.w.org\/{rel}","templated":true}]}}