{"id":2582,"date":"2025-05-21T06:04:22","date_gmt":"2025-05-21T06:04:22","guid":{"rendered":"https:\/\/cmykprinted.com\/?post_type=product&#038;p=2582"},"modified":"2025-05-21T06:04:22","modified_gmt":"2025-05-21T06:04:22","slug":"custom-feather-flags-australia-queensland-beach-banners","status":"publish","type":"product","link":"https:\/\/cmykprinted.com\/de\/produkt\/benutzerdefinierte-feder-flaggen-australien-queensland-strand-banner\/","title":{"rendered":"Benutzerdefinierte Federfahnen Australien Queensland Strandbanner"},"content":{"rendered":"","protected":false},"excerpt":{"rendered":"<p>Individuell gestaltete Federfahnen sind eine attraktive und effektive M\u00f6glichkeit, Ihr Unternehmen, Ihre Marke oder Ihre Veranstaltung in ganz Australien zu bewerben. Diese auff\u00e4lligen Banner sind f\u00fcr hohe Sichtbarkeit konzipiert und eignen sich perfekt f\u00fcr M\u00e4rkte, Schaufenster, Festivals, Sportveranstaltungen und Messen. Ob kleines Unternehmen oder nationale Marke \u2013 Federfahnen bieten eine professionelle und kosteng\u00fcnstige Werbel\u00f6sung.<\/p>\n<p>Im abwechslungsreichen Klima Australiens sind unsere Federfahnen besonders langlebig. Hergestellt aus strapazierf\u00e4higem Polyestergewebe und mit UV-best\u00e4ndiger Tinte bedruckt, halten sie starker Sonne, Wind und Regen stand. Dank ihres leichten Designs lassen sie sich einfach aufstellen, transportieren und bei Bedarf neu positionieren.<\/p>\n<p>Sie k\u00f6nnen je nach Ihren Sichtbarkeitsanforderungen zwischen einseitigem oder beidseitigem Druck w\u00e4hlen. Jede Flagge kann vollst\u00e4ndig mit Ihrem Logo, Ihren Farben und Ihrer Botschaft personalisiert werden, sodass Sie \u00fcberall auffallen. Verschiedene Gr\u00f6\u00dfen und Sockeloptionen sind f\u00fcr unterschiedliche Oberfl\u00e4chen erh\u00e4ltlich \u2013 ob Sie Erdspie\u00dfe f\u00fcr Str\u00e4nde und Felder oder Kreuzsockel mit Wassers\u00e4cken f\u00fcr Beton oder Innenbereiche ben\u00f6tigen.<\/p>\n<p>Von Melbourne bis Brisbane, von Sydney bis Perth beliefern wir Unternehmen im ganzen Land mit individuellen Federfahnen, die schnell produziert und einfach installiert werden k\u00f6nnen. Unser Team unterst\u00fctzt Sie bei Design, Druck und Lieferung und sorgt so stets f\u00fcr einen reibungslosen und zuverl\u00e4ssigen Ablauf.<\/p>\n<p>W\u00e4hlen Sie Custom Feather Flags Australia, um die Pr\u00e4senz Ihrer Marke zu steigern und \u00fcberall Aufmerksamkeit zu erregen.<\/p>","protected":false},"featured_media":2584,"template":"","meta":{"_kad_post_transparent":"default","_kad_post_title":"hide","_kad_post_layout":"fullwidth","_kad_post_sidebar_id":"","_kad_post_content_style":"unboxed","_kad_post_vertical_padding":"hide","_kad_post_feature":"hide","_kad_post_feature_position":"","_kad_post_header":false,"_kad_post_footer":false},"product_cat":[64,65,66,67],"product_tag":[321,573,574,575],"class_list":{"0":"post-2582","1":"product","2":"type-product","3":"status-publish","4":"has-post-thumbnail","6":"product_cat-beach-flags","7":"product_cat-feather-flags-banners","8":"product_cat-rectangular-flags-banners","9":"product_cat-teardrop-flags-banners","10":"product_tag-custom-feather-flags","11":"product_tag-feather-flags-australia","12":"product_tag-feather-flags-queensland","13":"product_tag-queensland-beach-banners","15":"first","16":"instock","17":"shipping-taxable","18":"product-type-simple","19":"entry","20":"content-bg","21":"loop-entry"},"_links":{"self":[{"href":"https:\/\/cmykprinted.com\/de\/wp-json\/wp\/v2\/product\/2582","targetHints":{"allow":["GET"]}}],"collection":[{"href":"https:\/\/cmykprinted.com\/de\/wp-json\/wp\/v2\/product"}],"about":[{"href":"https:\/\/cmykprinted.com\/de\/wp-json\/wp\/v2\/types\/product"}],"version-history":[{"count":1,"href":"https:\/\/cmykprinted.com\/de\/wp-json\/wp\/v2\/product\/2582\/revisions"}],"predecessor-version":[{"id":2590,"href":"https:\/\/cmykprinted.com\/de\/wp-json\/wp\/v2\/product\/2582\/revisions\/2590"}],"wp:featuredmedia":[{"embeddable":true,"href":"https:\/\/cmykprinted.com\/de\/wp-json\/wp\/v2\/media\/2584"}],"wp:attachment":[{"href":"https:\/\/cmykprinted.com\/de\/wp-json\/wp\/v2\/media?parent=2582"}],"wp:term":[{"taxonomy":"product_cat","embeddable":true,"href":"https:\/\/cmykprinted.com\/de\/wp-json\/wp\/v2\/product_cat?post=2582"},{"taxonomy":"product_tag","embeddable":true,"href":"https:\/\/cmykprinted.com\/de\/wp-json\/wp\/v2\/product_tag?post=2582"}],"curies":[{"name":"wp","href":"https:\/\/api.w.org\/{rel}","templated":true}]}}