{"id":2591,"date":"2025-05-21T09:11:06","date_gmt":"2025-05-21T09:11:06","guid":{"rendered":"https:\/\/cmykprinted.com\/?post_type=product&#038;p=2591"},"modified":"2025-05-23T14:07:36","modified_gmt":"2025-05-23T14:07:36","slug":"custom-printed-promotional-tablecloths-australia","status":"publish","type":"product","link":"https:\/\/cmykprinted.com\/de\/produkt\/individuell-bedruckte-werbetischdecken-australien\/","title":{"rendered":"Individuell bedruckte Werbetischdecken Australien"},"content":{"rendered":"","protected":false},"excerpt":{"rendered":"<p data-start=\"197\" data-end=\"540\">Individuell bedruckte Werbetischdecken sind ein unverzichtbares Branding-Tool f\u00fcr Unternehmen und Organisationen, die auf Messen, Ausstellungen, Produkteinf\u00fchrungen und anderen Veranstaltungen in ganz Australien einen professionellen und auff\u00e4lligen Auftritt gestalten m\u00f6chten. Diese Tischdecken wurden entwickelt, um die Sichtbarkeit und Markenpr\u00e4senz zu verbessern und bieten sowohl Funktionalit\u00e4t als auch Stil.<\/p>\n<p data-start=\"542\" data-end=\"865\">Unsere Tischdecken bestehen aus hochwertigem Polyestergewebe, das f\u00fcr seine Langlebigkeit, Knitterfestigkeit und brillante Farbwiedergabe bekannt ist. Dank fortschrittlichem Thermosublimationsdruck k\u00f6nnen wir Ihre Tischdecke individuell gestalten \u2013 mit Logos, Slogans, Grafiken oder vollfl\u00e4chigen Designs \u2013 und sorgen so daf\u00fcr, dass Ihre Marke aus jedem Blickwinkel wahrgenommen wird.<\/p>\n<p data-start=\"867\" data-end=\"931\">Wir bieten eine Vielzahl von Stilen f\u00fcr unterschiedliche Bed\u00fcrfnisse, darunter:<\/p>\n<ul data-start=\"932\" data-end=\"1201\">\n<li data-start=\"932\" data-end=\"1022\">\n<p data-start=\"934\" data-end=\"1022\"><strong data-start=\"934\" data-end=\"961\">Lose\/Drapierte Tischdecken<\/strong> \u2013 Eine vielseitige Option, die zu den meisten Standard-Bocktischen passt.<\/p>\n<\/li>\n<li data-start=\"1023\" data-end=\"1105\">\n<p data-start=\"1025\" data-end=\"1105\"><strong data-start=\"1025\" data-end=\"1048\">Passende Tischdecken<\/strong> \u2013 Sorgt f\u00fcr ein sauberes, ma\u00dfgeschneidertes Erscheinungsbild mit scharfen Linien.<\/p>\n<\/li>\n<li data-start=\"1106\" data-end=\"1201\">\n<p data-start=\"1108\" data-end=\"1201\"><strong data-start=\"1108\" data-end=\"1132\">Stretch-Tischhussen<\/strong> \u2013 Modern und elegant, bieten diese eine bequeme Passform mit einem faltenfreien Aussehen.<\/p>\n<\/li>\n<\/ul>\n<p data-start=\"1203\" data-end=\"1377\">Verf\u00fcgbare Gr\u00f6\u00dfen f\u00fcr 4-Fu\u00df-, 6-Fu\u00df- und 8-Fu\u00df-Tische. Sondergr\u00f6\u00dfen sind auf Anfrage erh\u00e4ltlich. Zur Auswahl stehen offene (f\u00fcr sitzendes Personal oder Lagerzugang) oder geschlossene Ausf\u00fchrungen.<\/p>\n<p data-start=\"1379\" data-end=\"1529\">Diese Werbetischdecken eignen sich perfekt f\u00fcr den Innen- und Au\u00dfenbereich, sind maschinenwaschbar und wiederverwendbar \u2013 und stellen somit eine kosteng\u00fcnstige Marketinginvestition dar.<\/p>\n<p data-start=\"1531\" data-end=\"1673\">Egal, ob Sie in Sydney, Melbourne, Brisbane oder Perth ausstellen, mit unseren individuell bedruckten Tischdecken hinterlassen Sie einen starken und bleibenden Eindruck.<\/p>\n<div style=\"width: 1280px;\" class=\"wp-video\"><!--[if lt IE 9]><script>document.createElement('video');<\/script><![endif]--><br \/>\n<video class=\"wp-video-shortcode\" id=\"video-2591-1\" width=\"1280\" height=\"720\" preload=\"metadata\" controls=\"controls\"><source type=\"video\/mp4\" src=\"https:\/\/cmykprinted.com\/wp-content\/uploads\/2025\/05\/Promotional-Tablecloths-Australia.mp4?_=1\" \/><a href=\"https:\/\/cmykprinted.com\/wp-content\/uploads\/2025\/05\/Promotional-Tablecloths-Australia.mp4\">https:\/\/cmykprinted.com\/wp-content\/uploads\/2025\/05\/Promotional-Tablecloths-Australia.mp4<\/a><\/video><\/div>","protected":false},"featured_media":2610,"template":"","meta":{"_kad_post_transparent":"default","_kad_post_title":"hide","_kad_post_layout":"fullwidth","_kad_post_sidebar_id":"","_kad_post_content_style":"unboxed","_kad_post_vertical_padding":"hide","_kad_post_feature":"hide","_kad_post_feature_position":"","_kad_post_header":false,"_kad_post_footer":false},"product_cat":[80,81],"product_tag":[577,579,578,576],"class_list":{"0":"post-2591","1":"product","2":"type-product","3":"status-publish","4":"has-post-thumbnail","6":"product_cat-custom-tablecloth","7":"product_cat-custom-stretch-tablecloth","8":"product_tag-custom-printed-promotional-tablecloths","9":"product_tag-custom-printed-tablecloths","10":"product_tag-printed-promotional-tablecloths","11":"product_tag-promotional-tablecloths-australia","13":"first","14":"instock","15":"shipping-taxable","16":"product-type-simple","17":"entry","18":"content-bg","19":"loop-entry"},"_links":{"self":[{"href":"https:\/\/cmykprinted.com\/de\/wp-json\/wp\/v2\/product\/2591","targetHints":{"allow":["GET"]}}],"collection":[{"href":"https:\/\/cmykprinted.com\/de\/wp-json\/wp\/v2\/product"}],"about":[{"href":"https:\/\/cmykprinted.com\/de\/wp-json\/wp\/v2\/types\/product"}],"version-history":[{"count":2,"href":"https:\/\/cmykprinted.com\/de\/wp-json\/wp\/v2\/product\/2591\/revisions"}],"predecessor-version":[{"id":2611,"href":"https:\/\/cmykprinted.com\/de\/wp-json\/wp\/v2\/product\/2591\/revisions\/2611"}],"wp:featuredmedia":[{"embeddable":true,"href":"https:\/\/cmykprinted.com\/de\/wp-json\/wp\/v2\/media\/2610"}],"wp:attachment":[{"href":"https:\/\/cmykprinted.com\/de\/wp-json\/wp\/v2\/media?parent=2591"}],"wp:term":[{"taxonomy":"product_cat","embeddable":true,"href":"https:\/\/cmykprinted.com\/de\/wp-json\/wp\/v2\/product_cat?post=2591"},{"taxonomy":"product_tag","embeddable":true,"href":"https:\/\/cmykprinted.com\/de\/wp-json\/wp\/v2\/product_tag?post=2591"}],"curies":[{"name":"wp","href":"https:\/\/api.w.org\/{rel}","templated":true}]}}