{"id":2660,"date":"2025-05-30T09:38:31","date_gmt":"2025-05-30T09:38:31","guid":{"rendered":"https:\/\/cmykprinted.com\/?post_type=product&#038;p=2660"},"modified":"2025-05-30T09:38:32","modified_gmt":"2025-05-30T09:38:32","slug":"custom-vinyl-banners-printing-for-business-and-vinyl-signs","status":"publish","type":"product","link":"https:\/\/cmykprinted.com\/de\/produkt\/benutzerdefinierte-vinyl-banner-druck-fur-unternehmen-und-vinyl-schilder\/","title":{"rendered":"Individueller Druck von Vinyl-Bannern f\u00fcr Unternehmen und Vinyl-Schilder"},"content":{"rendered":"","protected":false},"excerpt":{"rendered":"<p>F\u00fcr die Werbung unseres Unternehmens brauchten wir etwas Auff\u00e4lliges, Langlebiges und Auff\u00e4lliges. Deshalb haben wir uns f\u00fcr individuelle Vinyl-Banner entschieden \u2013 und sind mit dem Ergebnis mehr als zufrieden. Mit Vinyl-Bannern k\u00f6nnen wir professionell f\u00fcr Verk\u00e4ufe werben, Veranstaltungen pr\u00e4sentieren und die Markenpr\u00e4senz im Innen- und Au\u00dfenbereich erh\u00f6hen.<\/p>\n<p>Was uns besonders gef\u00e4llt, ist die Flexibilit\u00e4t. Wir konnten unsere Banner mit unserem Logo, unseren Markenfarben und unserer Botschaft individuell gestalten. Ob Er\u00f6ffnung, Messe oder Wochenendverkauf \u2013 mit diesen Bannern fallen wir sofort auf. Der brillante Vollfarbdruck l\u00e4sst unsere Grafiken hervorstechen, und wir k\u00f6nnen aus einer gro\u00dfen Auswahl an Gr\u00f6\u00dfen w\u00e4hlen, die f\u00fcr verschiedene Pr\u00e4sentationsfl\u00e4chen geeignet sind \u2013 von Schaufenstern \u00fcber Z\u00e4une bis hin zu B\u00fchnen und vielem mehr.<\/p>\n<p>Die Langlebigkeit ist ein weiterer gro\u00dfer Vorteil. Die Banner sind auf strapazierf\u00e4higem Vinyl gedruckt, das Wind, Regen und Sonne hervorragend standh\u00e4lt. Wir haben unsere Banner mehrfach wiederverwendet, ohne dass sie verblassten oder rissen. Dank der verst\u00e4rkten Kanten und Metall\u00f6sen lassen sie sich einfach aufh\u00e4ngen und befestigen \u2013 ganz ohne Stress und Aufwand.<\/p>\n<p>Auch die Bestellung ist unkompliziert. Wir haben einfach unser Design hochgeladen, die gew\u00fcnschten Spezifikationen ausgew\u00e4hlt und unsere Banner schnell erhalten. Die Qualit\u00e4t war beeindruckend, vor allem angesichts der kurzen Lieferzeit.<\/p>\n<p>Insgesamt war der individuelle Vinyl-Bannerdruck f\u00fcr uns eine kosteng\u00fcnstige und wirkungsvolle M\u00f6glichkeit, unser Unternehmen zu vermarkten. Es ist eine einfache L\u00f6sung, die \u00fcberzeugende Ergebnisse liefert.<\/p>\n<div style=\"width: 1290px;\" class=\"wp-video\"><!--[if lt IE 9]><script>document.createElement('video');<\/script><![endif]--><br \/>\n<video class=\"wp-video-shortcode\" id=\"video-2660-1\" width=\"1290\" height=\"726\" loop autoplay preload=\"auto\" controls=\"controls\"><source type=\"video\/mp4\" src=\"http:\/\/cmykprinted.com\/wp-content\/uploads\/2022\/12\/Fence-Mesh-Banners.mp4?_=1\" \/><a href=\"http:\/\/cmykprinted.com\/wp-content\/uploads\/2022\/12\/Fence-Mesh-Banners.mp4\">http:\/\/cmykprinted.com\/wp-content\/uploads\/2022\/12\/Fence-Mesh-Banners.mp4<\/a><\/video><\/div>\n<p>&nbsp;<\/p>","protected":false},"featured_media":2664,"template":"","meta":{"_kad_post_transparent":"default","_kad_post_title":"hide","_kad_post_layout":"fullwidth","_kad_post_sidebar_id":"","_kad_post_content_style":"unboxed","_kad_post_vertical_padding":"hide","_kad_post_feature":"hide","_kad_post_feature_position":"","_kad_post_header":false,"_kad_post_footer":false},"product_cat":[85,87,86],"product_tag":[602,601,603,600],"class_list":{"0":"post-2660","1":"product","2":"type-product","3":"status-publish","4":"has-post-thumbnail","6":"product_cat-outdoor-vinyl-banners","7":"product_cat-fabric-mesh-banners","8":"product_cat-fence-mesh-banners","9":"product_tag-custom-vinyl-banners-for-business","10":"product_tag-custom-vinyl-banners-printing","11":"product_tag-custom-vinyl-signs","12":"product_tag-vinyl-signs","14":"first","15":"instock","16":"shipping-taxable","17":"product-type-simple","18":"entry","19":"content-bg","20":"loop-entry"},"_links":{"self":[{"href":"https:\/\/cmykprinted.com\/de\/wp-json\/wp\/v2\/product\/2660","targetHints":{"allow":["GET"]}}],"collection":[{"href":"https:\/\/cmykprinted.com\/de\/wp-json\/wp\/v2\/product"}],"about":[{"href":"https:\/\/cmykprinted.com\/de\/wp-json\/wp\/v2\/types\/product"}],"version-history":[{"count":1,"href":"https:\/\/cmykprinted.com\/de\/wp-json\/wp\/v2\/product\/2660\/revisions"}],"predecessor-version":[{"id":2666,"href":"https:\/\/cmykprinted.com\/de\/wp-json\/wp\/v2\/product\/2660\/revisions\/2666"}],"wp:featuredmedia":[{"embeddable":true,"href":"https:\/\/cmykprinted.com\/de\/wp-json\/wp\/v2\/media\/2664"}],"wp:attachment":[{"href":"https:\/\/cmykprinted.com\/de\/wp-json\/wp\/v2\/media?parent=2660"}],"wp:term":[{"taxonomy":"product_cat","embeddable":true,"href":"https:\/\/cmykprinted.com\/de\/wp-json\/wp\/v2\/product_cat?post=2660"},{"taxonomy":"product_tag","embeddable":true,"href":"https:\/\/cmykprinted.com\/de\/wp-json\/wp\/v2\/product_tag?post=2660"}],"curies":[{"name":"wp","href":"https:\/\/api.w.org\/{rel}","templated":true}]}}