{"id":2799,"date":"2025-07-08T08:16:30","date_gmt":"2025-07-08T08:16:30","guid":{"rendered":"https:\/\/cmykprinted.com\/?post_type=product&#038;p=2799"},"modified":"2025-07-08T08:16:30","modified_gmt":"2025-07-08T08:16:30","slug":"custom-fabric-banners","status":"publish","type":"product","link":"https:\/\/cmykprinted.com\/de\/produkt\/individuelle-stoff-banner\/","title":{"rendered":"Individuelle Stoffbanner f\u00fcr Messen\/Sport\/Events mit 20 % Preisnachlass"},"content":{"rendered":"","protected":false},"excerpt":{"rendered":"<p>Sorgen Sie mit unseren hochwertigen, individuellen Stoffbannern f\u00fcr einen starken Eindruck auf Messen, Sportveranstaltungen oder anderen besonderen Anl\u00e4ssen. Hergestellt aus hochwertigen, langlebigen Materialien, liefern diese Banner lebendige, gestochen scharfe Grafiken, die alle Blicke auf sich ziehen und Ihre Markenpr\u00e4senz st\u00e4rken. Leicht und dennoch robust, sind sie einfach zu transportieren, zu installieren und wiederzuverwenden \u2013 das spart Ihnen Zeit und Geld.<\/p>\n<p>Ob Sie Ihr Unternehmen auf einer Messe pr\u00e4sentieren, Ihr Team anfeuern oder eine beeindruckende Eventkulisse gestalten m\u00f6chten \u2013 unsere Stoffbanner bieten vielseitige L\u00f6sungen, ma\u00dfgeschneidert f\u00fcr Ihre individuellen Bed\u00fcrfnisse. Genie\u00dfen Sie lebendige Farben dank fortschrittlichem Thermosublimationsdruck und sorgen Sie so f\u00fcr eine ausdrucksstarke und professionelle Botschaft.<\/p>\n<p>Verpassen Sie nicht unser zeitlich begrenztes Angebot: Sichern Sie sich noch heute 20 % Rabatt auf Ihre individuellen Stoffbanner und lassen Sie Ihre Marke noch strahlender erstrahlen. Kontaktieren Sie uns jetzt, um Ihre Pr\u00e4sentation zu optimieren und sich von der Konkurrenz abzuheben!<\/p>\n<div style=\"width: 854px;\" class=\"wp-video\"><!--[if lt IE 9]><script>document.createElement('video');<\/script><![endif]--><br \/>\n<video class=\"wp-video-shortcode\" id=\"video-2799-1\" width=\"854\" height=\"480\" preload=\"metadata\" controls=\"controls\"><source type=\"video\/mp4\" src=\"https:\/\/cmykprinted.com\/wp-content\/uploads\/2025\/06\/Large-Flag-Banner-for-Football-Events.mp4?_=1\" \/><a href=\"https:\/\/cmykprinted.com\/wp-content\/uploads\/2025\/06\/Large-Flag-Banner-for-Football-Events.mp4\">https:\/\/cmykprinted.com\/wp-content\/uploads\/2025\/06\/Large-Flag-Banner-for-Football-Events.mp4<\/a><\/video><\/div>","protected":false},"featured_media":2807,"template":"","meta":{"_kad_post_transparent":"default","_kad_post_title":"hide","_kad_post_layout":"fullwidth","_kad_post_sidebar_id":"","_kad_post_content_style":"unboxed","_kad_post_vertical_padding":"hide","_kad_post_feature":"hide","_kad_post_feature_position":"","_kad_post_header":false,"_kad_post_footer":false},"product_cat":[79],"product_tag":[646,408,648,647],"class_list":{"0":"post-2799","1":"product","2":"type-product","3":"status-publish","4":"has-post-thumbnail","6":"product_cat-custom-flags","7":"product_tag-custom-fabric-banners","8":"product_tag-fabric-banners","9":"product_tag-fabric-banners-for-events","10":"product_tag-fabric-banners-for-trade-show","12":"first","13":"instock","14":"shipping-taxable","15":"product-type-simple","16":"entry","17":"content-bg","18":"loop-entry"},"_links":{"self":[{"href":"https:\/\/cmykprinted.com\/de\/wp-json\/wp\/v2\/product\/2799","targetHints":{"allow":["GET"]}}],"collection":[{"href":"https:\/\/cmykprinted.com\/de\/wp-json\/wp\/v2\/product"}],"about":[{"href":"https:\/\/cmykprinted.com\/de\/wp-json\/wp\/v2\/types\/product"}],"version-history":[{"count":1,"href":"https:\/\/cmykprinted.com\/de\/wp-json\/wp\/v2\/product\/2799\/revisions"}],"predecessor-version":[{"id":2808,"href":"https:\/\/cmykprinted.com\/de\/wp-json\/wp\/v2\/product\/2799\/revisions\/2808"}],"wp:featuredmedia":[{"embeddable":true,"href":"https:\/\/cmykprinted.com\/de\/wp-json\/wp\/v2\/media\/2807"}],"wp:attachment":[{"href":"https:\/\/cmykprinted.com\/de\/wp-json\/wp\/v2\/media?parent=2799"}],"wp:term":[{"taxonomy":"product_cat","embeddable":true,"href":"https:\/\/cmykprinted.com\/de\/wp-json\/wp\/v2\/product_cat?post=2799"},{"taxonomy":"product_tag","embeddable":true,"href":"https:\/\/cmykprinted.com\/de\/wp-json\/wp\/v2\/product_tag?post=2799"}],"curies":[{"name":"wp","href":"https:\/\/api.w.org\/{rel}","templated":true}]}}