{"id":2883,"date":"2025-11-03T04:08:00","date_gmt":"2025-11-03T04:08:00","guid":{"rendered":"https:\/\/cmykprinted.com\/?post_type=product&#038;p=2883"},"modified":"2025-11-03T04:08:00","modified_gmt":"2025-11-03T04:08:00","slug":"custom-trade-show-table-runner","status":"publish","type":"product","link":"https:\/\/cmykprinted.com\/de\/produkt\/benutzerdefinierte-messe-tischlaufer\/","title":{"rendered":"Preisg\u00fcnstiger, individuell gestalteter Messetischl\u00e4ufer im Gro\u00dfhandel mit 48 Stunden Lieferzeit"},"content":{"rendered":"","protected":false},"excerpt":{"rendered":"<p data-start=\"1431\" data-end=\"1712\">Heben Sie sich auf jeder Veranstaltung ab mit unseren preisg\u00fcnstigen, individuell gestaltbaren Tischl\u00e4ufern f\u00fcr Messen \u2013 die clevere und kosteng\u00fcnstige Art, Ihre Marke zu pr\u00e4sentieren. Unsere Tischl\u00e4ufer f\u00fcr Messen sind aus strapazierf\u00e4higem, knitterfreiem Stoff gefertigt und mit leuchtenden Farben bedruckt, damit Ihr Logo optimal zur Geltung kommt.<\/p>\n<p data-start=\"1431\" data-end=\"1712\">Diese Tischl\u00e4ufer sind ideal f\u00fcr Messen, Kongresse und Werbeveranstaltungen und verleihen jedem Stand sofort Professionalit\u00e4t. Passen Sie Gr\u00f6\u00dfe, Design und Logo individuell an Ihre Marke an.<\/p>\n<p data-start=\"1431\" data-end=\"1712\">Dank unserer 48-Stunden-Lieferung erhalten Sie hochwertige Tischl\u00e4ufer f\u00fcr Ihre Messe schnell geliefert \u2013 ideal f\u00fcr enge Zeitpl\u00e4ne und kurzfristige Veranstaltungen. Ob Sie einen oder Hunderte bestellen, wir bieten unschlagbare Gro\u00dfhandelspreise und zuverl\u00e4ssigen Service. Machen Sie Ihren Messestand unvergesslich mit individuell gestalteten Tischl\u00e4ufern, die Qualit\u00e4t, Schnelligkeit und ein gutes Preis-Leistungs-Verh\u00e4ltnis vereinen.<\/p>\n<div style=\"width: 1280px;\" class=\"wp-video\"><!--[if lt IE 9]><script>document.createElement('video');<\/script><![endif]--><br \/>\n<video class=\"wp-video-shortcode\" id=\"video-2883-1\" width=\"1280\" height=\"720\" preload=\"metadata\" controls=\"controls\"><source type=\"video\/mp4\" src=\"https:\/\/cmykprinted.com\/wp-content\/uploads\/2025\/11\/Custom-Trade-Show-Table-Runner.mp4?_=1\" \/><a href=\"https:\/\/cmykprinted.com\/wp-content\/uploads\/2025\/11\/Custom-Trade-Show-Table-Runner.mp4\">https:\/\/cmykprinted.com\/wp-content\/uploads\/2025\/11\/Custom-Trade-Show-Table-Runner.mp4<\/a><\/video><\/div>","protected":false},"featured_media":2884,"template":"","meta":{"_kad_post_transparent":"default","_kad_post_title":"hide","_kad_post_layout":"fullwidth","_kad_post_sidebar_id":"","_kad_post_content_style":"unboxed","_kad_post_vertical_padding":"hide","_kad_post_feature":"hide","_kad_post_feature_position":"","_kad_post_header":false,"_kad_post_footer":false},"product_cat":[80,81],"product_tag":[244,672,671],"class_list":{"0":"post-2883","1":"product","2":"type-product","3":"status-publish","4":"has-post-thumbnail","6":"product_cat-custom-tablecloth","7":"product_cat-custom-stretch-tablecloth","8":"product_tag-custom-table-runner","9":"product_tag-custom-trade-show-table-runner","10":"product_tag-trade-show-table-runner","12":"first","13":"instock","14":"shipping-taxable","15":"product-type-simple","16":"entry","17":"content-bg","18":"loop-entry"},"_links":{"self":[{"href":"https:\/\/cmykprinted.com\/de\/wp-json\/wp\/v2\/product\/2883","targetHints":{"allow":["GET"]}}],"collection":[{"href":"https:\/\/cmykprinted.com\/de\/wp-json\/wp\/v2\/product"}],"about":[{"href":"https:\/\/cmykprinted.com\/de\/wp-json\/wp\/v2\/types\/product"}],"version-history":[{"count":1,"href":"https:\/\/cmykprinted.com\/de\/wp-json\/wp\/v2\/product\/2883\/revisions"}],"predecessor-version":[{"id":2890,"href":"https:\/\/cmykprinted.com\/de\/wp-json\/wp\/v2\/product\/2883\/revisions\/2890"}],"wp:featuredmedia":[{"embeddable":true,"href":"https:\/\/cmykprinted.com\/de\/wp-json\/wp\/v2\/media\/2884"}],"wp:attachment":[{"href":"https:\/\/cmykprinted.com\/de\/wp-json\/wp\/v2\/media?parent=2883"}],"wp:term":[{"taxonomy":"product_cat","embeddable":true,"href":"https:\/\/cmykprinted.com\/de\/wp-json\/wp\/v2\/product_cat?post=2883"},{"taxonomy":"product_tag","embeddable":true,"href":"https:\/\/cmykprinted.com\/de\/wp-json\/wp\/v2\/product_tag?post=2883"}],"curies":[{"name":"wp","href":"https:\/\/api.w.org\/{rel}","templated":true}]}}