{"id":536,"date":"2022-12-18T04:41:34","date_gmt":"2022-12-18T04:41:34","guid":{"rendered":"https:\/\/cmykprinted.com\/?post_type=product&#038;p=536"},"modified":"2022-12-18T05:05:21","modified_gmt":"2022-12-18T05:05:21","slug":"outdoor-circle-pop-up-banner-stand-with-full-color-printing","status":"publish","type":"product","link":"https:\/\/cmykprinted.com\/de\/produkt\/outdoor-circle-pop-up-banner-stander-mit-vollfarbdruck\/","title":{"rendered":"Kreisf\u00f6rmiger Pop-Up-Bannerst\u00e4nder f\u00fcr den Au\u00dfenbereich mit Vollfarbdruck"},"content":{"rendered":"","protected":false},"excerpt":{"rendered":"<p>Das von Ihnen beschriebene kreisf\u00f6rmige Popup-Banner klingt nach einem n\u00fctzlichen Marketing- und Werbetool, mit dem das Logo oder die Marke eines Unternehmens bei Veranstaltungen, Messen und anderen Werbeaktivit\u00e4ten pr\u00e4sentiert werden kann. Seine einzigartige Form und schnelle Aufbauzeit machen es gut geeignet f\u00fcr den Einsatz in einer Vielzahl von Umgebungen, und die Verf\u00fcgbarkeit verschiedener Gr\u00f6\u00dfen erm\u00f6glicht Flexibilit\u00e4t in Bezug auf den f\u00fcr die Pr\u00e4sentation verf\u00fcgbaren Platz. Der langlebige, patentierte Rahmen und das leichte Design des Banners erleichtern den Transport und die Aufbewahrung, und die Tragetasche hilft, es w\u00e4hrend des Transports zu sch\u00fctzen. Der Vollfarbdruck erm\u00f6glicht die Anpassung und die M\u00f6glichkeit, optisch ansprechende Displays zu erstellen, die die Marke eines Unternehmens effektiv pr\u00e4sentieren.<\/p>\n<div style=\"width: 1290px;\" class=\"wp-video\"><!--[if lt IE 9]><script>document.createElement('video');<\/script><![endif]--><br \/>\n<video class=\"wp-video-shortcode\" id=\"video-536-1\" width=\"1290\" height=\"726\" loop autoplay preload=\"auto\" controls=\"controls\"><source type=\"video\/mp4\" src=\"http:\/\/cmykprinted.com\/wp-content\/uploads\/2022\/12\/Circle-Pop-Up-Banners.mp4?_=1\" \/><a href=\"http:\/\/cmykprinted.com\/wp-content\/uploads\/2022\/12\/Circle-Pop-Up-Banners.mp4\">http:\/\/cmykprinted.com\/wp-content\/uploads\/2022\/12\/Circle-Pop-Up-Banners.mp4<\/a><\/video><\/div>\n<p>&nbsp;<\/p>","protected":false},"featured_media":537,"template":"","meta":{"_kad_post_transparent":"default","_kad_post_title":"hide","_kad_post_layout":"fullwidth","_kad_post_sidebar_id":"","_kad_post_content_style":"unboxed","_kad_post_vertical_padding":"hide","_kad_post_feature":"hide","_kad_post_feature_position":"","_kad_post_header":false,"_kad_post_footer":false},"product_cat":[92,93],"product_tag":[125,127,126,128],"class_list":{"0":"post-536","1":"product","2":"type-product","3":"status-publish","4":"has-post-thumbnail","6":"product_cat-pop-up-banners","7":"product_cat-circle-pop-up-banners","8":"product_tag-circle-pop-up-banner","9":"product_tag-circle-pop-up-banner-stand","10":"product_tag-outdoor-pop-up-banner","11":"product_tag-pop-up-banner","13":"first","14":"instock","15":"shipping-taxable","16":"product-type-simple","17":"entry","18":"content-bg","19":"loop-entry"},"_links":{"self":[{"href":"https:\/\/cmykprinted.com\/de\/wp-json\/wp\/v2\/product\/536","targetHints":{"allow":["GET"]}}],"collection":[{"href":"https:\/\/cmykprinted.com\/de\/wp-json\/wp\/v2\/product"}],"about":[{"href":"https:\/\/cmykprinted.com\/de\/wp-json\/wp\/v2\/types\/product"}],"version-history":[{"count":3,"href":"https:\/\/cmykprinted.com\/de\/wp-json\/wp\/v2\/product\/536\/revisions"}],"predecessor-version":[{"id":548,"href":"https:\/\/cmykprinted.com\/de\/wp-json\/wp\/v2\/product\/536\/revisions\/548"}],"wp:featuredmedia":[{"embeddable":true,"href":"https:\/\/cmykprinted.com\/de\/wp-json\/wp\/v2\/media\/537"}],"wp:attachment":[{"href":"https:\/\/cmykprinted.com\/de\/wp-json\/wp\/v2\/media?parent=536"}],"wp:term":[{"taxonomy":"product_cat","embeddable":true,"href":"https:\/\/cmykprinted.com\/de\/wp-json\/wp\/v2\/product_cat?post=536"},{"taxonomy":"product_tag","embeddable":true,"href":"https:\/\/cmykprinted.com\/de\/wp-json\/wp\/v2\/product_tag?post=536"}],"curies":[{"name":"wp","href":"https:\/\/api.w.org\/{rel}","templated":true}]}}