{"id":549,"date":"2022-12-18T09:53:56","date_gmt":"2022-12-18T09:53:56","guid":{"rendered":"https:\/\/cmykprinted.com\/?post_type=product&#038;p=549"},"modified":"2022-12-18T10:09:57","modified_gmt":"2022-12-18T10:09:57","slug":"custom-shop-front-flag-double-sided-wall-flag-banner-sign","status":"publish","type":"product","link":"https:\/\/cmykprinted.com\/de\/produkt\/custom-shop-frontflagge-doppelseitige-wandflagge-banner-schild\/","title":{"rendered":"Custom Shop Frontflagge, doppelseitiges Wandflaggen-Bannerschild"},"content":{"rendered":"","protected":false},"excerpt":{"rendered":"<p>Ladenflaggen sind eine beliebte M\u00f6glichkeit f\u00fcr Unternehmen, ihre Produkte oder Dienstleistungen bei Passanten zu bewerben. Sie werden normalerweise an der Au\u00dfenseite eines Ladens oder Ladens angebracht und sind so gestaltet, dass sie auffallen und Aufmerksamkeit erregen. Die zwei Haupttypen von Ladenfrontflaggen sind spitze und gerade Kantenstile. Flaggen mit spitzer Kante haben eine dreieckige Form und werden normalerweise an einer Stange montiert, w\u00e4hrend Flaggen mit gerader Kante rechteckig sind und an einer Wand montiert oder von einer Decke abgeh\u00e4ngt werden k\u00f6nnen. Beide Flaggentypen k\u00f6nnen je nach Bedarf des Unternehmens ein- oder doppelseitig bedruckt werden.<br \/>\nLadenflaggen bestehen normalerweise aus Aluminium oder Stoff und k\u00f6nnen mit einer Vielzahl von Methoden bedruckt werden, darunter UV-Digitaldruck oder Thermosublimation. Der UV-Digitaldruck ist ein Verfahren, bei dem die Tinte mit UV-Licht ausgeh\u00e4rtet wird, was zu einer l\u00e4nger anhaltenden Farbe und einer verbesserten Best\u00e4ndigkeit gegen Ausbleichen und Wassersch\u00e4den f\u00fchrt. Farbsublimation ist ein Prozess, bei dem Tinte mithilfe von W\u00e4rme von einem Spezialpapier auf den Stoff \u00fcbertragen wird, was zu einem lebendigen und scharfen Finish f\u00fchrt.<\/p>\n<p>&nbsp;<\/p>","protected":false},"featured_media":550,"template":"","meta":{"_kad_post_transparent":"default","_kad_post_title":"hide","_kad_post_layout":"fullwidth","_kad_post_sidebar_id":"","_kad_post_content_style":"unboxed","_kad_post_vertical_padding":"hide","_kad_post_feature":"hide","_kad_post_feature_position":"","_kad_post_header":false,"_kad_post_footer":false},"product_cat":[79],"product_tag":[131,133,132,129,130],"class_list":{"0":"post-549","1":"product","2":"type-product","3":"status-publish","4":"has-post-thumbnail","6":"product_cat-custom-flags","7":"product_tag-custom-flag","8":"product_tag-custom-wall-sign","9":"product_tag-double-sided-wall-flag","10":"product_tag-shop-front-flag","11":"product_tag-wall-flag","13":"first","14":"instock","15":"shipping-taxable","16":"product-type-simple","17":"entry","18":"content-bg","19":"loop-entry"},"_links":{"self":[{"href":"https:\/\/cmykprinted.com\/de\/wp-json\/wp\/v2\/product\/549","targetHints":{"allow":["GET"]}}],"collection":[{"href":"https:\/\/cmykprinted.com\/de\/wp-json\/wp\/v2\/product"}],"about":[{"href":"https:\/\/cmykprinted.com\/de\/wp-json\/wp\/v2\/types\/product"}],"version-history":[{"count":2,"href":"https:\/\/cmykprinted.com\/de\/wp-json\/wp\/v2\/product\/549\/revisions"}],"predecessor-version":[{"id":556,"href":"https:\/\/cmykprinted.com\/de\/wp-json\/wp\/v2\/product\/549\/revisions\/556"}],"wp:featuredmedia":[{"embeddable":true,"href":"https:\/\/cmykprinted.com\/de\/wp-json\/wp\/v2\/media\/550"}],"wp:attachment":[{"href":"https:\/\/cmykprinted.com\/de\/wp-json\/wp\/v2\/media?parent=549"}],"wp:term":[{"taxonomy":"product_cat","embeddable":true,"href":"https:\/\/cmykprinted.com\/de\/wp-json\/wp\/v2\/product_cat?post=549"},{"taxonomy":"product_tag","embeddable":true,"href":"https:\/\/cmykprinted.com\/de\/wp-json\/wp\/v2\/product_tag?post=549"}],"curies":[{"name":"wp","href":"https:\/\/api.w.org\/{rel}","templated":true}]}}