{"id":612,"date":"2022-12-21T13:15:52","date_gmt":"2022-12-21T13:15:52","guid":{"rendered":"https:\/\/cmykprinted.com\/?post_type=product&#038;p=612"},"modified":"2022-12-21T14:08:22","modified_gmt":"2022-12-21T14:08:22","slug":"outdoor-folding-50mm-heavy-duty-hexagonal-aluminum-tents","status":"publish","type":"product","link":"https:\/\/cmykprinted.com\/de\/produkt\/outdoor-faltbare-50mm-schwerlast-sechseckige-aluminium-zelte\/","title":{"rendered":"Faltbare 50mm Hochleistungs-Sechseck-Aluminiumzelte im Freien"},"content":{"rendered":"","protected":false},"excerpt":{"rendered":"<p>Unsere 50-mm-Hochleistungszelte aus sechseckigem Aluminium sind die ultimative L\u00f6sung f\u00fcr jede Art von Outdoor-Veranstaltung, einschlie\u00dflich Flohm\u00e4rkte, Kunsthandwerksshows, Sportveranstaltungen und Kunstfestivals. Sie sind auch f\u00fcr den Innenbereich geeignet, was sie unglaublich vielseitig und praktisch macht. Die \u00dcberdachungen bestehen aus strapazierf\u00e4higem Polyester, das sowohl wasserabweisend als auch mit UV-gesch\u00fctzten Tinten bedruckt ist, um sicherzustellen, dass sie langlebig sind und den Elementen standhalten. Zus\u00e4tzlich zu ihrer Haltbarkeit und Funktionalit\u00e4t sind unsere kundenspezifischen Zelte auch sehr tragbar, was sie zur perfekten Wahl f\u00fcr Einzelpersonen und Organisationen macht, die eine zuverl\u00e4ssige und einfach zu bedienende Schutzl\u00f6sung ben\u00f6tigen, die fast \u00fcberall hin mitgenommen werden kann. Egal, ob Sie eine vor\u00fcbergehende \u00dcberdachung f\u00fcr eine einmalige Veranstaltung oder eine langfristige Schutzl\u00f6sung f\u00fcr Ihr Unternehmen oder Ihre Organisation ben\u00f6tigen, unsere 50-mm-Hochleistungs-Sechskant-Aluminiumzelte bieten die perfekte Kombination aus St\u00e4rke, Haltbarkeit und Komfort.<\/p>\n<div style=\"width: 1290px;\" class=\"wp-video\"><!--[if lt IE 9]><script>document.createElement('video');<\/script><![endif]--><br \/>\n<video class=\"wp-video-shortcode\" id=\"video-612-1\" width=\"1290\" height=\"726\" loop autoplay preload=\"auto\" controls=\"controls\"><source type=\"video\/mp4\" src=\"http:\/\/cmykprinted.com\/wp-content\/uploads\/2022\/12\/50mm-Heavy-Duty-Hexagon-Aluminum-Tents.mp4?_=1\" \/><a href=\"http:\/\/cmykprinted.com\/wp-content\/uploads\/2022\/12\/50mm-Heavy-Duty-Hexagon-Aluminum-Tents.mp4\">http:\/\/cmykprinted.com\/wp-content\/uploads\/2022\/12\/50mm-Heavy-Duty-Hexagon-Aluminum-Tents.mp4<\/a><\/video><\/div>","protected":false},"featured_media":613,"template":"","meta":{"_kad_post_transparent":"default","_kad_post_title":"hide","_kad_post_layout":"fullwidth","_kad_post_sidebar_id":"","_kad_post_content_style":"unboxed","_kad_post_vertical_padding":"hide","_kad_post_feature":"hide","_kad_post_feature_position":"","_kad_post_header":false,"_kad_post_footer":false},"product_cat":[68,75,74],"product_tag":[147,151,149,148,150],"class_list":{"0":"post-612","1":"product","2":"type-product","3":"status-publish","4":"has-post-thumbnail","6":"product_cat-custom-canopy-tents","7":"product_cat-10x10-custom-branded-canopy-tents","8":"product_cat-50mm-heavy-duty-hexagon-aluminum-tents","9":"product_tag-50mm-heavy-duty-hexagonal-aluminum-tents","10":"product_tag-folding-aluminum-tents","11":"product_tag-heavy-duty-aluminum-tents","12":"product_tag-hexagonal-aluminum-tents","13":"product_tag-outdoor-aluminum-tents","15":"first","16":"instock","17":"shipping-taxable","18":"product-type-simple","19":"entry","20":"content-bg","21":"loop-entry"},"_links":{"self":[{"href":"https:\/\/cmykprinted.com\/de\/wp-json\/wp\/v2\/product\/612","targetHints":{"allow":["GET"]}}],"collection":[{"href":"https:\/\/cmykprinted.com\/de\/wp-json\/wp\/v2\/product"}],"about":[{"href":"https:\/\/cmykprinted.com\/de\/wp-json\/wp\/v2\/types\/product"}],"version-history":[{"count":3,"href":"https:\/\/cmykprinted.com\/de\/wp-json\/wp\/v2\/product\/612\/revisions"}],"predecessor-version":[{"id":623,"href":"https:\/\/cmykprinted.com\/de\/wp-json\/wp\/v2\/product\/612\/revisions\/623"}],"wp:featuredmedia":[{"embeddable":true,"href":"https:\/\/cmykprinted.com\/de\/wp-json\/wp\/v2\/media\/613"}],"wp:attachment":[{"href":"https:\/\/cmykprinted.com\/de\/wp-json\/wp\/v2\/media?parent=612"}],"wp:term":[{"taxonomy":"product_cat","embeddable":true,"href":"https:\/\/cmykprinted.com\/de\/wp-json\/wp\/v2\/product_cat?post=612"},{"taxonomy":"product_tag","embeddable":true,"href":"https:\/\/cmykprinted.com\/de\/wp-json\/wp\/v2\/product_tag?post=612"}],"curies":[{"name":"wp","href":"https:\/\/api.w.org\/{rel}","templated":true}]}}