{"id":624,"date":"2022-12-22T03:01:03","date_gmt":"2022-12-22T03:01:03","guid":{"rendered":"https:\/\/cmykprinted.com\/?post_type=product&#038;p=624"},"modified":"2022-12-22T03:51:54","modified_gmt":"2022-12-22T03:51:54","slug":"custom-printed-hand-flags-handheld-stick-flag-at-cheap-price","status":"publish","type":"product","link":"https:\/\/cmykprinted.com\/de\/produkt\/individuell-bedruckte-handfahnen-hand-stick-flags-zum-gunstigen-preis\/","title":{"rendered":"Individuell bedruckte Handflaggen, handgehaltene Stickflaggen zum g\u00fcnstigen Preis"},"content":{"rendered":"","protected":false},"excerpt":{"rendered":"<p>Individuell bedruckte Handflaggen sind eine hervorragende M\u00f6glichkeit, Ihre Botschaft bei jeder Veranstaltung oder Werbeaktion zu vermitteln. Sie sind erschwinglich, aber sie haben einen Schlag, wenn es darum geht, Aufmerksamkeit zu erregen. Egal, ob Sie auf einer Messe, einem Sportspiel, einer Parade, einer Konferenz oder einer anderen Veranstaltung sind, individuell bedruckte Handflaggen sind eine gro\u00dfartige M\u00f6glichkeit, Ihre Marke oder Botschaft zu pr\u00e4sentieren. Sie bestehen aus strapazierf\u00e4higem Polyestergewebe und werden im Thermosublimationsdruck bedruckt, wodurch sichergestellt wird, dass die Farben kr\u00e4ftig und lebendig sind. Die Flaggen sind einfach seitenverkehrt bedruckt, das hei\u00dft, das Bild ist auf einer Seite sichtbar und die R\u00fcckseite spiegelverkehrt. Sie sind entweder mit einem Kunststoff- oder Holzd\u00fcbel versehen und werden mit einer Fahnenh\u00fclse am Stock befestigt. Individuell bedruckte Handflaggen sind nicht nur eine gro\u00dfartige M\u00f6glichkeit, Ihre Marke oder Botschaft zu f\u00f6rdern, sondern auch eine unterhaltsame und interaktive M\u00f6glichkeit, mit Ihrem Publikum in Kontakt zu treten. Warum also warten? Holen Sie sich noch heute Ihre individuell bedruckten Handflaggen und beobachten Sie, wie Ihre Botschaft fliegt!<\/p>\n<div style=\"width: 1290px;\" class=\"wp-video\"><!--[if lt IE 9]><script>document.createElement('video');<\/script><![endif]--><br \/>\n<video class=\"wp-video-shortcode\" id=\"video-624-1\" width=\"1290\" height=\"726\" loop autoplay preload=\"auto\" controls=\"controls\"><source type=\"video\/mp4\" src=\"http:\/\/cmykprinted.com\/wp-content\/uploads\/2022\/12\/Custom-Printed-Hand-Flags.mp4?_=1\" \/><a href=\"http:\/\/cmykprinted.com\/wp-content\/uploads\/2022\/12\/Custom-Printed-Hand-Flags.mp4\">http:\/\/cmykprinted.com\/wp-content\/uploads\/2022\/12\/Custom-Printed-Hand-Flags.mp4<\/a><\/video><\/div>\n<p>&nbsp;<\/p>","protected":false},"featured_media":625,"template":"","meta":{"_kad_post_transparent":"default","_kad_post_title":"hide","_kad_post_layout":"fullwidth","_kad_post_sidebar_id":"","_kad_post_content_style":"unboxed","_kad_post_vertical_padding":"hide","_kad_post_feature":"hide","_kad_post_feature_position":"","_kad_post_header":false,"_kad_post_footer":false},"product_cat":[79],"product_tag":[153,155,152,154],"class_list":{"0":"post-624","1":"product","2":"type-product","3":"status-publish","4":"has-post-thumbnail","6":"product_cat-custom-flags","7":"product_tag-custom-hand-flags","8":"product_tag-custom-handheld-flag","9":"product_tag-custom-printed-hand-flags","10":"product_tag-handheld-stick-flag","12":"first","13":"instock","14":"shipping-taxable","15":"product-type-simple","16":"entry","17":"content-bg","18":"loop-entry"},"_links":{"self":[{"href":"https:\/\/cmykprinted.com\/de\/wp-json\/wp\/v2\/product\/624","targetHints":{"allow":["GET"]}}],"collection":[{"href":"https:\/\/cmykprinted.com\/de\/wp-json\/wp\/v2\/product"}],"about":[{"href":"https:\/\/cmykprinted.com\/de\/wp-json\/wp\/v2\/types\/product"}],"version-history":[{"count":4,"href":"https:\/\/cmykprinted.com\/de\/wp-json\/wp\/v2\/product\/624\/revisions"}],"predecessor-version":[{"id":635,"href":"https:\/\/cmykprinted.com\/de\/wp-json\/wp\/v2\/product\/624\/revisions\/635"}],"wp:featuredmedia":[{"embeddable":true,"href":"https:\/\/cmykprinted.com\/de\/wp-json\/wp\/v2\/media\/625"}],"wp:attachment":[{"href":"https:\/\/cmykprinted.com\/de\/wp-json\/wp\/v2\/media?parent=624"}],"wp:term":[{"taxonomy":"product_cat","embeddable":true,"href":"https:\/\/cmykprinted.com\/de\/wp-json\/wp\/v2\/product_cat?post=624"},{"taxonomy":"product_tag","embeddable":true,"href":"https:\/\/cmykprinted.com\/de\/wp-json\/wp\/v2\/product_tag?post=624"}],"curies":[{"name":"wp","href":"https:\/\/api.w.org\/{rel}","templated":true}]}}