{"id":644,"date":"2022-12-22T07:18:12","date_gmt":"2022-12-22T07:18:12","guid":{"rendered":"https:\/\/cmykprinted.com\/?post_type=product&#038;p=644"},"modified":"2022-12-22T07:55:34","modified_gmt":"2022-12-22T07:55:34","slug":"custom-table-runners-table-cover-trade-show-tablecloth","status":"publish","type":"product","link":"https:\/\/cmykprinted.com\/de\/produkt\/individuelle-tischlaufer-tischdecke-messe-tischdecke\/","title":{"rendered":"Benutzerdefinierte Tischl\u00e4ufer Tischdecke Messe Tischdecke"},"content":{"rendered":"","protected":false},"excerpt":{"rendered":"<p>Wenn Sie individuelle Tischl\u00e4ufer f\u00fcr Ihre gesch\u00e4ftlichen oder privaten Veranstaltungen ben\u00f6tigen, sind Sie bei uns genau richtig. Unsere hochwertigen Tischdecken eignen sich perfekt f\u00fcr alles, von Messen bis hin zu Spendenaktionen, und sie sind auf Langlebigkeit ausgelegt. Diese individuell bedruckten Tischl\u00e4ufer aus hochwertigem Polyestergewebe mit vollfarbigem 1440-dpi-Farbsublimationsdruck hinterlassen mit Sicherheit einen bleibenden Eindruck. Verwenden Sie sie, um Ihre Marke oder Ihr Logo auf Konferenzen, Veranstaltungen oder Messen zu bewerben, oder f\u00fcgen Sie sie einfach zu einer soliden Tischdecke hinzu, um einen Hauch von Eleganz und Dekoration zu erzielen. Erh\u00e4ltlich in vordefinierten Abmessungen von 2&#039;x7.5\u2032, k\u00f6nnen Sie sich sogar f\u00fcr benutzerdefinierte Gr\u00f6\u00dfen entscheiden, die perfekt zu Ihren Anforderungen passen. Vertrauen Sie uns als Ihrer zuverl\u00e4ssigen Quelle f\u00fcr individuelle Tischl\u00e4ufer, die Ihr Unternehmen effektiv bewerben und sich \u00fcber die Zeit hinweg bew\u00e4hren.<\/p>","protected":false},"featured_media":647,"template":"","meta":{"_kad_post_transparent":"default","_kad_post_title":"hide","_kad_post_layout":"fullwidth","_kad_post_sidebar_id":"","_kad_post_content_style":"unboxed","_kad_post_vertical_padding":"hide","_kad_post_feature":"hide","_kad_post_feature_position":"","_kad_post_header":false,"_kad_post_footer":false},"product_cat":[80,82],"product_tag":[157,156,158,159],"class_list":{"0":"post-644","1":"product","2":"type-product","3":"status-publish","4":"has-post-thumbnail","6":"product_cat-custom-tablecloth","7":"product_cat-custom-table-runner","8":"product_tag-custom-table-cover","9":"product_tag-custom-table-runners","10":"product_tag-custom-tablecloth","11":"product_tag-trade-show-tablecloth","13":"first","14":"instock","15":"shipping-taxable","16":"product-type-simple","17":"entry","18":"content-bg","19":"loop-entry"},"_links":{"self":[{"href":"https:\/\/cmykprinted.com\/de\/wp-json\/wp\/v2\/product\/644","targetHints":{"allow":["GET"]}}],"collection":[{"href":"https:\/\/cmykprinted.com\/de\/wp-json\/wp\/v2\/product"}],"about":[{"href":"https:\/\/cmykprinted.com\/de\/wp-json\/wp\/v2\/types\/product"}],"version-history":[{"count":2,"href":"https:\/\/cmykprinted.com\/de\/wp-json\/wp\/v2\/product\/644\/revisions"}],"predecessor-version":[{"id":646,"href":"https:\/\/cmykprinted.com\/de\/wp-json\/wp\/v2\/product\/644\/revisions\/646"}],"wp:featuredmedia":[{"embeddable":true,"href":"https:\/\/cmykprinted.com\/de\/wp-json\/wp\/v2\/media\/647"}],"wp:attachment":[{"href":"https:\/\/cmykprinted.com\/de\/wp-json\/wp\/v2\/media?parent=644"}],"wp:term":[{"taxonomy":"product_cat","embeddable":true,"href":"https:\/\/cmykprinted.com\/de\/wp-json\/wp\/v2\/product_cat?post=644"},{"taxonomy":"product_tag","embeddable":true,"href":"https:\/\/cmykprinted.com\/de\/wp-json\/wp\/v2\/product_tag?post=644"}],"curies":[{"name":"wp","href":"https:\/\/api.w.org\/{rel}","templated":true}]}}