{"id":673,"date":"2022-12-22T14:59:51","date_gmt":"2022-12-22T14:59:51","guid":{"rendered":"https:\/\/cmykprinted.com\/?post_type=product&#038;p=673"},"modified":"2022-12-22T15:10:44","modified_gmt":"2022-12-22T15:10:44","slug":"free-custom-curved-tension-fabric-pop-up-displays-backwall","status":"publish","type":"product","link":"https:\/\/cmykprinted.com\/de\/produkt\/free-custom-curved-tension-fabric-pop-up-displays-backwall\/","title":{"rendered":"Kostenlose, individuell gestaltbare, gebogene Pop-Up-Display-R\u00fcckwand aus Spannstoff"},"content":{"rendered":"","protected":false},"excerpt":{"rendered":"<p>Pop-up-Displays aus gebogenem Spanngewebe bieten ein immersives und fesselndes Publikumserlebnis, das sich perfekt f\u00fcr Messen, Wohlt\u00e4tigkeitsveranstaltungen, Branchenkongresse und andere Veranstaltungen eignet. Diese Displays verf\u00fcgen \u00fcber realistische, farbsublimierte Bilder, die einen 3D-\u00e4hnlichen Effekt erzeugen und sicherstellen, dass sie auffallen und die Aufmerksamkeit auf Ihre Botschaft lenken. Wir verwenden lebendiges, wiederverwendbares Stoffmaterial, das die Lichtreflexion minimiert, um Ihre Drucke sichtbar zu halten und sicherzustellen, dass Ihre Botschaft von Ihrem Publikum deutlich gesehen wird. Zus\u00e4tzlich zu ihrer beeindruckenden visuellen Wirkung bieten diese Displays die gleichen Vorteile wie einziehbare Banner, wodurch sie sich perfekt als Kulissen f\u00fcr Messest\u00e4nde und Pop-up-Shops eignen. Trotz ihrer Gr\u00f6\u00dfe sind diese Displays leicht und einfach aufzubauen, indem lediglich der Aluminiumrahmen zusammengebaut und der Stoff dar\u00fcber gesteckt und gezogen wird. Indem Sie Ihre eigenen Pop-up-Displays aus gebogenem Spanngewebe drucken, k\u00f6nnen Sie Ihr Event-Marketing auf die n\u00e4chste Stufe heben und Ihre Marke oder Botschaft effektiv einem breiten Publikum pr\u00e4sentieren.<\/p>","protected":false},"featured_media":674,"template":"","meta":{"_kad_post_transparent":"default","_kad_post_title":"hide","_kad_post_layout":"fullwidth","_kad_post_sidebar_id":"","_kad_post_content_style":"unboxed","_kad_post_vertical_padding":"hide","_kad_post_feature":"hide","_kad_post_feature_position":"","_kad_post_header":false,"_kad_post_footer":false},"product_cat":[97,98],"product_tag":[168,170,134,169],"class_list":{"0":"post-673","1":"product","2":"type-product","3":"status-publish","4":"has-post-thumbnail","6":"product_cat-tension-fabric-displays","7":"product_cat-curved-tension-fabric-pop-up-displays","8":"product_tag-curved-tension-fabric-pop-up-displays","9":"product_tag-pop-up-tension-fabric-displays","10":"product_tag-tension-fabric-displays","11":"product_tag-tension-fabric-pop-up-display","13":"first","14":"instock","15":"shipping-taxable","16":"product-type-simple","17":"entry","18":"content-bg","19":"loop-entry"},"_links":{"self":[{"href":"https:\/\/cmykprinted.com\/de\/wp-json\/wp\/v2\/product\/673","targetHints":{"allow":["GET"]}}],"collection":[{"href":"https:\/\/cmykprinted.com\/de\/wp-json\/wp\/v2\/product"}],"about":[{"href":"https:\/\/cmykprinted.com\/de\/wp-json\/wp\/v2\/types\/product"}],"version-history":[{"count":1,"href":"https:\/\/cmykprinted.com\/de\/wp-json\/wp\/v2\/product\/673\/revisions"}],"predecessor-version":[{"id":680,"href":"https:\/\/cmykprinted.com\/de\/wp-json\/wp\/v2\/product\/673\/revisions\/680"}],"wp:featuredmedia":[{"embeddable":true,"href":"https:\/\/cmykprinted.com\/de\/wp-json\/wp\/v2\/media\/674"}],"wp:attachment":[{"href":"https:\/\/cmykprinted.com\/de\/wp-json\/wp\/v2\/media?parent=673"}],"wp:term":[{"taxonomy":"product_cat","embeddable":true,"href":"https:\/\/cmykprinted.com\/de\/wp-json\/wp\/v2\/product_cat?post=673"},{"taxonomy":"product_tag","embeddable":true,"href":"https:\/\/cmykprinted.com\/de\/wp-json\/wp\/v2\/product_tag?post=673"}],"curies":[{"name":"wp","href":"https:\/\/api.w.org\/{rel}","templated":true}]}}