{"id":704,"date":"2022-12-29T12:00:11","date_gmt":"2022-12-29T12:00:11","guid":{"rendered":"https:\/\/cmykprinted.com\/?post_type=product&#038;p=704"},"modified":"2022-12-29T15:39:11","modified_gmt":"2022-12-29T15:39:11","slug":"40mm-hexagonal-folding-aluminum-frame-10x15ft-pop-up-tent","status":"publish","type":"product","link":"https:\/\/cmykprinted.com\/de\/produkt\/40mm-sechskant-aluminium-faltrahmen-10x15ft-aufstellzelt\/","title":{"rendered":"40 mm sechseckiger faltbarer Aluminiumrahmen 10 x 15 Fu\u00df Pop-up-Zelt"},"content":{"rendered":"","protected":false},"excerpt":{"rendered":"<p>Dieses Pop-up-Vordach hat einen st\u00e4rkeren Rahmen aus verbesserter Stahlkonstruktion mit gr\u00f6\u00dferen Traversenst\u00e4ben und einem verst\u00e4rkten Quertr\u00e4ger, der 26 x 13 f\u00fcr zus\u00e4tzliche Festigkeit und besseren Windwiderstand misst. Die Stahlf\u00fc\u00dfe haben zwei Bohrungen f\u00fcr erh\u00f6hte Stabilit\u00e4t. Das Vordach selbst ist 10 \u00d7 15 Fu\u00df gro\u00df und bietet gro\u00dfz\u00fcgige 150 Quadratfu\u00df Schatten, geeignet f\u00fcr Versammlungen von 8-13 Personen. Es kann sowohl bei Sonne als auch bei Regen verwendet werden. Das Aufstellen der \u00dcberdachung ist einfach, erfordert kein Werkzeug und dauert nur wenige Minuten f\u00fcr eine Person. Die St\u00fctzrohre k\u00f6nnen f\u00fcr zus\u00e4tzliche Vielseitigkeit auf drei verschiedene H\u00f6hen eingestellt werden. Die \u00dcberdachung besteht aus 300D-Polyester mit einer PU-Beschichtung, die ungef\u00e4hr 991 TP3T UV-Strahlen abh\u00e4lt, und hat wasserdichte Streifen. Die \u00dcberdachung wird mit einem kompletten Zubeh\u00f6rsatz geliefert, darunter eine Rolltasche, Sands\u00e4cke, Bodend\u00fcbel, Nylonseile und Gurte. Dieses Zubeh\u00f6r sowie Ersatzteile sind lebenslang verf\u00fcgbar.<\/p>\n<div style=\"width: 1280px;\" class=\"wp-video\"><!--[if lt IE 9]><script>document.createElement('video');<\/script><![endif]--><br \/>\n<video class=\"wp-video-shortcode\" id=\"video-704-1\" width=\"1280\" height=\"720\" loop autoplay preload=\"auto\" controls=\"controls\"><source type=\"video\/mp4\" src=\"http:\/\/cmykprinted.com\/wp-content\/uploads\/2022\/12\/10x15ft-Pop-up-Tent.mp4?_=1\" \/><a href=\"http:\/\/cmykprinted.com\/wp-content\/uploads\/2022\/12\/10x15ft-Pop-up-Tent.mp4\">http:\/\/cmykprinted.com\/wp-content\/uploads\/2022\/12\/10x15ft-Pop-up-Tent.mp4<\/a><\/video><\/div>","protected":false},"featured_media":705,"template":"","meta":{"_kad_post_transparent":"default","_kad_post_title":"hide","_kad_post_layout":"fullwidth","_kad_post_sidebar_id":"","_kad_post_content_style":"unboxed","_kad_post_vertical_padding":"hide","_kad_post_feature":"hide","_kad_post_feature_position":"","_kad_post_header":false,"_kad_post_footer":false},"product_cat":[68,71,69],"product_tag":[179,180,182,181],"class_list":{"0":"post-704","1":"product","2":"type-product","3":"status-publish","4":"has-post-thumbnail","6":"product_cat-custom-canopy-tents","7":"product_cat-10x15ft-pop-up-tents","8":"product_cat-40mm-hexagon-aluminum-tents","9":"product_tag-10x15ft-pop-up-tent","10":"product_tag-40mm-hexagonal-pop-up-tent","11":"product_tag-aluminum-frame-pop-up-tent","12":"product_tag-folding-pop-up-tent","14":"first","15":"instock","16":"shipping-taxable","17":"product-type-simple","18":"entry","19":"content-bg","20":"loop-entry"},"_links":{"self":[{"href":"https:\/\/cmykprinted.com\/de\/wp-json\/wp\/v2\/product\/704","targetHints":{"allow":["GET"]}}],"collection":[{"href":"https:\/\/cmykprinted.com\/de\/wp-json\/wp\/v2\/product"}],"about":[{"href":"https:\/\/cmykprinted.com\/de\/wp-json\/wp\/v2\/types\/product"}],"version-history":[{"count":3,"href":"https:\/\/cmykprinted.com\/de\/wp-json\/wp\/v2\/product\/704\/revisions"}],"predecessor-version":[{"id":714,"href":"https:\/\/cmykprinted.com\/de\/wp-json\/wp\/v2\/product\/704\/revisions\/714"}],"wp:featuredmedia":[{"embeddable":true,"href":"https:\/\/cmykprinted.com\/de\/wp-json\/wp\/v2\/media\/705"}],"wp:attachment":[{"href":"https:\/\/cmykprinted.com\/de\/wp-json\/wp\/v2\/media?parent=704"}],"wp:term":[{"taxonomy":"product_cat","embeddable":true,"href":"https:\/\/cmykprinted.com\/de\/wp-json\/wp\/v2\/product_cat?post=704"},{"taxonomy":"product_tag","embeddable":true,"href":"https:\/\/cmykprinted.com\/de\/wp-json\/wp\/v2\/product_tag?post=704"}],"curies":[{"name":"wp","href":"https:\/\/api.w.org\/{rel}","templated":true}]}}