{"id":723,"date":"2022-12-30T02:47:50","date_gmt":"2022-12-30T02:47:50","guid":{"rendered":"https:\/\/cmykprinted.com\/?post_type=product&#038;p=723"},"modified":"2022-12-30T03:52:19","modified_gmt":"2022-12-30T03:52:19","slug":"all-weather-outdoor-advertising-pvc-mesh-banner-printing","status":"publish","type":"product","link":"https:\/\/cmykprinted.com\/de\/produkt\/allwetter-outdoor-werbung-pvc-mesh-banner-druck\/","title":{"rendered":"Allwetter-Au\u00dfenwerbung PVC Mesh Bannerdruck"},"content":{"rendered":"","protected":false},"excerpt":{"rendered":"<p>Unser PVC-Mesh-Banner ist ein hochspezialisiertes Material, das speziell entwickelt wurde, um starken Winden und anderen rauen Bedingungen im Freien standzuhalten. Die Perforationen im Material lassen Wind durch, wodurch das Risiko einer Besch\u00e4digung des Banners verringert und die Wahrscheinlichkeit minimiert wird, dass es zerrissen oder weggeblasen wird.<br \/>\nZus\u00e4tzlich zu seinen windfesten Eigenschaften ist das PVC-Mesh-Banner auch extrem leicht, wodurch es einfach zu installieren und zu handhaben ist. Dies macht es zur idealen Wahl f\u00fcr eine Vielzahl von Spezialanwendungen, bei denen ein teilweise transparentes Material erforderlich ist, das Licht, Schall und Luft durchl\u00e4sst.<br \/>\nSowohl unsere Mesh-Banner als auch unsere B\u00fchnenbanner werden entweder auf Mesh-PVC- oder Stoff-AIRTEC-Material gedruckt, die beide \u00fcber das gesamte Banner mit einem sehr intensiven Muster aus kleinen L\u00f6chern perforiert sind. Dadurch wird sichergestellt, dass die B\u00fchnenbanner auch in den anspruchsvollsten Umgebungen ihre strukturelle Integrit\u00e4t und visuelle Attraktivit\u00e4t bewahren. Egal, ob Sie ein Banner f\u00fcr eine Veranstaltung im Freien, eine Messe oder einen anderen besonderen Anlass ben\u00f6tigen, unsere PVC-Netz- und B\u00fchnenbanner sind eine ausgezeichnete Wahl f\u00fcr all Ihre Banneranforderungen.<\/p>\n<div style=\"width: 1280px;\" class=\"wp-video\"><!--[if lt IE 9]><script>document.createElement('video');<\/script><![endif]--><br \/>\n<video class=\"wp-video-shortcode\" id=\"video-723-1\" width=\"1280\" height=\"720\" loop autoplay preload=\"metadata\" controls=\"controls\"><source type=\"video\/mp4\" src=\"http:\/\/cmykprinted.com\/wp-content\/uploads\/2022\/12\/PVC-Mesh-Banner.mp4?_=1\" \/><a href=\"http:\/\/cmykprinted.com\/wp-content\/uploads\/2022\/12\/PVC-Mesh-Banner.mp4\">http:\/\/cmykprinted.com\/wp-content\/uploads\/2022\/12\/PVC-Mesh-Banner.mp4<\/a><\/video><\/div>","protected":false},"featured_media":724,"template":"","meta":{"_kad_post_transparent":"default","_kad_post_title":"hide","_kad_post_layout":"fullwidth","_kad_post_sidebar_id":"","_kad_post_content_style":"unboxed","_kad_post_vertical_padding":"hide","_kad_post_feature":"hide","_kad_post_feature_position":"","_kad_post_header":false,"_kad_post_footer":false},"product_cat":[85,90,91,89,88],"product_tag":[189,191,188,190,187],"class_list":{"0":"post-723","1":"product","2":"type-product","3":"status-publish","4":"has-post-thumbnail","6":"product_cat-outdoor-vinyl-banners","7":"product_cat-glossy-pvc-banners","8":"product_cat-matte-vinyl-banners","9":"product_cat-pvc-banners","10":"product_cat-pvc-mesh-banners","11":"product_tag-advertising-mesh-banner","12":"product_tag-all-weather-mesh-banner","13":"product_tag-mesh-banner-printing","14":"product_tag-outdoor-mesh-banner","15":"product_tag-pvc-mesh-banner","17":"first","18":"instock","19":"shipping-taxable","20":"product-type-simple","21":"entry","22":"content-bg","23":"loop-entry"},"_links":{"self":[{"href":"https:\/\/cmykprinted.com\/de\/wp-json\/wp\/v2\/product\/723","targetHints":{"allow":["GET"]}}],"collection":[{"href":"https:\/\/cmykprinted.com\/de\/wp-json\/wp\/v2\/product"}],"about":[{"href":"https:\/\/cmykprinted.com\/de\/wp-json\/wp\/v2\/types\/product"}],"version-history":[{"count":2,"href":"https:\/\/cmykprinted.com\/de\/wp-json\/wp\/v2\/product\/723\/revisions"}],"predecessor-version":[{"id":732,"href":"https:\/\/cmykprinted.com\/de\/wp-json\/wp\/v2\/product\/723\/revisions\/732"}],"wp:featuredmedia":[{"embeddable":true,"href":"https:\/\/cmykprinted.com\/de\/wp-json\/wp\/v2\/media\/724"}],"wp:attachment":[{"href":"https:\/\/cmykprinted.com\/de\/wp-json\/wp\/v2\/media?parent=723"}],"wp:term":[{"taxonomy":"product_cat","embeddable":true,"href":"https:\/\/cmykprinted.com\/de\/wp-json\/wp\/v2\/product_cat?post=723"},{"taxonomy":"product_tag","embeddable":true,"href":"https:\/\/cmykprinted.com\/de\/wp-json\/wp\/v2\/product_tag?post=723"}],"curies":[{"name":"wp","href":"https:\/\/api.w.org\/{rel}","templated":true}]}}