{"id":744,"date":"2022-12-30T08:55:17","date_gmt":"2022-12-30T08:55:17","guid":{"rendered":"https:\/\/cmykprinted.com\/?post_type=product&#038;p=744"},"modified":"2022-12-30T12:44:27","modified_gmt":"2022-12-30T12:44:27","slug":"straight-tension-fabric-backdrop-media-wall-wholesale-price","status":"publish","type":"product","link":"https:\/\/cmykprinted.com\/de\/produkt\/geradspannung-stoff-kulisse-medienwand-groshandelspreis\/","title":{"rendered":"Gerader Spannstoff-Hintergrund Medienwand Gro\u00dfhandelspreis"},"content":{"rendered":"","protected":false},"excerpt":{"rendered":"<p>Unser meistverkaufter Stoffhintergrund mit gerader Spannung ist vielseitig und f\u00fcr eine Vielzahl von Zwecken geeignet, einschlie\u00dflich der Verwendung als Studiohintergrund, B\u00fchnen- oder Veranstaltungshintergrund, Fotokabinenhintergrund, Pressekonferenzhintergrund, Hintergrund f\u00fcr Preisverleihungen und Hintergrund f\u00fcr den roten Teppich. Mit der Option, zwei verschiedene Designs auf demselben Banner anzubringen, k\u00f6nnen Sie Ihren Wert und den Transportkomfort maximieren. Der Stretch-Stoffhintergrund besteht aus robustem und flexiblem 100% maschinenwaschbarem Polyester, bedruckt mit unserem benutzerdefinierten Stoffdruckverfahren, das sicherstellt, dass Ihr Design auch nach mehreren W\u00e4schen und bei allen Wetterbedingungen lebendig und klar bleibt. Unser Druckverfahren ist auch Eco-Solvent und verwendet ausschlie\u00dflich nat\u00fcrliche, biologisch abbaubare L\u00f6sungsmittel, die weniger aggressiv und sicherer f\u00fcr den K\u00f6rper sind. Der leichte und starke Aluminiumrahmen ist so konzipiert, dass er die Dehnung des Stoffes \u00fcber einen l\u00e4ngeren Zeitraum unterst\u00fctzt, und er wird mit Schnappverschlussrohren f\u00fcr eine einfache und schnelle Einrichtung ohne zus\u00e4tzliches Werkzeug geliefert. Der St\u00e4nder ist auf Ihre bevorzugte Gr\u00f6\u00dfe einstellbar und wird mit einem rollbaren Hardcase-Podium f\u00fcr einfachen Transport geliefert. Der Hintergrund aus geradem Spannstoff wird innerhalb von vier bis f\u00fcnf Werktagen kostenlos versandt.<\/p>\n<div style=\"width: 1280px;\" class=\"wp-video\"><!--[if lt IE 9]><script>document.createElement('video');<\/script><![endif]--><br \/>\n<video class=\"wp-video-shortcode\" id=\"video-744-1\" width=\"1280\" height=\"720\" loop autoplay preload=\"auto\" controls=\"controls\"><source type=\"video\/mp4\" src=\"http:\/\/cmykprinted.com\/wp-content\/uploads\/2022\/12\/Straight-Tension-Fabric-Backdrop.mp4?_=1\" \/><a href=\"http:\/\/cmykprinted.com\/wp-content\/uploads\/2022\/12\/Straight-Tension-Fabric-Backdrop.mp4\">http:\/\/cmykprinted.com\/wp-content\/uploads\/2022\/12\/Straight-Tension-Fabric-Backdrop.mp4<\/a><\/video><\/div>","protected":false},"featured_media":745,"template":"","meta":{"_kad_post_transparent":"default","_kad_post_title":"hide","_kad_post_layout":"fullwidth","_kad_post_sidebar_id":"","_kad_post_content_style":"unboxed","_kad_post_vertical_padding":"hide","_kad_post_feature":"hide","_kad_post_feature_position":"","_kad_post_header":false,"_kad_post_footer":false},"product_cat":[97,100],"product_tag":[196,197,198],"class_list":{"0":"post-744","1":"product","2":"type-product","3":"status-publish","4":"has-post-thumbnail","6":"product_cat-tension-fabric-displays","7":"product_cat-straight-tension-fabric-backdrop","8":"product_tag-straight-tension-fabric-backdrop","9":"product_tag-tension-fabric-backdrop","10":"product_tag-tension-fabric-media-wall","12":"first","13":"instock","14":"shipping-taxable","15":"product-type-simple","16":"entry","17":"content-bg","18":"loop-entry"},"_links":{"self":[{"href":"https:\/\/cmykprinted.com\/de\/wp-json\/wp\/v2\/product\/744","targetHints":{"allow":["GET"]}}],"collection":[{"href":"https:\/\/cmykprinted.com\/de\/wp-json\/wp\/v2\/product"}],"about":[{"href":"https:\/\/cmykprinted.com\/de\/wp-json\/wp\/v2\/types\/product"}],"version-history":[{"count":4,"href":"https:\/\/cmykprinted.com\/de\/wp-json\/wp\/v2\/product\/744\/revisions"}],"predecessor-version":[{"id":750,"href":"https:\/\/cmykprinted.com\/de\/wp-json\/wp\/v2\/product\/744\/revisions\/750"}],"wp:featuredmedia":[{"embeddable":true,"href":"https:\/\/cmykprinted.com\/de\/wp-json\/wp\/v2\/media\/745"}],"wp:attachment":[{"href":"https:\/\/cmykprinted.com\/de\/wp-json\/wp\/v2\/media?parent=744"}],"wp:term":[{"taxonomy":"product_cat","embeddable":true,"href":"https:\/\/cmykprinted.com\/de\/wp-json\/wp\/v2\/product_cat?post=744"},{"taxonomy":"product_tag","embeddable":true,"href":"https:\/\/cmykprinted.com\/de\/wp-json\/wp\/v2\/product_tag?post=744"}],"curies":[{"name":"wp","href":"https:\/\/api.w.org\/{rel}","templated":true}]}}