{"id":778,"date":"2022-12-31T02:58:49","date_gmt":"2022-12-31T02:58:49","guid":{"rendered":"https:\/\/cmykprinted.com\/?post_type=product&#038;p=778"},"modified":"2022-12-31T03:33:16","modified_gmt":"2022-12-31T03:33:16","slug":"heavy-duty-instant-enclosed-10x20ft-pop-up-canopies-gazebo","status":"publish","type":"product","link":"https:\/\/cmykprinted.com\/de\/produkt\/hochleistungs-sofort-geschlossener-10x20-fus-pop-up-vordacher-pavillon\/","title":{"rendered":"Robuster, sofort geschlossener 10 x 20 Fu\u00df Pop-Up-\u00dcberdachungs-Pavillon"},"content":{"rendered":"","protected":false},"excerpt":{"rendered":"<p>10 x 20 Fu\u00df gro\u00dfe Pop-up-\u00dcberdachungen sind f\u00fcr Outdoor-Events konzipiert und verf\u00fcgen \u00fcber eine praktische Tragetasche f\u00fcr den einfachen Transport. 10 x 20 Fu\u00df gro\u00dfe Pop-up-\u00dcberdachungen bieten eine gro\u00dfe Beschattungsfl\u00e4che von 200 Quadratfu\u00df, genug, um einen rechteckigen 8-Fu\u00df-Tisch mit 25 St\u00fchlen oder etwa 30 gleichzeitig stehenden Personen unterzubringen. Das Verdeck besteht aus strapazierf\u00e4higem 420D-Oxford-Gewebe mit einer PVC-Beschichtung f\u00fcr Wind- und Verschlei\u00dffestigkeit sowie UV30+-Schutz und Wasserbest\u00e4ndigkeit. Es ist schnell und einfach einzurichten, mit einem werkzeuglosen Installationsprozess und einem robusten Stahlrahmen mit 4-facher H\u00f6henverstellung. Das Vordach hat auch Seitenw\u00e4nde mit transparenten Fenstern und eine zentrale Rei\u00dfverschlusst\u00fcr f\u00fcr zus\u00e4tzlichen Schutz vor Wind und sch\u00e4dlichem Sonnenlicht, w\u00e4hrend es dennoch eine klare Sicht nach drau\u00dfen erm\u00f6glicht. Die Seitenw\u00e4nde lassen sich mit Klettverschl\u00fcssen einfach am Verdeckrahmen anbringen oder wieder l\u00f6sen.<\/p>\n<div style=\"width: 1280px;\" class=\"wp-video\"><!--[if lt IE 9]><script>document.createElement('video');<\/script><![endif]--><br \/>\n<video class=\"wp-video-shortcode\" id=\"video-778-1\" width=\"1280\" height=\"720\" loop autoplay preload=\"auto\" controls=\"controls\"><source type=\"video\/mp4\" src=\"http:\/\/cmykprinted.com\/wp-content\/uploads\/2022\/12\/10x20ft-Pop-Up-Canopies.mp4?_=1\" \/><a href=\"http:\/\/cmykprinted.com\/wp-content\/uploads\/2022\/12\/10x20ft-Pop-Up-Canopies.mp4\">http:\/\/cmykprinted.com\/wp-content\/uploads\/2022\/12\/10x20ft-Pop-Up-Canopies.mp4<\/a><\/video><\/div>","protected":false},"featured_media":780,"template":"","meta":{"_kad_post_transparent":"default","_kad_post_title":"hide","_kad_post_layout":"fullwidth","_kad_post_sidebar_id":"","_kad_post_content_style":"unboxed","_kad_post_vertical_padding":"hide","_kad_post_feature":"hide","_kad_post_feature_position":"","_kad_post_header":false,"_kad_post_footer":false},"product_cat":[68,72,69],"product_tag":[208,211,209,210],"class_list":{"0":"post-778","1":"product","2":"type-product","3":"status-publish","4":"has-post-thumbnail","6":"product_cat-custom-canopy-tents","7":"product_cat-10x20ft-pop-up-canopies","8":"product_cat-40mm-hexagon-aluminum-tents","9":"product_tag-10x20ft-pop-up-canopies","10":"product_tag-heavy-duty-gazebo","11":"product_tag-heavy-duty-pop-up-canopies","12":"product_tag-instant-pop-up-canopies","14":"first","15":"instock","16":"shipping-taxable","17":"product-type-simple","18":"entry","19":"content-bg","20":"loop-entry"},"_links":{"self":[{"href":"https:\/\/cmykprinted.com\/de\/wp-json\/wp\/v2\/product\/778","targetHints":{"allow":["GET"]}}],"collection":[{"href":"https:\/\/cmykprinted.com\/de\/wp-json\/wp\/v2\/product"}],"about":[{"href":"https:\/\/cmykprinted.com\/de\/wp-json\/wp\/v2\/types\/product"}],"version-history":[{"count":4,"href":"https:\/\/cmykprinted.com\/de\/wp-json\/wp\/v2\/product\/778\/revisions"}],"predecessor-version":[{"id":790,"href":"https:\/\/cmykprinted.com\/de\/wp-json\/wp\/v2\/product\/778\/revisions\/790"}],"wp:featuredmedia":[{"embeddable":true,"href":"https:\/\/cmykprinted.com\/de\/wp-json\/wp\/v2\/media\/780"}],"wp:attachment":[{"href":"https:\/\/cmykprinted.com\/de\/wp-json\/wp\/v2\/media?parent=778"}],"wp:term":[{"taxonomy":"product_cat","embeddable":true,"href":"https:\/\/cmykprinted.com\/de\/wp-json\/wp\/v2\/product_cat?post=778"},{"taxonomy":"product_tag","embeddable":true,"href":"https:\/\/cmykprinted.com\/de\/wp-json\/wp\/v2\/product_tag?post=778"}],"curies":[{"name":"wp","href":"https:\/\/api.w.org\/{rel}","templated":true}]}}