{"id":791,"date":"2022-12-31T06:57:00","date_gmt":"2022-12-31T06:57:00","guid":{"rendered":"https:\/\/cmykprinted.com\/?post_type=product&#038;p=791"},"modified":"2022-12-31T07:06:35","modified_gmt":"2022-12-31T07:06:35","slug":"wall-mounted-promotional-flags-end-sign-flags-custom-printed","status":"publish","type":"product","link":"https:\/\/cmykprinted.com\/de\/produkt\/wand-werbefahnen-endschild-fahnen-individuell-bedruckt\/","title":{"rendered":"Wandmontierte Werbefahnen, Endschild-Flaggen, individuell bedruckt"},"content":{"rendered":"","protected":false},"excerpt":{"rendered":"<p>Unsere wandmontierten Werbefahnen sind auf robustem, strapazierf\u00e4higem PVC-Bannermaterial gedruckt und f\u00fcr eine lange Lebensdauer im Au\u00dfenbereich mit UV-Tinte behandelt. Diese Flaggen sind 430 mm breit und 355 mm auf der einen Seite und 560 mm auf der anderen Seite. Sie bestehen aus starkem und dennoch flexiblem wei\u00dfem PVC und verf\u00fcgen \u00fcber einen 750 mm langen Fahnenmast. Der konische Sockel sorgt f\u00fcr einen sicheren Halt am Mast und verhindert, dass die Fahne bei Wind verloren geht. Diese Flaggen k\u00f6nnen einfach an W\u00e4nde geschraubt werden und werden mit einem Kit geliefert, das eine Polypropylen-Halterung, eine PVC-Stange, eine Endkappe und einen Kragen enth\u00e4lt. Wir bieten auch schlichte \u201eDisplay Flags\u201c aus 780 g\/m\u00b2 verst\u00e4rktem Leichtblock-PVC an, die f\u00fcr Vinylanwendungen geeignet sind und auf Bestellung bedruckt werden k\u00f6nnen. Kundenspezifische Flaggen sind ebenfalls erh\u00e4ltlich. Alle unsere Flaggen sind aus superfesten Medien und Polyestern\u00e4hten in Marinequalit\u00e4t f\u00fcr die beste Leistung im Freien hergestellt.<\/p>","protected":false},"featured_media":792,"template":"","meta":{"_kad_post_transparent":"default","_kad_post_title":"hide","_kad_post_layout":"fullwidth","_kad_post_sidebar_id":"","_kad_post_content_style":"unboxed","_kad_post_vertical_padding":"hide","_kad_post_feature":"hide","_kad_post_feature_position":"","_kad_post_header":false,"_kad_post_footer":false},"product_cat":[79],"product_tag":[215,213,214,212],"class_list":{"0":"post-791","1":"product","2":"type-product","3":"status-publish","4":"has-post-thumbnail","6":"product_cat-custom-flags","7":"product_tag-custom-promotional-flags","8":"product_tag-end-sign-flags","9":"product_tag-promotional-flags","10":"product_tag-wall-mounted-promotional-flags","12":"first","13":"instock","14":"shipping-taxable","15":"product-type-simple","16":"entry","17":"content-bg","18":"loop-entry"},"_links":{"self":[{"href":"https:\/\/cmykprinted.com\/de\/wp-json\/wp\/v2\/product\/791","targetHints":{"allow":["GET"]}}],"collection":[{"href":"https:\/\/cmykprinted.com\/de\/wp-json\/wp\/v2\/product"}],"about":[{"href":"https:\/\/cmykprinted.com\/de\/wp-json\/wp\/v2\/types\/product"}],"version-history":[{"count":3,"href":"https:\/\/cmykprinted.com\/de\/wp-json\/wp\/v2\/product\/791\/revisions"}],"predecessor-version":[{"id":799,"href":"https:\/\/cmykprinted.com\/de\/wp-json\/wp\/v2\/product\/791\/revisions\/799"}],"wp:featuredmedia":[{"embeddable":true,"href":"https:\/\/cmykprinted.com\/de\/wp-json\/wp\/v2\/media\/792"}],"wp:attachment":[{"href":"https:\/\/cmykprinted.com\/de\/wp-json\/wp\/v2\/media?parent=791"}],"wp:term":[{"taxonomy":"product_cat","embeddable":true,"href":"https:\/\/cmykprinted.com\/de\/wp-json\/wp\/v2\/product_cat?post=791"},{"taxonomy":"product_tag","embeddable":true,"href":"https:\/\/cmykprinted.com\/de\/wp-json\/wp\/v2\/product_tag?post=791"}],"curies":[{"name":"wp","href":"https:\/\/api.w.org\/{rel}","templated":true}]}}