{"id":810,"date":"2022-12-31T13:39:50","date_gmt":"2022-12-31T13:39:50","guid":{"rendered":"https:\/\/cmykprinted.com\/?post_type=product&#038;p=810"},"modified":"2022-12-31T13:53:52","modified_gmt":"2022-12-31T13:53:52","slug":"durable-custom-printed-outdoor-scrim-glossy-vinyl-banner","status":"publish","type":"product","link":"https:\/\/cmykprinted.com\/de\/produkt\/strapazierfahiges-individuell-bedrucktes-scrim-glanzendes-vinyl-banner-fur-den-aussenbereich\/","title":{"rendered":"Langlebiges, individuell bedrucktes Banner aus gl\u00e4nzendem Scrim-Vinyl f\u00fcr den Au\u00dfenbereich"},"content":{"rendered":"","protected":false},"excerpt":{"rendered":"<p>Unsere gl\u00e4nzenden Vinyl-Banner sind sowohl f\u00fcr den Innen- als auch f\u00fcr den Au\u00dfenbereich geeignet, da sie lichtbest\u00e4ndig, rei\u00dffest und windfest sind. Sie sind auch sehr kosteng\u00fcnstig, was sie zu einer guten Wahl f\u00fcr diejenigen macht, die ein begrenztes Budget haben. Das in diesen Bannern verwendete Vinylmaterial ist hell und gl\u00e4nzend, wodurch die Farben in Ihrem Design lebendiger und auff\u00e4lliger erscheinen. Au\u00dferdem tr\u00e4gt die ultraglatte Beschriftungsoberfl\u00e4che dieser Banner dazu bei, Ihre Grafiken zum Leben zu erwecken.<br \/>\nUnsere gl\u00e4nzenden Vinyl-Banner sind eine beliebte Wahl f\u00fcr Outdoor-Events wie Fu\u00dfballspiele, wo sie entlang des Zauns oder der Wand um das Spielfeld herum aufgeh\u00e4ngt werden k\u00f6nnen, um die Sponsoren des Teams zu pr\u00e4sentieren. Sie sind auch eine gro\u00dfartige Wahl f\u00fcr Familientreffen, Firmenpicknicks und andere Versammlungen im Freien, da sie einfach zwischen zwei B\u00e4umen aufgeh\u00e4ngt werden k\u00f6nnen, um eine lebendige und erschwingliche Pr\u00e4sentation zu schaffen. Egal zu welchem Anlass, unsere gl\u00e4nzenden Vinyl-Banner machen Ihre Veranstaltung mit Sicherheit zu etwas Besonderem.<\/p>\n<div style=\"width: 1290px;\" class=\"wp-video\"><!--[if lt IE 9]><script>document.createElement('video');<\/script><![endif]--><br \/>\n<video class=\"wp-video-shortcode\" id=\"video-810-1\" width=\"1290\" height=\"726\" loop autoplay preload=\"auto\" controls=\"controls\"><source type=\"video\/mp4\" src=\"http:\/\/cmykprinted.com\/wp-content\/uploads\/2022\/12\/vinyl-PVC-banners.mp4?_=1\" \/><a href=\"http:\/\/cmykprinted.com\/wp-content\/uploads\/2022\/12\/vinyl-PVC-banners.mp4\">http:\/\/cmykprinted.com\/wp-content\/uploads\/2022\/12\/vinyl-PVC-banners.mp4<\/a><\/video><\/div>\n<p>&nbsp;<\/p>","protected":false},"featured_media":811,"template":"","meta":{"_kad_post_transparent":"default","_kad_post_title":"hide","_kad_post_layout":"fullwidth","_kad_post_sidebar_id":"","_kad_post_content_style":"unboxed","_kad_post_vertical_padding":"hide","_kad_post_feature":"hide","_kad_post_feature_position":"","_kad_post_header":false,"_kad_post_footer":false},"product_cat":[85,90,91,89],"product_tag":[221,220,219,222],"class_list":{"0":"post-810","1":"product","2":"type-product","3":"status-publish","4":"has-post-thumbnail","6":"product_cat-outdoor-vinyl-banners","7":"product_cat-glossy-pvc-banners","8":"product_cat-matte-vinyl-banners","9":"product_cat-pvc-banners","10":"product_tag-custom-vinyl-banner","11":"product_tag-durable-vinyl-banner","12":"product_tag-glossy-vinyl-banner","13":"product_tag-outdoor-vinyl-banner","15":"first","16":"instock","17":"shipping-taxable","18":"product-type-simple","19":"entry","20":"content-bg","21":"loop-entry"},"_links":{"self":[{"href":"https:\/\/cmykprinted.com\/de\/wp-json\/wp\/v2\/product\/810","targetHints":{"allow":["GET"]}}],"collection":[{"href":"https:\/\/cmykprinted.com\/de\/wp-json\/wp\/v2\/product"}],"about":[{"href":"https:\/\/cmykprinted.com\/de\/wp-json\/wp\/v2\/types\/product"}],"version-history":[{"count":2,"href":"https:\/\/cmykprinted.com\/de\/wp-json\/wp\/v2\/product\/810\/revisions"}],"predecessor-version":[{"id":817,"href":"https:\/\/cmykprinted.com\/de\/wp-json\/wp\/v2\/product\/810\/revisions\/817"}],"wp:featuredmedia":[{"embeddable":true,"href":"https:\/\/cmykprinted.com\/de\/wp-json\/wp\/v2\/media\/811"}],"wp:attachment":[{"href":"https:\/\/cmykprinted.com\/de\/wp-json\/wp\/v2\/media?parent=810"}],"wp:term":[{"taxonomy":"product_cat","embeddable":true,"href":"https:\/\/cmykprinted.com\/de\/wp-json\/wp\/v2\/product_cat?post=810"},{"taxonomy":"product_tag","embeddable":true,"href":"https:\/\/cmykprinted.com\/de\/wp-json\/wp\/v2\/product_tag?post=810"}],"curies":[{"name":"wp","href":"https:\/\/api.w.org\/{rel}","templated":true}]}}