{"id":842,"date":"2023-01-01T06:44:35","date_gmt":"2023-01-01T06:44:35","guid":{"rendered":"https:\/\/cmykprinted.com\/?post_type=product&#038;p=842"},"modified":"2023-01-01T06:50:35","modified_gmt":"2023-01-01T06:50:35","slug":"rectangle-flag-banners-with-custom-printing-fast-delivery","status":"publish","type":"product","link":"https:\/\/cmykprinted.com\/de\/produkt\/rechteckige-fahnenbanner-mit-individuellem-druck-schnelle-lieferung\/","title":{"rendered":"Rechteckige Flaggenbanner mit individuellem Druck und schneller Lieferung"},"content":{"rendered":"","protected":false},"excerpt":{"rendered":"<p>Wenn Sie mit Ihrer n\u00e4chsten Promotion oder Veranstaltung eine gro\u00dfe Wirkung erzielen m\u00f6chten, ziehen Sie in Betracht, rechteckige Flaggenbanner mit Ihrem Logo oder Design Ihrer Wahl individuell zu drucken. Diese Banner sind in drei Gr\u00f6\u00dfen erh\u00e4ltlich \u2013 5 Fu\u00df, 8 Fu\u00df oder 11 Fu\u00df \u2013 sodass Sie die Option ausw\u00e4hlen k\u00f6nnen, die Ihren Anforderungen am besten entspricht. Wenn mehrere Flaggen in einer Reihe aufgestellt werden, entsteht ein riesiges und visuell beeindruckendes Display, das Ihrer Veranstaltung eine saubere, professionelle und aufregende Atmosph\u00e4re verleiht.<br \/>\nDas Tolle an diesen rechteckigen Bannern ist, dass der individuelle Druck auf der Vorderseite auf der R\u00fcckseite spiegelverkehrt sichtbar ist. Das bedeutet, dass Sie sie in einer Vielzahl von Einstellungen verwenden k\u00f6nnen und Ihre Botschaft trotzdem prominent angezeigt wird. Dar\u00fcber hinaus ist doppelseitiger Druck f\u00fcr diejenigen verf\u00fcgbar, die eine doppelte Botschaft vermitteln m\u00f6chten.<br \/>\nDie ersten Schritte mit Ihrem benutzerdefinierten rechteckigen Banner sind ganz einfach \u2013 laden Sie einfach Ihr Logo oder Design mithilfe der obigen Anleitung hoch oder laden Sie die Kunstvorlage unten herunter und erstellen Sie Ihre eigene Datei zum Hochladen und Auschecken. Mit unserem hochwertigen Druck und der Liebe zum Detail k\u00f6nnen Sie sicher sein, dass Ihr rechteckiges Flaggenbanner einen bleibenden Eindruck bei Ihrem Publikum hinterlassen wird.<\/p>\n<div style=\"width: 1280px;\" class=\"wp-video\"><!--[if lt IE 9]><script>document.createElement('video');<\/script><![endif]--><br \/>\n<video class=\"wp-video-shortcode\" id=\"video-842-1\" width=\"1280\" height=\"720\" loop autoplay preload=\"metadata\" controls=\"controls\"><source type=\"video\/mp4\" src=\"http:\/\/cmykprinted.com\/wp-content\/uploads\/2022\/12\/Feather-beach-flags.mp4?_=1\" \/><a href=\"http:\/\/cmykprinted.com\/wp-content\/uploads\/2022\/12\/Feather-beach-flags.mp4\">http:\/\/cmykprinted.com\/wp-content\/uploads\/2022\/12\/Feather-beach-flags.mp4<\/a><\/video><\/div>","protected":false},"featured_media":843,"template":"","meta":{"_kad_post_transparent":"default","_kad_post_title":"hide","_kad_post_layout":"fullwidth","_kad_post_sidebar_id":"","_kad_post_content_style":"unboxed","_kad_post_vertical_padding":"hide","_kad_post_feature":"hide","_kad_post_feature_position":"","_kad_post_header":false,"_kad_post_footer":false},"product_cat":[64,66],"product_tag":[236,235,234],"class_list":{"0":"post-842","1":"product","2":"type-product","3":"status-publish","4":"has-post-thumbnail","6":"product_cat-beach-flags","7":"product_cat-rectangular-flags-banners","8":"product_tag-custom-rectangle-banners","9":"product_tag-custom-rectangle-flag","10":"product_tag-rectangle-flag-banners","12":"first","13":"instock","14":"shipping-taxable","15":"product-type-simple","16":"entry","17":"content-bg","18":"loop-entry"},"_links":{"self":[{"href":"https:\/\/cmykprinted.com\/de\/wp-json\/wp\/v2\/product\/842","targetHints":{"allow":["GET"]}}],"collection":[{"href":"https:\/\/cmykprinted.com\/de\/wp-json\/wp\/v2\/product"}],"about":[{"href":"https:\/\/cmykprinted.com\/de\/wp-json\/wp\/v2\/types\/product"}],"version-history":[{"count":1,"href":"https:\/\/cmykprinted.com\/de\/wp-json\/wp\/v2\/product\/842\/revisions"}],"predecessor-version":[{"id":848,"href":"https:\/\/cmykprinted.com\/de\/wp-json\/wp\/v2\/product\/842\/revisions\/848"}],"wp:featuredmedia":[{"embeddable":true,"href":"https:\/\/cmykprinted.com\/de\/wp-json\/wp\/v2\/media\/843"}],"wp:attachment":[{"href":"https:\/\/cmykprinted.com\/de\/wp-json\/wp\/v2\/media?parent=842"}],"wp:term":[{"taxonomy":"product_cat","embeddable":true,"href":"https:\/\/cmykprinted.com\/de\/wp-json\/wp\/v2\/product_cat?post=842"},{"taxonomy":"product_tag","embeddable":true,"href":"https:\/\/cmykprinted.com\/de\/wp-json\/wp\/v2\/product_tag?post=842"}],"curies":[{"name":"wp","href":"https:\/\/api.w.org\/{rel}","templated":true}]}}