{"id":858,"date":"2023-01-01T07:50:37","date_gmt":"2023-01-01T07:50:37","guid":{"rendered":"https:\/\/cmykprinted.com\/?post_type=product&#038;p=858"},"modified":"2023-01-01T07:57:12","modified_gmt":"2023-01-01T07:57:12","slug":"custom-branded-promotional-hand-held-stick-flags-printing","status":"publish","type":"product","link":"https:\/\/cmykprinted.com\/de\/produkt\/benutzerdefinierter-marken-werbeartikel-hand-stick-flags-druck\/","title":{"rendered":"Bedrucken von handgehaltenen Werbeflaggen mit individuellem Markenlogo"},"content":{"rendered":"","protected":false},"excerpt":{"rendered":"<p>Handgehaltene Flaggen sind eine beliebte Wahl f\u00fcr Unternehmen und Organisationen, die die Sichtbarkeit ihrer Marke erh\u00f6hen und bei Paraden, Sportveranstaltungen und anderen Versammlungen im Freien mit ihrer Zielgruppe in Kontakt treten m\u00f6chten. Diese Flaggen sind besonders beliebt bei Kindern und anderen Teilnehmern, die gerne damit herumschwenken und ihre Unterst\u00fctzung f\u00fcr eine bestimmte Sache oder ein bestimmtes Team zeigen.<br \/>\nEines der wichtigsten Verkaufsargumente von handgehaltenen Stabflaggen ist die gro\u00dfe Branding-Fl\u00e4che, die es Unternehmen erm\u00f6glicht, jeden Millimeter des angezeigten Raums mit Ausnahme des wei\u00dfen Streifens um den montierten Stab zu nutzen. Dies bietet Unternehmen ausreichend Platz, um ihre Markenidentit\u00e4t, ihr Logo und ihre Botschaft zu pr\u00e4sentieren und sicherzustellen, dass sie von einem gro\u00dfen und empf\u00e4nglichen Publikum gesehen werden.<br \/>\nHandgehaltene Flaggen sind nicht nur ein effektives Marketinginstrument, sondern auch eine erschwingliche Wahl f\u00fcr Unternehmen und Organisationen, die ihre Marke bewerben m\u00f6chten. Sie bestehen aus strapazierf\u00e4higen Materialien wie Polyester oder Nylon und verf\u00fcgen \u00fcber einen Holz- oder Kunststoffstab zum einfachen Winken. Diese Flaggen sind leicht und einfach zu transportieren, was sie zu einer praktischen Wahl f\u00fcr Outdoor-Events macht.<br \/>\nInsgesamt sind handgehaltene Steckfahnen ein kosteng\u00fcnstiges und interaktives Marketinginstrument, das verwendet werden kann, um eine Markenidentit\u00e4t zu f\u00f6rdern und die Sichtbarkeit bei einer Vielzahl von Veranstaltungen zu erh\u00f6hen.<\/p>\n<div style=\"width: 1290px;\" class=\"wp-video\"><!--[if lt IE 9]><script>document.createElement('video');<\/script><![endif]--><br \/>\n<video class=\"wp-video-shortcode\" id=\"video-858-1\" width=\"1290\" height=\"726\" loop autoplay preload=\"auto\" controls=\"controls\"><source type=\"video\/mp4\" src=\"http:\/\/cmykprinted.com\/wp-content\/uploads\/2022\/12\/Custom-Printed-Hand-Flags.mp4?_=1\" \/><a href=\"http:\/\/cmykprinted.com\/wp-content\/uploads\/2022\/12\/Custom-Printed-Hand-Flags.mp4\">http:\/\/cmykprinted.com\/wp-content\/uploads\/2022\/12\/Custom-Printed-Hand-Flags.mp4<\/a><\/video><\/div>\n<p>&nbsp;<\/p>","protected":false},"featured_media":859,"template":"","meta":{"_kad_post_transparent":"default","_kad_post_title":"hide","_kad_post_layout":"fullwidth","_kad_post_sidebar_id":"","_kad_post_content_style":"unboxed","_kad_post_vertical_padding":"hide","_kad_post_feature":"hide","_kad_post_feature_position":"","_kad_post_header":false,"_kad_post_footer":false},"product_cat":[79],"product_tag":[153,243,241,242],"class_list":{"0":"post-858","1":"product","2":"type-product","3":"status-publish","4":"has-post-thumbnail","6":"product_cat-custom-flags","7":"product_tag-custom-hand-flags","8":"product_tag-hand-flags-printing","9":"product_tag-hand-held-stick-flags","10":"product_tag-promotional-hand-flags","12":"first","13":"instock","14":"shipping-taxable","15":"product-type-simple","16":"entry","17":"content-bg","18":"loop-entry"},"_links":{"self":[{"href":"https:\/\/cmykprinted.com\/de\/wp-json\/wp\/v2\/product\/858","targetHints":{"allow":["GET"]}}],"collection":[{"href":"https:\/\/cmykprinted.com\/de\/wp-json\/wp\/v2\/product"}],"about":[{"href":"https:\/\/cmykprinted.com\/de\/wp-json\/wp\/v2\/types\/product"}],"version-history":[{"count":2,"href":"https:\/\/cmykprinted.com\/de\/wp-json\/wp\/v2\/product\/858\/revisions"}],"predecessor-version":[{"id":865,"href":"https:\/\/cmykprinted.com\/de\/wp-json\/wp\/v2\/product\/858\/revisions\/865"}],"wp:featuredmedia":[{"embeddable":true,"href":"https:\/\/cmykprinted.com\/de\/wp-json\/wp\/v2\/media\/859"}],"wp:attachment":[{"href":"https:\/\/cmykprinted.com\/de\/wp-json\/wp\/v2\/media?parent=858"}],"wp:term":[{"taxonomy":"product_cat","embeddable":true,"href":"https:\/\/cmykprinted.com\/de\/wp-json\/wp\/v2\/product_cat?post=858"},{"taxonomy":"product_tag","embeddable":true,"href":"https:\/\/cmykprinted.com\/de\/wp-json\/wp\/v2\/product_tag?post=858"}],"curies":[{"name":"wp","href":"https:\/\/api.w.org\/{rel}","templated":true}]}}