{"id":904,"date":"2023-01-11T13:28:48","date_gmt":"2023-01-11T13:28:48","guid":{"rendered":"https:\/\/cmykprinted.com\/?post_type=product&#038;p=904"},"modified":"2023-01-12T06:44:08","modified_gmt":"2023-01-12T06:44:08","slug":"uv-3d-dtf-vinyl-adhesive-transfer-stickers-labels-printing","status":"publish","type":"product","link":"https:\/\/cmykprinted.com\/de\/produkt\/uv-3d-dtf-vinyl-kleber-transfer-aufkleber-etiketten-druck\/","title":{"rendered":"UV-3D-DTF-Vinyl-Klebetransferaufkleber-Etikettendruck"},"content":{"rendered":"","protected":false},"excerpt":{"rendered":"<p>Wir stellen unseren neuen benutzerdefinierten UV-Aufkleber mit einem einzigartigen 3D-Stereoeffekt vor. Sie k\u00f6nnen Ihr eigenes Muster, Logo oder Text f\u00fcr die Aufkleber entwerfen. Die aus UV-Transferpaste hergestellten Aufkleber sind stark haftend, wasserfest und kratzfest. Es ist jedoch wichtig zu beachten, dass die Verwendung von hei\u00dfem Wasser oder Erhitzen die Klebrigkeit der Paste beeintr\u00e4chtigen kann. Diese Aufkleber k\u00f6nnen auf einer Vielzahl von glatten Oberfl\u00e4chen angebracht werden, darunter Metall, Kunststoff, Glas, lackierte Oberfl\u00e4chen, B\u00fccher, Pappe, Holz und sogar Autos (stellen Sie vor dem Anbringen nur sicher, dass die Oberfl\u00e4che sauber ist). Die Druckgr\u00f6\u00dfe der Aufkleber ist A3 (11 x 16 Zoll), und die Menge der Aufkleber, die Sie erhalten, h\u00e4ngt von der von Ihnen gew\u00e4hlten Gr\u00f6\u00dfe ab. Wenn Sie eine gr\u00f6\u00dfere Menge ben\u00f6tigen, teilen Sie uns dies bitte im Voraus mit. Um die besten Ergebnisse zu erzielen, laden Sie bitte au\u00dferdem Bilder in hoher Qualit\u00e4t, hoher Aufl\u00f6sung, klar, gr\u00f6\u00dfer, im Makromodus und scharf eingestellt hoch. Je h\u00f6her die Qualit\u00e4t des Fotos, desto besser der Endeffekt.<\/p>\n<div style=\"width: 1280px;\" class=\"wp-video\"><!--[if lt IE 9]><script>document.createElement('video');<\/script><![endif]--><br \/>\n<video class=\"wp-video-shortcode\" id=\"video-904-1\" width=\"1280\" height=\"720\" loop autoplay preload=\"auto\" controls=\"controls\"><source type=\"video\/mp4\" src=\"http:\/\/cmykprinted.com\/wp-content\/uploads\/2022\/12\/UV-transfer-stickers.mp4?_=1\" \/><a href=\"http:\/\/cmykprinted.com\/wp-content\/uploads\/2022\/12\/UV-transfer-stickers.mp4\">http:\/\/cmykprinted.com\/wp-content\/uploads\/2022\/12\/UV-transfer-stickers.mp4<\/a><\/video><\/div>","protected":false},"featured_media":905,"template":"","meta":{"_kad_post_transparent":"default","_kad_post_title":"hide","_kad_post_layout":"fullwidth","_kad_post_sidebar_id":"","_kad_post_content_style":"unboxed","_kad_post_vertical_padding":"hide","_kad_post_feature":"hide","_kad_post_feature_position":"","_kad_post_header":false,"_kad_post_footer":false},"product_cat":[101,103],"product_tag":[202,252,251,250],"class_list":{"0":"post-904","1":"product","2":"type-product","3":"status-publish","4":"has-post-thumbnail","6":"product_cat-transfer-stickers","7":"product_cat-uv-transfer-stickers","8":"product_tag-adhesive-transfer-stickers","9":"product_tag-dtf-transfer-stickers","10":"product_tag-uv-3d-stickers","11":"product_tag-vinyl-transfer-stickers","13":"first","14":"instock","15":"shipping-taxable","16":"product-type-simple","17":"entry","18":"content-bg","19":"loop-entry"},"_links":{"self":[{"href":"https:\/\/cmykprinted.com\/de\/wp-json\/wp\/v2\/product\/904","targetHints":{"allow":["GET"]}}],"collection":[{"href":"https:\/\/cmykprinted.com\/de\/wp-json\/wp\/v2\/product"}],"about":[{"href":"https:\/\/cmykprinted.com\/de\/wp-json\/wp\/v2\/types\/product"}],"version-history":[{"count":3,"href":"https:\/\/cmykprinted.com\/de\/wp-json\/wp\/v2\/product\/904\/revisions"}],"predecessor-version":[{"id":912,"href":"https:\/\/cmykprinted.com\/de\/wp-json\/wp\/v2\/product\/904\/revisions\/912"}],"wp:featuredmedia":[{"embeddable":true,"href":"https:\/\/cmykprinted.com\/de\/wp-json\/wp\/v2\/media\/905"}],"wp:attachment":[{"href":"https:\/\/cmykprinted.com\/de\/wp-json\/wp\/v2\/media?parent=904"}],"wp:term":[{"taxonomy":"product_cat","embeddable":true,"href":"https:\/\/cmykprinted.com\/de\/wp-json\/wp\/v2\/product_cat?post=904"},{"taxonomy":"product_tag","embeddable":true,"href":"https:\/\/cmykprinted.com\/de\/wp-json\/wp\/v2\/product_tag?post=904"}],"curies":[{"name":"wp","href":"https:\/\/api.w.org\/{rel}","templated":true}]}}