{"id":913,"date":"2023-01-13T12:49:09","date_gmt":"2023-01-13T12:49:09","guid":{"rendered":"https:\/\/cmykprinted.com\/?post_type=product&#038;p=913"},"modified":"2023-01-13T12:59:43","modified_gmt":"2023-01-13T12:59:43","slug":"custom-personalized-teardrop-shaped-advertising-flags","status":"publish","type":"product","link":"https:\/\/cmykprinted.com\/de\/produkt\/individuelle-personalisierte-tranenformige-werbefahnen\/","title":{"rendered":"Benutzerdefinierte personalisierte tropfenf\u00f6rmige Werbeflaggen"},"content":{"rendered":"","protected":false},"excerpt":{"rendered":"<p>Tropfenf\u00f6rmige Werbefahnen, auch als Federbanner bekannt, sind eine hervorragende M\u00f6glichkeit, Ihr Unternehmen zu bewerben und die Aufmerksamkeit potenzieller Kunden auf sich zu ziehen. Mit einer Vielzahl von verf\u00fcgbaren Optionen k\u00f6nnen unsere Flaggen sowohl im Innen- als auch im Au\u00dfenbereich verwendet werden, was sie zu einer vielseitigen Wahl f\u00fcr jedes Unternehmen macht.<br \/>\nUnsere Flaggen werden mit mehreren Basisoptionen geliefert, einschlie\u00dflich Erdspie\u00dfen und Kreuzf\u00fc\u00dfen, um sicherzustellen, dass sie an jedem Ort platziert werden k\u00f6nnen. Wir bieten auch einseitige und doppelseitige Druckoptionen an, sodass Ihre Werbung aus allen Blickwinkeln gesehen werden kann.<br \/>\nUnsere Flaggen sind aus strapazierf\u00e4higem 3,24 oz. Polyestergewebe und sind mit UV-best\u00e4ndiger Tinte bedruckt, um sicherzustellen, dass sie den Elementen standhalten und lange halten. Die Flaggen sind au\u00dferdem leicht und einfach zu transportieren, wodurch sie sich perfekt f\u00fcr Veranstaltungen und Messen eignen.<br \/>\nWenn Sie eines unserer Stangensets kaufen, erhalten Sie auch eine Reisetragetasche, mit der Sie Ihre Flagge einfach an verschiedene Orte transportieren k\u00f6nnen. Mit unseren hochwertigen Flaggen und bequemen Reiseoptionen k\u00f6nnen Sie sicher sein, dass Ihr Unternehmen \u00fcberall gesehen wird.<\/p>\n<div style=\"width: 1280px;\" class=\"wp-video\"><!--[if lt IE 9]><script>document.createElement('video');<\/script><![endif]--><br \/>\n<video class=\"wp-video-shortcode\" id=\"video-913-1\" width=\"1280\" height=\"720\" loop autoplay preload=\"metadata\" controls=\"controls\"><source type=\"video\/mp4\" src=\"http:\/\/cmykprinted.com\/wp-content\/uploads\/2022\/12\/Feather-beach-flags.mp4?_=1\" \/><a href=\"http:\/\/cmykprinted.com\/wp-content\/uploads\/2022\/12\/Feather-beach-flags.mp4\">http:\/\/cmykprinted.com\/wp-content\/uploads\/2022\/12\/Feather-beach-flags.mp4<\/a><\/video><\/div>","protected":false},"featured_media":914,"template":"","meta":{"_kad_post_transparent":"default","_kad_post_title":"hide","_kad_post_layout":"fullwidth","_kad_post_sidebar_id":"","_kad_post_content_style":"unboxed","_kad_post_vertical_padding":"hide","_kad_post_feature":"hide","_kad_post_feature_position":"","_kad_post_header":false,"_kad_post_footer":false},"product_cat":[64,67],"product_tag":[254,255,256,253],"class_list":{"0":"post-913","1":"product","2":"type-product","3":"status-publish","4":"has-post-thumbnail","6":"product_cat-beach-flags","7":"product_cat-teardrop-flags-banners","8":"product_tag-custom-teardrop-flags","9":"product_tag-personalized-teardrop-flags","10":"product_tag-teardrop-advertising-flags","11":"product_tag-teardrop-shaped-advertising-flags","13":"first","14":"instock","15":"shipping-taxable","16":"product-type-simple","17":"entry","18":"content-bg","19":"loop-entry"},"_links":{"self":[{"href":"https:\/\/cmykprinted.com\/de\/wp-json\/wp\/v2\/product\/913","targetHints":{"allow":["GET"]}}],"collection":[{"href":"https:\/\/cmykprinted.com\/de\/wp-json\/wp\/v2\/product"}],"about":[{"href":"https:\/\/cmykprinted.com\/de\/wp-json\/wp\/v2\/types\/product"}],"version-history":[{"count":2,"href":"https:\/\/cmykprinted.com\/de\/wp-json\/wp\/v2\/product\/913\/revisions"}],"predecessor-version":[{"id":920,"href":"https:\/\/cmykprinted.com\/de\/wp-json\/wp\/v2\/product\/913\/revisions\/920"}],"wp:featuredmedia":[{"embeddable":true,"href":"https:\/\/cmykprinted.com\/de\/wp-json\/wp\/v2\/media\/914"}],"wp:attachment":[{"href":"https:\/\/cmykprinted.com\/de\/wp-json\/wp\/v2\/media?parent=913"}],"wp:term":[{"taxonomy":"product_cat","embeddable":true,"href":"https:\/\/cmykprinted.com\/de\/wp-json\/wp\/v2\/product_cat?post=913"},{"taxonomy":"product_tag","embeddable":true,"href":"https:\/\/cmykprinted.com\/de\/wp-json\/wp\/v2\/product_tag?post=913"}],"curies":[{"name":"wp","href":"https:\/\/api.w.org\/{rel}","templated":true}]}}