{"id":921,"date":"2023-01-13T13:12:06","date_gmt":"2023-01-13T13:12:06","guid":{"rendered":"https:\/\/cmykprinted.com\/?post_type=product&#038;p=921"},"modified":"2023-01-13T13:59:27","modified_gmt":"2023-01-13T13:59:27","slug":"promotional-5-x-5-pop-up-tent-outdoor-indoor-canopy-tent","status":"publish","type":"product","link":"https:\/\/cmykprinted.com\/de\/produkt\/werbe-5-x-5-aufstellzelt-outdoor-indoor-uberdachungszelt\/","title":{"rendered":"Werbe-Pop-Up-Zelt 5\u2032 x 5\u2032 f\u00fcr den Innen- und Au\u00dfenbereich"},"content":{"rendered":"","protected":false},"excerpt":{"rendered":"<p>Dieses 5 \u00d7 5 Pop-up-Zelt ist die perfekte L\u00f6sung, um Schatten und Schutz bei Ihrem Stra\u00dfenverkauf, Bauernmarktstand oder Outdoor-Event zu bieten. Erh\u00e4ltlich in einer Vielzahl von Farben, darunter Wei\u00df, Gr\u00fcn, Rot, Marineblau und Schwarz, k\u00f6nnen Sie die perfekte Farbe f\u00fcr Ihre Veranstaltung oder Marke ausw\u00e4hlen. Das Zelt besteht aus strapazierf\u00e4higem Aluminium, wodurch es in Sekundenschnelle aufgebaut werden kann, und es passt in eine Tragetasche mit R\u00e4dern, wenn Sie damit fertig sind, sodass es einfach zu transportieren und zu lagern ist.<br \/>\nDieses kommerzielle 5 \u00d7 5 Pop-up-Zelt wird mit Verankerungspf\u00e4hlen fest an Ort und Stelle gehalten und schafft insgesamt 25 Quadratfu\u00df Schatten. Es ist perfekt f\u00fcr Veranstaltungen im Freien, kleine Check-in-Schalter, Sportwettk\u00e4mpfe oder Strandausfl\u00fcge, da es bequem Platz f\u00fcr etwa zwei Liegest\u00fchle oder einen kleinen Tisch bietet und Windgeschwindigkeiten von 30 MPH standhalten kann. Die farbige Polyester-Markise ist feuerhemmend und hydrostatischer Drucktest zertifiziert f\u00fcr eine sichere kommerzielle L\u00f6sung. Die Teleskopbeine mit Zugstiftentriegelung k\u00f6nnen mit einrastenden Druckhebeln auf f\u00fcnf H\u00f6heneinstellungen eingestellt werden.<br \/>\nUnser 5 \u00d7 5 Pop-up-Zelt in handels\u00fcblicher Qualit\u00e4t ist eine bequeme M\u00f6glichkeit, in Sekundenschnelle schnell einen schattigen Platz zum Arbeiten oder Spielen einzurichten. Egal, ob Sie ein Unternehmen f\u00fchren oder einfach nur nach einer bequemen M\u00f6glichkeit suchen, die Natur zu genie\u00dfen, dieses Zelt ist die perfekte Wahl. Mit seinem robusten Aluminiumrahmen und dem einfach zu montierenden Design ist es die perfekte Erg\u00e4nzung f\u00fcr jede Veranstaltung oder Versammlung im Freien.<\/p>\n<div style=\"width: 1280px;\" class=\"wp-video\"><!--[if lt IE 9]><script>document.createElement('video');<\/script><![endif]--><br \/>\n<video class=\"wp-video-shortcode\" id=\"video-921-1\" width=\"1280\" height=\"720\" loop autoplay preload=\"auto\" controls=\"controls\"><source type=\"video\/mp4\" src=\"http:\/\/cmykprinted.com\/wp-content\/uploads\/2022\/12\/10x20ft-Pop-Up-Canopies.mp4?_=1\" \/><a href=\"http:\/\/cmykprinted.com\/wp-content\/uploads\/2022\/12\/10x20ft-Pop-Up-Canopies.mp4\">http:\/\/cmykprinted.com\/wp-content\/uploads\/2022\/12\/10x20ft-Pop-Up-Canopies.mp4<\/a><\/video><\/div>","protected":false},"featured_media":922,"template":"","meta":{"_kad_post_transparent":"default","_kad_post_title":"hide","_kad_post_layout":"fullwidth","_kad_post_sidebar_id":"","_kad_post_content_style":"unboxed","_kad_post_vertical_padding":"hide","_kad_post_feature":"hide","_kad_post_feature_position":"","_kad_post_header":false,"_kad_post_footer":false},"product_cat":[68,74,78],"product_tag":[257,259,258,260],"class_list":{"0":"post-921","1":"product","2":"type-product","3":"status-publish","4":"has-post-thumbnail","6":"product_cat-custom-canopy-tents","7":"product_cat-50mm-heavy-duty-hexagon-aluminum-tents","8":"product_cat-5x5ft-custom-pop-up-canopies-50mm-heavy-duty-hexagon-aluminum-tents-custom-canopy-tents","9":"product_tag-5-x-5-pop-up-tent","10":"product_tag-indoor-canopy-tent","11":"product_tag-outdoor-canopy-tent","12":"product_tag-promotional-pop-up-tent","14":"first","15":"instock","16":"shipping-taxable","17":"product-type-simple","18":"entry","19":"content-bg","20":"loop-entry"},"_links":{"self":[{"href":"https:\/\/cmykprinted.com\/de\/wp-json\/wp\/v2\/product\/921","targetHints":{"allow":["GET"]}}],"collection":[{"href":"https:\/\/cmykprinted.com\/de\/wp-json\/wp\/v2\/product"}],"about":[{"href":"https:\/\/cmykprinted.com\/de\/wp-json\/wp\/v2\/types\/product"}],"version-history":[{"count":2,"href":"https:\/\/cmykprinted.com\/de\/wp-json\/wp\/v2\/product\/921\/revisions"}],"predecessor-version":[{"id":929,"href":"https:\/\/cmykprinted.com\/de\/wp-json\/wp\/v2\/product\/921\/revisions\/929"}],"wp:featuredmedia":[{"embeddable":true,"href":"https:\/\/cmykprinted.com\/de\/wp-json\/wp\/v2\/media\/922"}],"wp:attachment":[{"href":"https:\/\/cmykprinted.com\/de\/wp-json\/wp\/v2\/media?parent=921"}],"wp:term":[{"taxonomy":"product_cat","embeddable":true,"href":"https:\/\/cmykprinted.com\/de\/wp-json\/wp\/v2\/product_cat?post=921"},{"taxonomy":"product_tag","embeddable":true,"href":"https:\/\/cmykprinted.com\/de\/wp-json\/wp\/v2\/product_tag?post=921"}],"curies":[{"name":"wp","href":"https:\/\/api.w.org\/{rel}","templated":true}]}}