{"id":930,"date":"2023-01-15T04:21:00","date_gmt":"2023-01-15T04:21:00","guid":{"rendered":"https:\/\/cmykprinted.com\/?post_type=product&#038;p=930"},"modified":"2023-01-15T05:50:05","modified_gmt":"2023-01-15T05:50:05","slug":"cheapest-personalized-custom-printed-handheld-stick-flag","status":"publish","type":"product","link":"https:\/\/cmykprinted.com\/de\/produkt\/billigste-personalisierte-individuell-bedruckte-handstick-flagge\/","title":{"rendered":"G\u00fcnstigste personalisierte, individuell bedruckte Handheld-Stick-Flagge"},"content":{"rendered":"","protected":false},"excerpt":{"rendered":"<p>Eine tragbare Stabflagge ist eine kosteng\u00fcnstige und optisch ansprechende M\u00f6glichkeit, Ihre Veranstaltungen oder Werbeaktionen zu pr\u00e4sentieren. Indem Sie sie genau wie unsere regul\u00e4ren benutzerdefinierten Flaggen anpassen, aber mit einer kleineren Gr\u00f6\u00dfe, die einfach zu halten ist, sind sie die perfekte Erg\u00e4nzung f\u00fcr jede Messe, Sportveranstaltung, Parade, Konferenz oder Veranstaltung. Diese Flaggen bestehen aus strapazierf\u00e4higem Polyestergewebe und sind mit Thermosublimation bedruckt, wodurch sichergestellt wird, dass die Farben hell und kr\u00e4ftig sind. Die Flaggen werden mit einem Kunststoff- oder Holzd\u00fcbel abgeschlossen und jede Flagge wird \u00fcber eine Flaggenh\u00fclse am Stock befestigt, die daf\u00fcr sorgt, dass die Flagge sicher an Ort und Stelle bleibt. Egal, ob Sie f\u00fcr ein Unternehmen, einen guten Zweck oder ein besonderes Ereignis werben, diese Flaggen sind eine gro\u00dfartige M\u00f6glichkeit, Ihre Botschaft zu verbreiten.<\/p>","protected":false},"featured_media":931,"template":"","meta":{"_kad_post_transparent":"default","_kad_post_title":"hide","_kad_post_layout":"fullwidth","_kad_post_sidebar_id":"","_kad_post_content_style":"unboxed","_kad_post_vertical_padding":"hide","_kad_post_feature":"hide","_kad_post_feature_position":"","_kad_post_header":false,"_kad_post_footer":false},"product_cat":[79],"product_tag":[263,262,154,261],"class_list":{"0":"post-930","1":"product","2":"type-product","3":"status-publish","4":"has-post-thumbnail","6":"product_cat-custom-flags","7":"product_tag-cheapest-stick-flag","8":"product_tag-custom-stick-flag","9":"product_tag-handheld-stick-flag","10":"product_tag-personalized-stick-flag","12":"first","13":"instock","14":"shipping-taxable","15":"product-type-simple","16":"entry","17":"content-bg","18":"loop-entry"},"_links":{"self":[{"href":"https:\/\/cmykprinted.com\/de\/wp-json\/wp\/v2\/product\/930","targetHints":{"allow":["GET"]}}],"collection":[{"href":"https:\/\/cmykprinted.com\/de\/wp-json\/wp\/v2\/product"}],"about":[{"href":"https:\/\/cmykprinted.com\/de\/wp-json\/wp\/v2\/types\/product"}],"version-history":[{"count":2,"href":"https:\/\/cmykprinted.com\/de\/wp-json\/wp\/v2\/product\/930\/revisions"}],"predecessor-version":[{"id":937,"href":"https:\/\/cmykprinted.com\/de\/wp-json\/wp\/v2\/product\/930\/revisions\/937"}],"wp:featuredmedia":[{"embeddable":true,"href":"https:\/\/cmykprinted.com\/de\/wp-json\/wp\/v2\/media\/931"}],"wp:attachment":[{"href":"https:\/\/cmykprinted.com\/de\/wp-json\/wp\/v2\/media?parent=930"}],"wp:term":[{"taxonomy":"product_cat","embeddable":true,"href":"https:\/\/cmykprinted.com\/de\/wp-json\/wp\/v2\/product_cat?post=930"},{"taxonomy":"product_tag","embeddable":true,"href":"https:\/\/cmykprinted.com\/de\/wp-json\/wp\/v2\/product_tag?post=930"}],"curies":[{"name":"wp","href":"https:\/\/api.w.org\/{rel}","templated":true}]}}