{"id":938,"date":"2023-01-15T14:03:34","date_gmt":"2023-01-15T14:03:34","guid":{"rendered":"https:\/\/cmykprinted.com\/?post_type=product&#038;p=938"},"modified":"2023-01-15T14:14:31","modified_gmt":"2023-01-15T14:14:31","slug":"trade-show-fitted-custom-stretch-table-cover-tablecloth","status":"publish","type":"product","link":"https:\/\/cmykprinted.com\/de\/produkt\/messe-angepasste-kundenspezifische-stretch-tischdecke-tischdecke\/","title":{"rendered":"Ma\u00dfgefertigte Stretch-Tischdecke f\u00fcr Messen"},"content":{"rendered":"","protected":false},"excerpt":{"rendered":"<p>Die Ausrichtung einer Gesch\u00e4ftsveranstaltung kann eine Herausforderung sein, da Sie sowohl bei neuen als auch bei bestehenden Kunden einen guten Eindruck hinterlassen m\u00f6chten. Unsere dehnbaren Tischdecken sind eine hervorragende L\u00f6sung f\u00fcr die Dekoration Ihres Standes und die F\u00f6rderung Ihres Unternehmens. Unsere Auswahl an stilvollen Spandex-Bez\u00fcgen ist budgetfreundlich und kann verwendet werden, um das Aussehen Ihrer Tische zu verbessern. Unsere Bez\u00fcge aus strapazierf\u00e4higem 180 g\/m\u00b2 Stretchgewebe sind rei\u00dffest und k\u00f6nnen f\u00fcr mehrere Veranstaltungen wiederverwendet werden. Mit unserer 1440-DPI-Vollfarbdrucktechnologie sind die Grafiken auf den Titelseiten lebendig und gestochen scharf und ziehen mit Sicherheit die Aufmerksamkeit der Teilnehmer auf sich. Unsere Abdeckungen sind in zwei Ausf\u00fchrungen erh\u00e4ltlich: mit Rei\u00dfverschluss und dreiseitig, die beide einfach anzubringen sind und sicher an Ort und Stelle bleiben. Spandex-Stretch-Tischdecken sind vielseitig und budgetfreundlich, wodurch sie sich perfekt f\u00fcr jede Art von Veranstaltung eignen, wie z. B. Weihnachtsfeiern, Messen und mehr.<\/p>","protected":false},"featured_media":939,"template":"","meta":{"_kad_post_transparent":"default","_kad_post_title":"hide","_kad_post_layout":"fullwidth","_kad_post_sidebar_id":"","_kad_post_content_style":"unboxed","_kad_post_vertical_padding":"hide","_kad_post_feature":"hide","_kad_post_feature_position":"","_kad_post_header":false,"_kad_post_footer":false},"product_cat":[80,81],"product_tag":[117,265,264,266],"class_list":{"0":"post-938","1":"product","2":"type-product","3":"status-publish","4":"has-post-thumbnail","6":"product_cat-custom-tablecloth","7":"product_cat-custom-stretch-tablecloth","8":"product_tag-custom-stretch-tablecloth","9":"product_tag-fitted-tablecloth","10":"product_tag-stretch-table-cover","11":"product_tag-trade-show-table-cover","13":"first","14":"instock","15":"shipping-taxable","16":"product-type-simple","17":"entry","18":"content-bg","19":"loop-entry"},"_links":{"self":[{"href":"https:\/\/cmykprinted.com\/de\/wp-json\/wp\/v2\/product\/938","targetHints":{"allow":["GET"]}}],"collection":[{"href":"https:\/\/cmykprinted.com\/de\/wp-json\/wp\/v2\/product"}],"about":[{"href":"https:\/\/cmykprinted.com\/de\/wp-json\/wp\/v2\/types\/product"}],"version-history":[{"count":3,"href":"https:\/\/cmykprinted.com\/de\/wp-json\/wp\/v2\/product\/938\/revisions"}],"predecessor-version":[{"id":947,"href":"https:\/\/cmykprinted.com\/de\/wp-json\/wp\/v2\/product\/938\/revisions\/947"}],"wp:featuredmedia":[{"embeddable":true,"href":"https:\/\/cmykprinted.com\/de\/wp-json\/wp\/v2\/media\/939"}],"wp:attachment":[{"href":"https:\/\/cmykprinted.com\/de\/wp-json\/wp\/v2\/media?parent=938"}],"wp:term":[{"taxonomy":"product_cat","embeddable":true,"href":"https:\/\/cmykprinted.com\/de\/wp-json\/wp\/v2\/product_cat?post=938"},{"taxonomy":"product_tag","embeddable":true,"href":"https:\/\/cmykprinted.com\/de\/wp-json\/wp\/v2\/product_tag?post=938"}],"curies":[{"name":"wp","href":"https:\/\/api.w.org\/{rel}","templated":true}]}}