{"id":1000,"date":"2023-02-12T10:41:09","date_gmt":"2023-02-12T10:41:09","guid":{"rendered":"https:\/\/cmykprinted.com\/?post_type=product&#038;p=1000"},"modified":"2023-02-12T10:46:25","modified_gmt":"2023-02-12T10:46:25","slug":"logo-printed-premium-full-color-trade-show-table-throw","status":"publish","type":"product","link":"https:\/\/cmykprinted.com\/es\/producto\/logo-printed-premium-full-color-trade-show-table-throw\/","title":{"rendered":"Mantel para mesa de feria comercial de primera calidad con logotipo impreso a todo color"},"content":{"rendered":"","protected":false},"excerpt":{"rendered":"<p>En nuestra empresa, nos dedicamos a proporcionar cubiertas de mesa para ferias comerciales asequibles y de alta calidad a empresas y organizaciones de todos los tama\u00f1os. Entendemos la importancia de causar una buena impresi\u00f3n en las ferias comerciales y exposiciones, y estamos comprometidos a ayudar a nuestros clientes a hacer precisamente eso. Nuestro equipo de impresores profesionales utiliza un proceso completo de sublimaci\u00f3n de tinta para garantizar que nuestras mantas para mesa sean vibrantes, llamativas y totalmente personalizables. Ya sea que necesite un mantel para una feria comercial, un mantel para una exposici\u00f3n especial o cualquier otro tipo de cubremesa, tenemos los productos que necesita a la velocidad que necesita.<br \/>\nNuestra f\u00e1brica ofrece una amplia gama de cobertores para mesas de ferias comerciales, que incluyen fundas el\u00e1sticas, fundas de 3 y 4 lados, corredores y mucho m\u00e1s. Incluso ofrecemos mantas para mesa que est\u00e1n dise\u00f1adas para complementar el esquema de colores de su empresa u organizaci\u00f3n. Y si no tienes un logo, \u00a1no hay problema! Podemos crear un dise\u00f1o personalizado para usted que ayudar\u00e1 a promocionar su marca y atraer nuevos clientes.<br \/>\nOfrecemos un tiempo de respuesta de 24 horas en todos nuestros lanzamientos de mesa para ferias comerciales, lo que garantiza que pueda obtener los productos que necesita cuando los necesita. Y para mayor comodidad, enviamos todos nuestros productos el siguiente d\u00eda h\u00e1bil despu\u00e9s de la compra. Entonces, ya sea que necesite un solo lanzamiento de mesa o un pedido grande para un pr\u00f3ximo evento, tenemos los productos y servicios que necesita para tener \u00e9xito.<\/p>","protected":false},"featured_media":1001,"template":"","meta":{"_kad_post_transparent":"default","_kad_post_title":"hide","_kad_post_layout":"fullwidth","_kad_post_sidebar_id":"","_kad_post_content_style":"unboxed","_kad_post_vertical_padding":"hide","_kad_post_feature":"hide","_kad_post_feature_position":"","_kad_post_header":false,"_kad_post_footer":false},"product_cat":[80,84],"product_tag":[218,216,217],"class_list":{"0":"post-1000","1":"product","2":"type-product","3":"status-publish","4":"has-post-thumbnail","6":"product_cat-custom-tablecloth","7":"product_cat-trade-show-table-throw","8":"product_tag-custom-table-throw","9":"product_tag-trade-show-table-throw","10":"product_tag-tradeshow-table-throw","12":"first","13":"instock","14":"shipping-taxable","15":"product-type-simple","16":"entry","17":"content-bg","18":"loop-entry"},"_links":{"self":[{"href":"https:\/\/cmykprinted.com\/es\/wp-json\/wp\/v2\/product\/1000","targetHints":{"allow":["GET"]}}],"collection":[{"href":"https:\/\/cmykprinted.com\/es\/wp-json\/wp\/v2\/product"}],"about":[{"href":"https:\/\/cmykprinted.com\/es\/wp-json\/wp\/v2\/types\/product"}],"version-history":[{"count":1,"href":"https:\/\/cmykprinted.com\/es\/wp-json\/wp\/v2\/product\/1000\/revisions"}],"predecessor-version":[{"id":1007,"href":"https:\/\/cmykprinted.com\/es\/wp-json\/wp\/v2\/product\/1000\/revisions\/1007"}],"wp:featuredmedia":[{"embeddable":true,"href":"https:\/\/cmykprinted.com\/es\/wp-json\/wp\/v2\/media\/1001"}],"wp:attachment":[{"href":"https:\/\/cmykprinted.com\/es\/wp-json\/wp\/v2\/media?parent=1000"}],"wp:term":[{"taxonomy":"product_cat","embeddable":true,"href":"https:\/\/cmykprinted.com\/es\/wp-json\/wp\/v2\/product_cat?post=1000"},{"taxonomy":"product_tag","embeddable":true,"href":"https:\/\/cmykprinted.com\/es\/wp-json\/wp\/v2\/product_tag?post=1000"}],"curies":[{"name":"wp","href":"https:\/\/api.w.org\/{rel}","templated":true}]}}