{"id":1025,"date":"2023-02-12T15:07:24","date_gmt":"2023-02-12T15:07:24","guid":{"rendered":"https:\/\/cmykprinted.com\/?post_type=product&#038;p=1025"},"modified":"2023-02-12T15:13:19","modified_gmt":"2023-02-12T15:13:19","slug":"exhibition-curved-tension-fabric-pop-up-displays-with-frame","status":"publish","type":"product","link":"https:\/\/cmykprinted.com\/es\/producto\/exhibition-curved-tension-fabric-pop-up-displays-with-frame\/","title":{"rendered":"Exhibidores emergentes de tela tensada curva con marco"},"content":{"rendered":"","protected":false},"excerpt":{"rendered":"<p>El soporte de exhibici\u00f3n de tela curvada es una opci\u00f3n destacada para crear una exhibici\u00f3n visualmente llamativa. Presenta una sola imagen de alta definici\u00f3n sin l\u00edneas de uni\u00f3n visibles. El montaje es f\u00e1cil: simplemente sujete el marco de aluminio liviano y estire la tela impresa sobre \u00e9l. Cuando termine de usarlo, simplemente b\u00e1jelo, d\u00f3blelo y gu\u00e1rdelo en el estuche para facilitar el transporte. Estos puestos son mucho m\u00e1s convenientes para almacenar y transportar en comparaci\u00f3n con los puestos de exhibici\u00f3n emergentes tradicionales. Adem\u00e1s de ser una opci\u00f3n popular para conferencias y eventos, tambi\u00e9n son excelentes fondos de fotograf\u00eda y escenarios. La tela est\u00e1 impresa en ambos lados como est\u00e1ndar, lo que le brinda m\u00e1s espacio para sus mensajes. Tambi\u00e9n es f\u00e1cil imprimir portadas alternativas para diferentes eventos.<\/p>","protected":false},"featured_media":1026,"template":"","meta":{"_kad_post_transparent":"default","_kad_post_title":"hide","_kad_post_layout":"fullwidth","_kad_post_sidebar_id":"","_kad_post_content_style":"unboxed","_kad_post_vertical_padding":"hide","_kad_post_feature":"hide","_kad_post_feature_position":"","_kad_post_header":false,"_kad_post_footer":false},"product_cat":[97,98],"product_tag":[168,296,295,294,134],"class_list":{"0":"post-1025","1":"product","2":"type-product","3":"status-publish","4":"has-post-thumbnail","6":"product_cat-tension-fabric-displays","7":"product_cat-curved-tension-fabric-pop-up-displays","8":"product_tag-curved-tension-fabric-pop-up-displays","9":"product_tag-fabric-pop-up-curved-displays","10":"product_tag-fabric-pop-up-display","11":"product_tag-fabric-pop-up-displays","12":"product_tag-tension-fabric-displays","14":"first","15":"instock","16":"shipping-taxable","17":"product-type-simple","18":"entry","19":"content-bg","20":"loop-entry"},"_links":{"self":[{"href":"https:\/\/cmykprinted.com\/es\/wp-json\/wp\/v2\/product\/1025","targetHints":{"allow":["GET"]}}],"collection":[{"href":"https:\/\/cmykprinted.com\/es\/wp-json\/wp\/v2\/product"}],"about":[{"href":"https:\/\/cmykprinted.com\/es\/wp-json\/wp\/v2\/types\/product"}],"version-history":[{"count":1,"href":"https:\/\/cmykprinted.com\/es\/wp-json\/wp\/v2\/product\/1025\/revisions"}],"predecessor-version":[{"id":1032,"href":"https:\/\/cmykprinted.com\/es\/wp-json\/wp\/v2\/product\/1025\/revisions\/1032"}],"wp:featuredmedia":[{"embeddable":true,"href":"https:\/\/cmykprinted.com\/es\/wp-json\/wp\/v2\/media\/1026"}],"wp:attachment":[{"href":"https:\/\/cmykprinted.com\/es\/wp-json\/wp\/v2\/media?parent=1025"}],"wp:term":[{"taxonomy":"product_cat","embeddable":true,"href":"https:\/\/cmykprinted.com\/es\/wp-json\/wp\/v2\/product_cat?post=1025"},{"taxonomy":"product_tag","embeddable":true,"href":"https:\/\/cmykprinted.com\/es\/wp-json\/wp\/v2\/product_tag?post=1025"}],"curies":[{"name":"wp","href":"https:\/\/api.w.org\/{rel}","templated":true}]}}