{"id":1052,"date":"2023-02-13T07:20:10","date_gmt":"2023-02-13T07:20:10","guid":{"rendered":"https:\/\/cmykprinted.com\/?post_type=product&#038;p=1052"},"modified":"2023-02-13T07:26:04","modified_gmt":"2023-02-13T07:26:04","slug":"50mm-hexagonal-aluminum-10x20ft-pop-up-canopies-tents","status":"publish","type":"product","link":"https:\/\/cmykprinted.com\/es\/producto\/50mm-hexagonal-aluminum-10x20ft-pop-up-canopies-tents\/","title":{"rendered":"Carpas plegables de aluminio hexagonales de 50 mm y 3 x 6 m"},"content":{"rendered":"","protected":false},"excerpt":{"rendered":"<p>El toldo emergente de 10x20 pies con marco de aluminio es la elecci\u00f3n perfecta para hacer una declaraci\u00f3n en un puesto de mercado o feria comercial. El marco est\u00e1 dise\u00f1ado para impresionar con su pata exterior de aluminio hexagonal que mide 50x50 mm y un grosor de 1,8 mm. Con cinco posiciones de altura a intervalos de 7,5 cm, ofrece estabilidad para uso a largo plazo.<br \/>\nMontar y desmontar la capota no requiere esfuerzo, gracias a su estructura de aluminio plegable y a la ausencia de piezas sueltas. Los ajustes de las patas con bot\u00f3n pulsador y los pasadores de gran tama\u00f1o en las esquinas superiores hacen que la configuraci\u00f3n sea muy sencilla, sin necesidad de herramientas. El paquete incluye el marco de aluminio de la marquesina emergente comercial y puede ser ensamblado f\u00e1cilmente por una o dos personas en cuesti\u00f3n de minutos, sin herramientas.<br \/>\nEste dosel viene con una garant\u00eda de 1 a\u00f1o y un suministro de por vida de accesorios y piezas. Si necesita un trabajo personalizado, estamos aqu\u00ed para ayudarlo. Garantizamos la satisfacci\u00f3n 100% y trabajaremos para resolver cualquier problema que pueda tener.<br \/>\nEste toldo vers\u00e1til es adecuado para una amplia gama de eventos al aire libre, como fiestas, ferias comerciales, deportes, picnics, barbacoas y m\u00e1s. Tambi\u00e9n se puede utilizar en \u00e1reas comerciales, playas, parques infantiles, patios, jardines, granjas y otros entornos al aire libre, as\u00ed como en entornos interiores como grandes gimnasios. Con su alta calidad, puede estar seguro de su longevidad y durabilidad. Si tiene alguna inquietud sobre la calidad durante el primer a\u00f1o, simplemente comun\u00edquese con nosotros. Nuestra garant\u00eda de satisfacci\u00f3n 100% garantiza que trabajaremos para resolver cualquier problema que pueda tener.<\/p>\n<div style=\"width: 1280px;\" class=\"wp-video\"><!--[if lt IE 9]><script>document.createElement('video');<\/script><![endif]--><br \/>\n<video class=\"wp-video-shortcode\" id=\"video-1052-1\" width=\"1280\" height=\"720\" loop autoplay preload=\"auto\" controls=\"controls\"><source type=\"video\/mp4\" src=\"http:\/\/cmykprinted.com\/wp-content\/uploads\/2022\/12\/10x15ft-Pop-up-Tent.mp4?_=1\" \/><a href=\"http:\/\/cmykprinted.com\/wp-content\/uploads\/2022\/12\/10x15ft-Pop-up-Tent.mp4\">http:\/\/cmykprinted.com\/wp-content\/uploads\/2022\/12\/10x15ft-Pop-up-Tent.mp4<\/a><\/video><\/div>","protected":false},"featured_media":1053,"template":"","meta":{"_kad_post_transparent":"default","_kad_post_title":"hide","_kad_post_layout":"fullwidth","_kad_post_sidebar_id":"","_kad_post_content_style":"unboxed","_kad_post_vertical_padding":"hide","_kad_post_feature":"hide","_kad_post_feature_position":"","_kad_post_header":false,"_kad_post_footer":false},"product_cat":[68,77,74],"product_tag":[279,208,282,306,305,281,304,280],"class_list":{"0":"post-1052","1":"product","2":"type-product","3":"status-publish","4":"has-post-thumbnail","6":"product_cat-custom-canopy-tents","7":"product_cat-10x20ft-pop-up-canopies-50mm-heavy-duty-hexagon-aluminum-tents-custom-canopy-tents","8":"product_cat-50mm-heavy-duty-hexagon-aluminum-tents","9":"product_tag-10x15ft-hexagonal-pop-up-canopy-tent","10":"product_tag-10x20ft-pop-up-canopies","11":"product_tag-50mm-hexagonal-pop-up-canopy","12":"product_tag-50mm-hexagonal-pop-up-canopies","13":"product_tag-aluminum-canopies-pop-up-canopies","14":"product_tag-aluminum-frame-pop-up-canopy-tent","15":"product_tag-hexagonal-aluminum-canopies","16":"product_tag-hexagonal-pop-up-canopy-tent","18":"first","19":"instock","20":"shipping-taxable","21":"product-type-simple","22":"entry","23":"content-bg","24":"loop-entry"},"_links":{"self":[{"href":"https:\/\/cmykprinted.com\/es\/wp-json\/wp\/v2\/product\/1052","targetHints":{"allow":["GET"]}}],"collection":[{"href":"https:\/\/cmykprinted.com\/es\/wp-json\/wp\/v2\/product"}],"about":[{"href":"https:\/\/cmykprinted.com\/es\/wp-json\/wp\/v2\/types\/product"}],"version-history":[{"count":2,"href":"https:\/\/cmykprinted.com\/es\/wp-json\/wp\/v2\/product\/1052\/revisions"}],"predecessor-version":[{"id":1059,"href":"https:\/\/cmykprinted.com\/es\/wp-json\/wp\/v2\/product\/1052\/revisions\/1059"}],"wp:featuredmedia":[{"embeddable":true,"href":"https:\/\/cmykprinted.com\/es\/wp-json\/wp\/v2\/media\/1053"}],"wp:attachment":[{"href":"https:\/\/cmykprinted.com\/es\/wp-json\/wp\/v2\/media?parent=1052"}],"wp:term":[{"taxonomy":"product_cat","embeddable":true,"href":"https:\/\/cmykprinted.com\/es\/wp-json\/wp\/v2\/product_cat?post=1052"},{"taxonomy":"product_tag","embeddable":true,"href":"https:\/\/cmykprinted.com\/es\/wp-json\/wp\/v2\/product_tag?post=1052"}],"curies":[{"name":"wp","href":"https:\/\/api.w.org\/{rel}","templated":true}]}}