{"id":1060,"date":"2023-02-13T07:46:21","date_gmt":"2023-02-13T07:46:21","guid":{"rendered":"https:\/\/cmykprinted.com\/?post_type=product&#038;p=1060"},"modified":"2023-02-13T07:55:50","modified_gmt":"2023-02-13T07:55:50","slug":"custom-printed-exhibit-fitted-table-cover-fitted-tablecloth","status":"publish","type":"product","link":"https:\/\/cmykprinted.com\/es\/producto\/custom-printed-exhibit-fitted-table-cover-fitted-tablecloth\/","title":{"rendered":"Mantel ajustable con impresi\u00f3n personalizada para exhibiciones"},"content":{"rendered":"","protected":false},"excerpt":{"rendered":"<p>La cubierta de mesa ajustable est\u00e1 dise\u00f1ada con precisi\u00f3n para adaptarse a mesas rectangulares con dimensiones de 72 pulgadas de largo, 30 pulgadas de ancho y 30 pulgadas de altura, ya sea una mesa plegable o de banquete. Este vers\u00e1til mantel rectangular es perfecto para eventos como bodas, cumplea\u00f1os, despedidas de soltera, cenas de ensayo e incluso reuniones familiares. Fabricado con poli\u00e9ster el\u00e1stico de primera calidad, este mantel ajustado de spandex de 6 pies est\u00e1 hecho para durar y cuenta con una construcci\u00f3n duradera que es resistente a las arrugas y las manchas. Adem\u00e1s, este mantel se puede lavar varias veces, lo que lo convierte en una opci\u00f3n rentable para los planificadores de eventos o los propietarios de viviendas. Eleve la configuraci\u00f3n de su mesa con la adici\u00f3n elegante y pr\u00e1ctica de nuestro mantel de spandex ajustado, adecuado tanto para eventos formales como informales.<\/p>\n<div style=\"width: 1290px;\" class=\"wp-video\"><!--[if lt IE 9]><script>document.createElement('video');<\/script><![endif]--><br \/>\n<video class=\"wp-video-shortcode\" id=\"video-1060-1\" width=\"1290\" height=\"726\" loop autoplay preload=\"auto\" controls=\"controls\"><source type=\"video\/mp4\" src=\"http:\/\/cmykprinted.com\/wp-content\/uploads\/2023\/02\/Fitted-Table-Cover.mp4?_=1\" \/><a href=\"http:\/\/cmykprinted.com\/wp-content\/uploads\/2023\/02\/Fitted-Table-Cover.mp4\">http:\/\/cmykprinted.com\/wp-content\/uploads\/2023\/02\/Fitted-Table-Cover.mp4<\/a><\/video><\/div>","protected":false},"featured_media":1061,"template":"","meta":{"_kad_post_transparent":"default","_kad_post_title":"hide","_kad_post_layout":"fullwidth","_kad_post_sidebar_id":"","_kad_post_content_style":"unboxed","_kad_post_vertical_padding":"hide","_kad_post_feature":"hide","_kad_post_feature_position":"","_kad_post_header":false,"_kad_post_footer":false},"product_cat":[80,81,83],"product_tag":[157,307,308,185,265],"class_list":{"0":"post-1060","1":"product","2":"type-product","3":"status-publish","4":"has-post-thumbnail","6":"product_cat-custom-tablecloth","7":"product_cat-custom-stretch-tablecloth","8":"product_cat-fitted-table-cover","9":"product_tag-custom-table-cover","10":"product_tag-exhibit-table-cover","11":"product_tag-exhibit-table-tablecloth","12":"product_tag-fitted-table-cover","13":"product_tag-fitted-tablecloth","15":"first","16":"instock","17":"shipping-taxable","18":"product-type-simple","19":"entry","20":"content-bg","21":"loop-entry"},"_links":{"self":[{"href":"https:\/\/cmykprinted.com\/es\/wp-json\/wp\/v2\/product\/1060","targetHints":{"allow":["GET"]}}],"collection":[{"href":"https:\/\/cmykprinted.com\/es\/wp-json\/wp\/v2\/product"}],"about":[{"href":"https:\/\/cmykprinted.com\/es\/wp-json\/wp\/v2\/types\/product"}],"version-history":[{"count":1,"href":"https:\/\/cmykprinted.com\/es\/wp-json\/wp\/v2\/product\/1060\/revisions"}],"predecessor-version":[{"id":1068,"href":"https:\/\/cmykprinted.com\/es\/wp-json\/wp\/v2\/product\/1060\/revisions\/1068"}],"wp:featuredmedia":[{"embeddable":true,"href":"https:\/\/cmykprinted.com\/es\/wp-json\/wp\/v2\/media\/1061"}],"wp:attachment":[{"href":"https:\/\/cmykprinted.com\/es\/wp-json\/wp\/v2\/media?parent=1060"}],"wp:term":[{"taxonomy":"product_cat","embeddable":true,"href":"https:\/\/cmykprinted.com\/es\/wp-json\/wp\/v2\/product_cat?post=1060"},{"taxonomy":"product_tag","embeddable":true,"href":"https:\/\/cmykprinted.com\/es\/wp-json\/wp\/v2\/product_tag?post=1060"}],"curies":[{"name":"wp","href":"https:\/\/api.w.org\/{rel}","templated":true}]}}