{"id":1095,"date":"2023-02-13T15:30:16","date_gmt":"2023-02-13T15:30:16","guid":{"rendered":"https:\/\/cmykprinted.com\/?post_type=product&#038;p=1095"},"modified":"2023-02-13T15:34:49","modified_gmt":"2023-02-13T15:34:49","slug":"waterproof-custom-uv-3d-metal-transfer-stickers-labels","status":"publish","type":"product","link":"https:\/\/cmykprinted.com\/es\/producto\/waterproof-custom-uv-3d-metal-transfer-stickers-labels\/","title":{"rendered":"Etiquetas adhesivas de transferencia de metal 3D UV personalizadas a prueba de agua"},"content":{"rendered":"","protected":false},"excerpt":{"rendered":"<p>Las pegatinas de transferencia de metal 3D ofrecen una soluci\u00f3n de etiquetado \u00fanica y elegante, utilizando una l\u00e1mina de n\u00edquel fuerte para crear un efecto 3D. El exceso de material se recorta del dise\u00f1o, lo que da como resultado una apariencia elegante y sofisticada con un aspecto &quot;sin etiqueta&quot;. Perfectas para productos de primera calidad o comercio electr\u00f3nico, las pegatinas se producen imprimiendo el dise\u00f1o en l\u00e1mina de n\u00edquel mediante un proceso de impresi\u00f3n especializado. Despu\u00e9s de eliminar el exceso de material, los elementos elevados se cubren con una capa adhesiva, lo que los hace aptos para su aplicaci\u00f3n en diversas superficies, como pl\u00e1stico, metal y papel.<br \/>\nUno de los beneficios clave de estas pegatinas de transferencia de metal 3D es su durabilidad. Fabricados con n\u00edquel resistente a la corrosi\u00f3n, pueden resistir el desgaste y conservar su calidad a lo largo del tiempo. Adem\u00e1s, son resistentes a la decoloraci\u00f3n y la decoloraci\u00f3n, lo que garantiza una soluci\u00f3n de etiquetado duradera. El efecto 3D de estas pegatinas tambi\u00e9n agrega un toque atractivo y distintivo al empaque o marca de su producto.<\/p>\n<div style=\"width: 1280px;\" class=\"wp-video\"><!--[if lt IE 9]><script>document.createElement('video');<\/script><![endif]--><br \/>\n<video class=\"wp-video-shortcode\" id=\"video-1095-1\" width=\"1280\" height=\"720\" loop autoplay preload=\"metadata\" controls=\"controls\"><source type=\"video\/mp4\" src=\"http:\/\/cmykprinted.com\/wp-content\/uploads\/2022\/12\/Metal-Transfer-Sticker.mp4?_=1\" \/><a href=\"http:\/\/cmykprinted.com\/wp-content\/uploads\/2022\/12\/Metal-Transfer-Sticker.mp4\">http:\/\/cmykprinted.com\/wp-content\/uploads\/2022\/12\/Metal-Transfer-Sticker.mp4<\/a><\/video><\/div>\n<p>&nbsp;<\/p>","protected":false},"featured_media":1096,"template":"","meta":{"_kad_post_transparent":"default","_kad_post_title":"hide","_kad_post_layout":"fullwidth","_kad_post_sidebar_id":"","_kad_post_content_style":"unboxed","_kad_post_vertical_padding":"hide","_kad_post_feature":"hide","_kad_post_feature_position":"","_kad_post_header":false,"_kad_post_footer":false},"product_cat":[101,102],"product_tag":[299],"class_list":{"0":"post-1095","1":"product","2":"type-product","3":"status-publish","4":"has-post-thumbnail","6":"product_cat-transfer-stickers","7":"product_cat-metal-transfer-stickers","8":"product_tag-3d-metal-transfer-stickers","10":"first","11":"instock","12":"shipping-taxable","13":"product-type-simple","14":"entry","15":"content-bg","16":"loop-entry"},"_links":{"self":[{"href":"https:\/\/cmykprinted.com\/es\/wp-json\/wp\/v2\/product\/1095","targetHints":{"allow":["GET"]}}],"collection":[{"href":"https:\/\/cmykprinted.com\/es\/wp-json\/wp\/v2\/product"}],"about":[{"href":"https:\/\/cmykprinted.com\/es\/wp-json\/wp\/v2\/types\/product"}],"version-history":[{"count":2,"href":"https:\/\/cmykprinted.com\/es\/wp-json\/wp\/v2\/product\/1095\/revisions"}],"predecessor-version":[{"id":1103,"href":"https:\/\/cmykprinted.com\/es\/wp-json\/wp\/v2\/product\/1095\/revisions\/1103"}],"wp:featuredmedia":[{"embeddable":true,"href":"https:\/\/cmykprinted.com\/es\/wp-json\/wp\/v2\/media\/1096"}],"wp:attachment":[{"href":"https:\/\/cmykprinted.com\/es\/wp-json\/wp\/v2\/media?parent=1095"}],"wp:term":[{"taxonomy":"product_cat","embeddable":true,"href":"https:\/\/cmykprinted.com\/es\/wp-json\/wp\/v2\/product_cat?post=1095"},{"taxonomy":"product_tag","embeddable":true,"href":"https:\/\/cmykprinted.com\/es\/wp-json\/wp\/v2\/product_tag?post=1095"}],"curies":[{"name":"wp","href":"https:\/\/api.w.org\/{rel}","templated":true}]}}