{"id":1965,"date":"2024-03-27T04:06:25","date_gmt":"2024-03-27T04:06:25","guid":{"rendered":"https:\/\/cmykprinted.com\/?post_type=product&#038;p=1965"},"modified":"2024-03-27T07:33:30","modified_gmt":"2024-03-27T07:33:30","slug":"full-color-custom-printed-flags-with-sleeve","status":"publish","type":"product","link":"https:\/\/cmykprinted.com\/es\/producto\/banderas-impresas-personalizadas-a-todo-color-con-manga\/","title":{"rendered":"Banderas impresas personalizadas a todo color con funda"},"content":{"rendered":"","protected":false},"excerpt":{"rendered":"<p>Cantidad m\u00ednima de pedido: 1 unidad<\/p>\n<p>M\u00e9todo de impresi\u00f3n: Impresi\u00f3n por sublimaci\u00f3n de tinta o impresi\u00f3n digital<\/p>\n<p>Est\u00e1n disponibles impresiones por una o dos caras (el anverso y el reverso se imprimir\u00e1n con los mismos colores impresos).<\/p>\n<p>Servicio de dise\u00f1o gratuito y costo de muestra econ\u00f3mico con entrega r\u00e1pida.<\/p>\n<p>Muchas telas de diferentes calidades para elegir, como banderas de tela de poli\u00e9ster 100D, banderas de punto de 110 g, banderas de tela de sat\u00e9n de 120 g, banderas de tela de punto de 250 g<\/p>\n<p>Opci\u00f3n terminada: borde con dobladillo con ojales o funda para poste, colgador de pl\u00e1stico en forma de D.<\/p>\n<p>Banderas impresas personalizadas\/tama\u00f1o personalizado.<\/p>\n<p>&nbsp;<\/p>\n<p>&nbsp;<\/p>\n<p>&nbsp;<\/p>\n<p>&nbsp;<\/p>","protected":false},"featured_media":1974,"template":"","meta":{"_kad_post_transparent":"default","_kad_post_title":"hide","_kad_post_layout":"fullwidth","_kad_post_sidebar_id":"","_kad_post_content_style":"unboxed","_kad_post_vertical_padding":"hide","_kad_post_feature":"hide","_kad_post_feature_position":"","_kad_post_header":false,"_kad_post_footer":false},"product_cat":[79],"product_tag":[391,389,392,393,390],"class_list":{"0":"post-1965","1":"product","2":"type-product","3":"status-publish","4":"has-post-thumbnail","6":"product_cat-custom-flags","7":"product_tag-custom-flag-printing","8":"product_tag-custom-printed-flags","9":"product_tag-flag-printing","10":"product_tag-flag-printing-sailing-flags","11":"product_tag-full-color-printed-flag","13":"first","14":"instock","15":"shipping-taxable","16":"product-type-simple","17":"entry","18":"content-bg","19":"loop-entry"},"_links":{"self":[{"href":"https:\/\/cmykprinted.com\/es\/wp-json\/wp\/v2\/product\/1965","targetHints":{"allow":["GET"]}}],"collection":[{"href":"https:\/\/cmykprinted.com\/es\/wp-json\/wp\/v2\/product"}],"about":[{"href":"https:\/\/cmykprinted.com\/es\/wp-json\/wp\/v2\/types\/product"}],"version-history":[{"count":1,"href":"https:\/\/cmykprinted.com\/es\/wp-json\/wp\/v2\/product\/1965\/revisions"}],"predecessor-version":[{"id":1973,"href":"https:\/\/cmykprinted.com\/es\/wp-json\/wp\/v2\/product\/1965\/revisions\/1973"}],"wp:featuredmedia":[{"embeddable":true,"href":"https:\/\/cmykprinted.com\/es\/wp-json\/wp\/v2\/media\/1974"}],"wp:attachment":[{"href":"https:\/\/cmykprinted.com\/es\/wp-json\/wp\/v2\/media?parent=1965"}],"wp:term":[{"taxonomy":"product_cat","embeddable":true,"href":"https:\/\/cmykprinted.com\/es\/wp-json\/wp\/v2\/product_cat?post=1965"},{"taxonomy":"product_tag","embeddable":true,"href":"https:\/\/cmykprinted.com\/es\/wp-json\/wp\/v2\/product_tag?post=1965"}],"curies":[{"name":"wp","href":"https:\/\/api.w.org\/{rel}","templated":true}]}}