{"id":1975,"date":"2024-03-28T09:29:25","date_gmt":"2024-03-28T09:29:25","guid":{"rendered":"https:\/\/cmykprinted.com\/?post_type=product&#038;p=1975"},"modified":"2024-03-28T10:00:58","modified_gmt":"2024-03-28T10:00:58","slug":"best-custom-polyester-nylon-flags-for-indoor-and-outdoor","status":"publish","type":"product","link":"https:\/\/cmykprinted.com\/es\/producto\/mejores-banderas-de-poliester-nylon-personalizadas-para-interiores-y-exteriores\/","title":{"rendered":"Las mejores banderas de nailon de poli\u00e9ster personalizadas para interiores y exteriores"},"content":{"rendered":"","protected":false},"excerpt":{"rendered":"<p>Las banderas personalizadas sirven como un potente activo promocional, aprovechando tonos vibrantes y movimiento din\u00e1mico para cautivar la atenci\u00f3n y mejorar la visibilidad. Hay varias t\u00e9cnicas de impresi\u00f3n disponibles para la personalizaci\u00f3n, como la impresi\u00f3n digital (impresi\u00f3n al agua sobre nailon), serigraf\u00eda e impresi\u00f3n por sublimaci\u00f3n de tinta. En Golden Mouth Advertising Factory, optamos por la serigraf\u00eda o la impresi\u00f3n digital en nailon 200\/210D o poli\u00e9ster tejido, seleccionando el material y el m\u00e9todo de impresi\u00f3n seg\u00fan el presupuesto del cliente, las especificaciones del arte y los requisitos de cantidad de banderas. Si bien empleamos el m\u00e9todo de impresi\u00f3n por sublimaci\u00f3n, su limitada penetraci\u00f3n de la tinta lo hace m\u00e1s adecuado para tareas de impresi\u00f3n de telas alternativas, como fondos de pantalla y manteles personalizados. Para la bandera impresa personalizada, generalmente utilizamos impresi\u00f3n digital, de esta manera, el precio es el m\u00e1s barato.<\/p>\n<p>&nbsp;<\/p>\n<p>&nbsp;<\/p>\n<p>&nbsp;<\/p>\n<p>&nbsp;<\/p>\n<p>&nbsp;<\/p>\n<p>&nbsp;<\/p>","protected":false},"featured_media":1976,"template":"","meta":{"_kad_post_transparent":"default","_kad_post_title":"hide","_kad_post_layout":"fullwidth","_kad_post_sidebar_id":"","_kad_post_content_style":"unboxed","_kad_post_vertical_padding":"hide","_kad_post_feature":"hide","_kad_post_feature_position":"","_kad_post_header":false,"_kad_post_footer":false},"product_cat":[79],"product_tag":[394,389,397,396,399,395,398],"class_list":{"0":"post-1975","1":"product","2":"type-product","3":"status-publish","4":"has-post-thumbnail","6":"product_cat-custom-flags","7":"product_tag-custom-polyester-nylon-flags","8":"product_tag-custom-printed-flags","9":"product_tag-dye-sublimation-printing-flags","10":"product_tag-flags-printing","11":"product_tag-knitted-fabric-flags","12":"product_tag-nylon-flags","13":"product_tag-polyester-flags","15":"first","16":"instock","17":"shipping-taxable","18":"product-type-simple","19":"entry","20":"content-bg","21":"loop-entry"},"_links":{"self":[{"href":"https:\/\/cmykprinted.com\/es\/wp-json\/wp\/v2\/product\/1975","targetHints":{"allow":["GET"]}}],"collection":[{"href":"https:\/\/cmykprinted.com\/es\/wp-json\/wp\/v2\/product"}],"about":[{"href":"https:\/\/cmykprinted.com\/es\/wp-json\/wp\/v2\/types\/product"}],"version-history":[{"count":1,"href":"https:\/\/cmykprinted.com\/es\/wp-json\/wp\/v2\/product\/1975\/revisions"}],"predecessor-version":[{"id":1983,"href":"https:\/\/cmykprinted.com\/es\/wp-json\/wp\/v2\/product\/1975\/revisions\/1983"}],"wp:featuredmedia":[{"embeddable":true,"href":"https:\/\/cmykprinted.com\/es\/wp-json\/wp\/v2\/media\/1976"}],"wp:attachment":[{"href":"https:\/\/cmykprinted.com\/es\/wp-json\/wp\/v2\/media?parent=1975"}],"wp:term":[{"taxonomy":"product_cat","embeddable":true,"href":"https:\/\/cmykprinted.com\/es\/wp-json\/wp\/v2\/product_cat?post=1975"},{"taxonomy":"product_tag","embeddable":true,"href":"https:\/\/cmykprinted.com\/es\/wp-json\/wp\/v2\/product_tag?post=1975"}],"curies":[{"name":"wp","href":"https:\/\/api.w.org\/{rel}","templated":true}]}}