{"id":1994,"date":"2024-04-07T09:49:47","date_gmt":"2024-04-07T09:49:47","guid":{"rendered":"https:\/\/cmykprinted.com\/?post_type=product&#038;p=1994"},"modified":"2024-04-07T10:12:36","modified_gmt":"2024-04-07T10:12:36","slug":"12oz-double-sided-printed-fabric-banners","status":"publish","type":"product","link":"https:\/\/cmykprinted.com\/es\/producto\/12oz-doble-cara-impreso-banderas-de-tela\/","title":{"rendered":"Pancartas de tela impresas a doble cara de 12 oz"},"content":{"rendered":"","protected":false},"excerpt":{"rendered":"<p>Nuestra f\u00e1brica puede imprimir en tela de una capa de doble cara sin tela de sombra plateada media. Por lo tanto, la doble cara de la tela tendr\u00e1 los mismos colores impresos.<\/p>\n<p>Los materiales que podemos elegir son tejido de punto de poli\u00e9ster de 3,9 oz o 12 oz de espesor para elegir.<\/p>\n<p>El m\u00e9todo de impresi\u00f3n que podemos hacer es la impresi\u00f3n digital en ambos lados de la tela. Los pendones de tela impresos a doble cara ser\u00e1n impermeables y lavables.<\/p>\n<p>No hay limitaci\u00f3n de tama\u00f1o, los carteles de gran tama\u00f1o se coser\u00e1n juntos.<\/p>\n<p>Para la opci\u00f3n terminada, podemos hacer dobladillos y ojales, o ojales o mangas para poste, podemos cumplir con cualquier requisito personalizado.<\/p>\n<p>\u00bfPor qu\u00e9 le sugerimos que utilice una pancarta\/bandera de tela de una capa? El peso ser\u00e1 liviano y f\u00e1cil de volar en el aire. Y su costo tambi\u00e9n es m\u00e1s econ\u00f3mico que los pancartas de tela de doble cara de 3 capas.<\/p>\n<p>Podemos proporcionar una respuesta r\u00e1pida.<\/p>\n<p>&nbsp;<\/p>\n<p>&nbsp;<\/p>\n<p>&nbsp;<\/p>\n<p>&nbsp;<\/p>\n<p>&nbsp;<\/p>","protected":false},"featured_media":1995,"template":"","meta":{"_kad_post_transparent":"default","_kad_post_title":"hide","_kad_post_layout":"fullwidth","_kad_post_sidebar_id":"","_kad_post_content_style":"unboxed","_kad_post_vertical_padding":"hide","_kad_post_feature":"hide","_kad_post_feature_position":"","_kad_post_header":false,"_kad_post_footer":false},"product_cat":[79],"product_tag":[409,405,407,408,406],"class_list":{"0":"post-1994","1":"product","2":"type-product","3":"status-publish","4":"has-post-thumbnail","6":"product_cat-custom-flags","7":"product_tag-12-oz-fabric-banners","8":"product_tag-double-sided-fabric-banners","9":"product_tag-double-sided-printed-fabric-banners","10":"product_tag-fabric-banners","11":"product_tag-printed-fabric-banners","13":"first","14":"instock","15":"shipping-taxable","16":"product-type-simple","17":"entry","18":"content-bg","19":"loop-entry"},"_links":{"self":[{"href":"https:\/\/cmykprinted.com\/es\/wp-json\/wp\/v2\/product\/1994","targetHints":{"allow":["GET"]}}],"collection":[{"href":"https:\/\/cmykprinted.com\/es\/wp-json\/wp\/v2\/product"}],"about":[{"href":"https:\/\/cmykprinted.com\/es\/wp-json\/wp\/v2\/types\/product"}],"version-history":[{"count":1,"href":"https:\/\/cmykprinted.com\/es\/wp-json\/wp\/v2\/product\/1994\/revisions"}],"predecessor-version":[{"id":2001,"href":"https:\/\/cmykprinted.com\/es\/wp-json\/wp\/v2\/product\/1994\/revisions\/2001"}],"wp:featuredmedia":[{"embeddable":true,"href":"https:\/\/cmykprinted.com\/es\/wp-json\/wp\/v2\/media\/1995"}],"wp:attachment":[{"href":"https:\/\/cmykprinted.com\/es\/wp-json\/wp\/v2\/media?parent=1994"}],"wp:term":[{"taxonomy":"product_cat","embeddable":true,"href":"https:\/\/cmykprinted.com\/es\/wp-json\/wp\/v2\/product_cat?post=1994"},{"taxonomy":"product_tag","embeddable":true,"href":"https:\/\/cmykprinted.com\/es\/wp-json\/wp\/v2\/product_tag?post=1994"}],"curies":[{"name":"wp","href":"https:\/\/api.w.org\/{rel}","templated":true}]}}