{"id":2081,"date":"2024-05-06T02:31:18","date_gmt":"2024-05-06T02:31:18","guid":{"rendered":"https:\/\/cmykprinted.com\/?post_type=product&#038;p=2081"},"modified":"2024-05-06T04:04:21","modified_gmt":"2024-05-06T04:04:21","slug":"gold-metallic-3d-transfer-stickers","status":"publish","type":"product","link":"https:\/\/cmykprinted.com\/es\/producto\/pegatinas-de-transferencia-3d-metalicas-doradas\/","title":{"rendered":"Pegatinas de transferencia 3d met\u00e1licas doradas"},"content":{"rendered":"","protected":false},"excerpt":{"rendered":"<p>Nuestra f\u00e1brica puede fabricar dos tipos de pegatinas de transferencia doradas, pegatinas de transferencia UV doradas y etiquetas de transferencia met\u00e1licas doradas. A partir de la siguiente caracter\u00edstica de dos tipos de etiquetas de transferencia, sabr\u00e1 la diferencia:<\/p>\n<p><strong>Etiqueta de transferencia UV dorada:<\/strong><\/p>\n<ul>\n<li style=\"text-align: left;\">La TINTA es de color dorado, por lo que el color dorado impreso parece un color dorado met\u00e1lico, pero no es met\u00e1lico.<\/li>\n<li>El tama\u00f1o m\u00e1s grande que podemos imprimir es A4 (28*30 CM)<\/li>\n<li>Resistente al agua y a los ara\u00f1azos<\/li>\n<li>Aplicaci\u00f3n: pl\u00e1stico, madera, metal, superficie de la caja del paquete, como frasco, botella, taza, tapa segura, producto electr\u00f3nico, etc., siempre que la superficie sea lisa y limpia, nuestras pegatinas de transferencia ultravioleta pueden funcionar en ella.<\/li>\n<li>Entrega r\u00e1pida: producci\u00f3n a granel de 2 a 3 d\u00edas y una semana a todo el mundo con servicio puerta a puerta de DHL, Fedex o Ups.<\/li>\n<\/ul>\n<div style=\"width: 368px;\" class=\"wp-video\"><!--[if lt IE 9]><script>document.createElement('video');<\/script><![endif]--><br \/>\n<video class=\"wp-video-shortcode\" id=\"video-2081-1\" width=\"368\" height=\"640\" preload=\"metadata\" controls=\"controls\"><source type=\"video\/mp4\" src=\"https:\/\/cmykprinted.com\/wp-content\/uploads\/2024\/05\/gold-uv-transfer-decals.mp4?_=1\" \/><a href=\"https:\/\/cmykprinted.com\/wp-content\/uploads\/2024\/05\/gold-uv-transfer-decals.mp4\">https:\/\/cmykprinted.com\/wp-content\/uploads\/2024\/05\/gold-uv-transfer-decals.mp4<\/a><\/video><\/div>\n<p><strong>Etiqueta de transferencia met\u00e1lica dorada<\/strong><\/p>\n<ul>\n<li>El material es metal de n\u00edquel real.<\/li>\n<li>El espesor del logotipo terminado: 0,1 mm.<\/li>\n<li>El tama\u00f1o m\u00e1s grande que podemos hacer es 17*30 cm (pedido m\u00ednimo: 1 PCS)<\/li>\n<li>Las pegatinas de transferencia de metal son m\u00e1s tridimensionales (3d) y tienen un brillo met\u00e1lico en comparaci\u00f3n con las pegatinas de transferencia UV doradas, lo que hace que su marca luzca m\u00e1s sofisticada.<\/li>\n<li>Entrega r\u00e1pida: producci\u00f3n a granel de 2 a 3 d\u00edas y una semana a todo el mundo con servicio puerta a puerta de DHL, Fedex o Ups.<\/li>\n<li>Impresi\u00f3n de ilustraciones: archivo vectorial con PDF o EPS, AI<\/li>\n<\/ul>\n<div style=\"width: 480px;\" class=\"wp-video\"><video class=\"wp-video-shortcode\" id=\"video-2081-2\" width=\"480\" height=\"480\" preload=\"metadata\" controls=\"controls\"><source type=\"video\/mp4\" src=\"https:\/\/cmykprinted.com\/wp-content\/uploads\/2024\/05\/Gold-Metallic-Transfer-Stickers.mp4?_=2\" \/><a href=\"https:\/\/cmykprinted.com\/wp-content\/uploads\/2024\/05\/Gold-Metallic-Transfer-Stickers.mp4\">https:\/\/cmykprinted.com\/wp-content\/uploads\/2024\/05\/Gold-Metallic-Transfer-Stickers.mp4<\/a><\/video><\/div>\n<p>&nbsp;<\/p>\n<p>&nbsp;<\/p>","protected":false},"featured_media":2082,"template":"","meta":{"_kad_post_transparent":"default","_kad_post_title":"hide","_kad_post_layout":"fullwidth","_kad_post_sidebar_id":"","_kad_post_content_style":"unboxed","_kad_post_vertical_padding":"hide","_kad_post_feature":"hide","_kad_post_feature_position":"","_kad_post_header":false,"_kad_post_footer":false},"product_cat":[101,102],"product_tag":[141,445,446,444,447,437,448],"class_list":{"0":"post-2081","1":"product","2":"type-product","3":"status-publish","4":"has-post-thumbnail","6":"product_cat-transfer-stickers","7":"product_cat-metal-transfer-stickers","8":"product_tag-custom-uv-transfer-stickers","9":"product_tag-gold-metallic-transfer-stickers","10":"product_tag-gold-uv-transfer-label","11":"product_tag-metallic-3d-transfer-stickers","12":"product_tag-metallic-transfer-stickers","13":"product_tag-silver-metallic-transfer-label","14":"product_tag-uv-transfer-label","16":"first","17":"instock","18":"shipping-taxable","19":"product-type-simple","20":"entry","21":"content-bg","22":"loop-entry"},"_links":{"self":[{"href":"https:\/\/cmykprinted.com\/es\/wp-json\/wp\/v2\/product\/2081","targetHints":{"allow":["GET"]}}],"collection":[{"href":"https:\/\/cmykprinted.com\/es\/wp-json\/wp\/v2\/product"}],"about":[{"href":"https:\/\/cmykprinted.com\/es\/wp-json\/wp\/v2\/types\/product"}],"version-history":[{"count":2,"href":"https:\/\/cmykprinted.com\/es\/wp-json\/wp\/v2\/product\/2081\/revisions"}],"predecessor-version":[{"id":2089,"href":"https:\/\/cmykprinted.com\/es\/wp-json\/wp\/v2\/product\/2081\/revisions\/2089"}],"wp:featuredmedia":[{"embeddable":true,"href":"https:\/\/cmykprinted.com\/es\/wp-json\/wp\/v2\/media\/2082"}],"wp:attachment":[{"href":"https:\/\/cmykprinted.com\/es\/wp-json\/wp\/v2\/media?parent=2081"}],"wp:term":[{"taxonomy":"product_cat","embeddable":true,"href":"https:\/\/cmykprinted.com\/es\/wp-json\/wp\/v2\/product_cat?post=2081"},{"taxonomy":"product_tag","embeddable":true,"href":"https:\/\/cmykprinted.com\/es\/wp-json\/wp\/v2\/product_tag?post=2081"}],"curies":[{"name":"wp","href":"https:\/\/api.w.org\/{rel}","templated":true}]}}