{"id":2098,"date":"2024-05-09T08:52:07","date_gmt":"2024-05-09T08:52:07","guid":{"rendered":"https:\/\/cmykprinted.com\/?post_type=product&#038;p=2098"},"modified":"2024-05-09T09:36:29","modified_gmt":"2024-05-09T09:36:29","slug":"custom-metallic-3d-transfer-label-decal-stickers","status":"publish","type":"product","link":"https:\/\/cmykprinted.com\/es\/producto\/custom-metallic-3d-transfer-label-decal-stickers\/","title":{"rendered":"Etiquetas adhesivas de transferencia 3D met\u00e1licas personalizadas"},"content":{"rendered":"","protected":false},"excerpt":{"rendered":"<h1><strong>Etiquetas adhesivas de transferencia 3D met\u00e1licas personalizadas <\/strong><\/h1>\n<ul>\n<li>Pedido de muestra: 1 hoja (17*30 cm), si el tama\u00f1o de su logotipo o gr\u00e1fico es peque\u00f1o, podemos poner muchas piezas en una hoja<\/li>\n<li>Aplicaciones: Nuestras etiquetas met\u00e1licas personalizadas encuentran aplicaci\u00f3n en una variedad de sectores, incluidos perfumer\u00eda, elaboraci\u00f3n de vino, recipientes para velas, botellas de vidrio y varios otros tipos de botellas. Tambi\u00e9n se utilizan en fundas de tel\u00e9fonos m\u00f3viles, electrodom\u00e9sticos, dispositivos electr\u00f3nicos, cajas de regalo, autom\u00f3viles, maquinaria y muchas otras industrias.<\/li>\n<li>Entrega r\u00e1pida: plazo de entrega de la muestra: 3-4 d\u00edas y una semana a todo el mundo con servicio puerta a puerta de DHL, Fedex o UPS<\/li>\n<li>El precio de f\u00e1brica m\u00e1s barato para etiquetas de transferencia met\u00e1lica personalizadas<\/li>\n<li>Tenemos diferentes adhesivos para hacer que la pegatina de transferencia se adhiera a diferentes superficies de materiales. Por lo tanto, debe informarnos o mostrarnos su producto para que podamos saber qu\u00e9 tipo de adhesivo debemos usar. No todas las superficies pueden funcionar con nuestro adhesivo fuerte. Por ejemplo, la prueba siguiente fall\u00f3 con nuestro fuerte adhesivo 3M.<strong> Por tanto, es fundamental seleccionar una f\u00e1brica suficientemente profesional para cooperar; de lo contrario, ser\u00eda una p\u00e9rdida de su valioso tiempo y dinero.<\/strong><br \/>\n<figure id=\"attachment_2099\" aria-describedby=\"caption-attachment-2099\" style=\"width: 1280px\" class=\"wp-caption alignnone\"><img fetchpriority=\"high\" decoding=\"async\" class=\"size-full wp-image-2099\" src=\"https:\/\/cmykprinted.com\/wp-content\/uploads\/2024\/05\/custom-metallic-transfer-sticker.jpg\" alt=\"Pegatinas de transferencia met\u00e1licas personalizadas\" width=\"1280\" height=\"1707\" srcset=\"https:\/\/cmykprinted.com\/wp-content\/uploads\/2024\/05\/custom-metallic-transfer-sticker.jpg 1280w, https:\/\/cmykprinted.com\/wp-content\/uploads\/2024\/05\/custom-metallic-transfer-sticker-225x300.jpg 225w, https:\/\/cmykprinted.com\/wp-content\/uploads\/2024\/05\/custom-metallic-transfer-sticker-768x1024.jpg 768w, https:\/\/cmykprinted.com\/wp-content\/uploads\/2024\/05\/custom-metallic-transfer-sticker-1152x1536.jpg 1152w, https:\/\/cmykprinted.com\/wp-content\/uploads\/2024\/05\/custom-metallic-transfer-sticker-9x12.jpg 9w, https:\/\/cmykprinted.com\/wp-content\/uploads\/2024\/05\/custom-metallic-transfer-sticker-600x800.jpg 600w\" sizes=\"(max-width: 1280px) 100vw, 1280px\" \/><figcaption id=\"caption-attachment-2099\" class=\"wp-caption-text\">Pegatinas de transferencia met\u00e1licas personalizadas<\/figcaption><\/figure>\n<\/li>\n<\/ul>\n<h2><strong>Para mostrarle c\u00f3mo transferir la etiqueta adhesiva de su logotipo a su producto, aseg\u00farese de mirar pacientemente el video instructivo a continuaci\u00f3n:<\/strong><\/h2>\n<div style=\"width: 720px;\" class=\"wp-video\"><!--[if lt IE 9]><script>document.createElement('video');<\/script><![endif]--><br \/>\n<video class=\"wp-video-shortcode\" id=\"video-2098-1\" width=\"720\" height=\"720\" preload=\"metadata\" controls=\"controls\"><source type=\"video\/mp4\" src=\"https:\/\/cmykprinted.com\/wp-content\/uploads\/2024\/05\/how-to-peel-of-the-transfer-label.mp4?_=1\" \/><a href=\"https:\/\/cmykprinted.com\/wp-content\/uploads\/2024\/05\/how-to-peel-of-the-transfer-label.mp4\">https:\/\/cmykprinted.com\/wp-content\/uploads\/2024\/05\/how-to-peel-of-the-transfer-label.mp4<\/a><\/video><\/div>\n<p>&nbsp;<\/p>\n<p>&nbsp;<\/p>","protected":false},"featured_media":2101,"template":"","meta":{"_kad_post_transparent":"default","_kad_post_title":"hide","_kad_post_layout":"fullwidth","_kad_post_sidebar_id":"","_kad_post_content_style":"unboxed","_kad_post_vertical_padding":"hide","_kad_post_feature":"hide","_kad_post_feature_position":"","_kad_post_header":false,"_kad_post_footer":false},"product_cat":[101,102],"product_tag":[460,455,457,459,458,456],"class_list":{"0":"post-2098","1":"product","2":"type-product","3":"status-publish","4":"has-post-thumbnail","6":"product_cat-transfer-stickers","7":"product_cat-metal-transfer-stickers","8":"product_tag-custom-gold-transfer-label-for-bottle","9":"product_tag-custom-metallic-3d-transfer-labels","10":"product_tag-custom-metallic-transfer-decal","11":"product_tag-custom-transfer-sticker-for-wine","12":"product_tag-custom-transfer-stickers-for-perfumes","13":"product_tag-metallic-3d-transfer-label","15":"first","16":"instock","17":"shipping-taxable","18":"product-type-simple","19":"entry","20":"content-bg","21":"loop-entry"},"_links":{"self":[{"href":"https:\/\/cmykprinted.com\/es\/wp-json\/wp\/v2\/product\/2098","targetHints":{"allow":["GET"]}}],"collection":[{"href":"https:\/\/cmykprinted.com\/es\/wp-json\/wp\/v2\/product"}],"about":[{"href":"https:\/\/cmykprinted.com\/es\/wp-json\/wp\/v2\/types\/product"}],"version-history":[{"count":1,"href":"https:\/\/cmykprinted.com\/es\/wp-json\/wp\/v2\/product\/2098\/revisions"}],"predecessor-version":[{"id":2107,"href":"https:\/\/cmykprinted.com\/es\/wp-json\/wp\/v2\/product\/2098\/revisions\/2107"}],"wp:featuredmedia":[{"embeddable":true,"href":"https:\/\/cmykprinted.com\/es\/wp-json\/wp\/v2\/media\/2101"}],"wp:attachment":[{"href":"https:\/\/cmykprinted.com\/es\/wp-json\/wp\/v2\/media?parent=2098"}],"wp:term":[{"taxonomy":"product_cat","embeddable":true,"href":"https:\/\/cmykprinted.com\/es\/wp-json\/wp\/v2\/product_cat?post=2098"},{"taxonomy":"product_tag","embeddable":true,"href":"https:\/\/cmykprinted.com\/es\/wp-json\/wp\/v2\/product_tag?post=2098"}],"curies":[{"name":"wp","href":"https:\/\/api.w.org\/{rel}","templated":true}]}}